{"id":9009,"date":"2013-08-24T13:41:11","date_gmt":"2013-08-24T17:41:11","guid":{"rendered":"http:\/\/celebrateurbanbirds.org\/?page_id=9009"},"modified":"2016-11-17T15:40:46","modified_gmt":"2016-11-17T20:40:46","slug":"preguntas-frecuentes-faq-acerca-de-nuestro-proximo-taller-para-jovenes-carreras-profesionales-conservacion-y-naturaleza","status":"publish","type":"page","link":"https:\/\/test.celebrateurbanbirds.org\/es\/explora\/preguntas-frecuentes-faq-acerca-de-nuestro-proximo-taller-para-jovenes-carreras-profesionales-conservacion-y-naturaleza\/","title":{"rendered":"Preguntas frecuentes (FAQ) acerca de nuestro pr\u00f3ximo taller para j\u00f3venes"},"content":{"rendered":"<p>Las becas cubrir\u00e1n los gastos de viaje, alojamiento, y el costo del taller en el Laboratorio de Ornitolog\u00eda de la Universidad de Cornell, entre el 29 y 30 de junio de 2015. Estamos buscando j\u00f3venes destacados en sus comunidades, que tengan entre 12 y 19 a\u00f1os, y est\u00e9n interesados en aprender m\u00e1s acerca de carreras cient\u00edficas y conservaci\u00f3n.<\/p>\n<p>El taller se enfocar\u00e1 en carreras en las ciencias, conservaci\u00f3n y aves y su medio ambiente, y en c\u00f3mo los j\u00f3venes pueden tener un impacto positivo en su comunidad. Adem\u00e1s, los participantes aprender\u00e1n sobre la Universidad de Cornell, disfrutar\u00e1n de su comida, y aprender\u00e1n sobre los caminos hacia la educaci\u00f3n superior. Personal de siete departamentos del laboratorio compartir\u00e1n su tiempo y experiencia con los estudiantes.<\/p>\n<p>Aqu\u00ed abajo tambi\u00e9n encontrar\u00e1s respuestas a otras preguntas que recibimos con frecuencia acerca de nuestros talleres para j\u00f3venes. Nuestro pr\u00f3ximo taller se llevar\u00e1 a efecto en el Laboratorio de Ornitolog\u00eda de la Universidad de Cornell entre el 29 y 30 de junio de 2015.<\/p>\n","protected":false},"excerpt":{"rendered":"<p>Learn more now<\/p>\n","protected":false},"author":4,"featured_media":18320,"parent":81,"menu_order":5,"comment_status":"open","ping_status":"open","template":"page-faq.php","meta":{"_acf_changed":false,"footnotes":""},"class_list":["post-9009","page","type-page","status-publish","has-post-thumbnail","hentry"],"acf":[],"yoast_head":"<!-- This site is optimized with the Yoast SEO plugin v24.0 - https:\/\/yoast.com\/wordpress\/plugins\/seo\/ -->\n<title>Preguntas frecuentes (FAQ) acerca de nuestro pr\u00f3ximo taller para j\u00f3venes | Celebrate Urban Birds<\/title>\n<meta name=\"robots\" content=\"index, follow, max-snippet:-1, max-image-preview:large, max-video-preview:-1\" \/>\n<link rel=\"canonical\" href=\"https:\/\/test.celebrateurbanbirds.org\/es\/explora\/preguntas-frecuentes-faq-acerca-de-nuestro-proximo-taller-para-jovenes-carreras-profesionales-conservacion-y-naturaleza\/\" \/>\n<meta property=\"og:locale\" content=\"es_ES\" \/>\n<meta property=\"og:type\" content=\"article\" \/>\n<meta property=\"og:title\" content=\"Preguntas frecuentes (FAQ) acerca de nuestro pr\u00f3ximo taller para j\u00f3venes | Celebrate Urban Birds\" \/>\n<meta property=\"og:description\" content=\"Learn more now\" \/>\n<meta property=\"og:url\" content=\"https:\/\/test.celebrateurbanbirds.org\/es\/explora\/preguntas-frecuentes-faq-acerca-de-nuestro-proximo-taller-para-jovenes-carreras-profesionales-conservacion-y-naturaleza\/\" \/>\n<meta property=\"og:site_name\" content=\"Celebrate Urban Birds\" \/>\n<meta property=\"article:publisher\" content=\"https:\/\/www.facebook.com\/CelebrateBirds\/\" \/>\n<meta property=\"article:modified_time\" content=\"2016-11-17T20:40:46+00:00\" \/>\n<meta property=\"og:image\" content=\"https:\/\/test.celebrateurbanbirds.org\/wp-content\/uploads\/2013\/08\/LF_6508.jpg\" \/>\n\t<meta property=\"og:image:width\" content=\"1800\" \/>\n\t<meta property=\"og:image:height\" content=\"1200\" \/>\n\t<meta property=\"og:image:type\" content=\"image\/jpeg\" \/>\n<meta name=\"twitter:card\" content=\"summary_large_image\" \/>\n<meta name=\"twitter:site\" content=\"@celebratebirds\" \/>\n<meta name=\"twitter:label1\" content=\"Est. reading time\" \/>\n\t<meta name=\"twitter:data1\" content=\"1 minute\" \/>\n<script type=\"application\/ld+json\" class=\"yoast-schema-graph\">{\"@context\":\"https:\/\/schema.org\",\"@graph\":[{\"@type\":\"WebPage\",\"@id\":\"https:\/\/test.celebrateurbanbirds.org\/es\/explora\/preguntas-frecuentes-faq-acerca-de-nuestro-proximo-taller-para-jovenes-carreras-profesionales-conservacion-y-naturaleza\/\",\"url\":\"https:\/\/test.celebrateurbanbirds.org\/es\/explora\/preguntas-frecuentes-faq-acerca-de-nuestro-proximo-taller-para-jovenes-carreras-profesionales-conservacion-y-naturaleza\/\",\"name\":\"Preguntas frecuentes (FAQ) acerca de nuestro pr\u00f3ximo taller para j\u00f3venes | Celebrate Urban Birds\",\"isPartOf\":{\"@id\":\"https:\/\/test.celebrateurbanbirds.org\/#website\"},\"primaryImageOfPage\":{\"@id\":\"https:\/\/test.celebrateurbanbirds.org\/es\/explora\/preguntas-frecuentes-faq-acerca-de-nuestro-proximo-taller-para-jovenes-carreras-profesionales-conservacion-y-naturaleza\/#primaryimage\"},\"image\":{\"@id\":\"https:\/\/test.celebrateurbanbirds.org\/es\/explora\/preguntas-frecuentes-faq-acerca-de-nuestro-proximo-taller-para-jovenes-carreras-profesionales-conservacion-y-naturaleza\/#primaryimage\"},\"thumbnailUrl\":\"https:\/\/test.celebrateurbanbirds.org\/wp-content\/uploads\/2013\/08\/LF_6508.jpg\",\"datePublished\":\"2013-08-24T17:41:11+00:00\",\"dateModified\":\"2016-11-17T20:40:46+00:00\",\"breadcrumb\":{\"@id\":\"https:\/\/test.celebrateurbanbirds.org\/es\/explora\/preguntas-frecuentes-faq-acerca-de-nuestro-proximo-taller-para-jovenes-carreras-profesionales-conservacion-y-naturaleza\/#breadcrumb\"},\"inLanguage\":\"es-ES\",\"potentialAction\":[{\"@type\":\"ReadAction\",\"target\":[\"https:\/\/test.celebrateurbanbirds.org\/es\/explora\/preguntas-frecuentes-faq-acerca-de-nuestro-proximo-taller-para-jovenes-carreras-profesionales-conservacion-y-naturaleza\/\"]}]},{\"@type\":\"ImageObject\",\"inLanguage\":\"es-ES\",\"@id\":\"https:\/\/test.celebrateurbanbirds.org\/es\/explora\/preguntas-frecuentes-faq-acerca-de-nuestro-proximo-taller-para-jovenes-carreras-profesionales-conservacion-y-naturaleza\/#primaryimage\",\"url\":\"https:\/\/test.celebrateurbanbirds.org\/wp-content\/uploads\/2013\/08\/LF_6508.jpg\",\"contentUrl\":\"https:\/\/test.celebrateurbanbirds.org\/wp-content\/uploads\/2013\/08\/LF_6508.jpg\",\"width\":1800,\"height\":1200,\"caption\":\"Birds, Careers and Conservation youth workshop August 9-10, 2016 at Cornell Lab of Ornithology, Ithaca, NY. #bcccornell16\"},{\"@type\":\"BreadcrumbList\",\"@id\":\"https:\/\/test.celebrateurbanbirds.org\/es\/explora\/preguntas-frecuentes-faq-acerca-de-nuestro-proximo-taller-para-jovenes-carreras-profesionales-conservacion-y-naturaleza\/#breadcrumb\",\"itemListElement\":[{\"@type\":\"ListItem\",\"position\":1,\"name\":\"Home\",\"item\":\"https:\/\/test.celebrateurbanbirds.org\/\"},{\"@type\":\"ListItem\",\"position\":2,\"name\":\"Recursos\",\"item\":\"https:\/\/test.celebrateurbanbirds.org\/es\/explora\/\"},{\"@type\":\"ListItem\",\"position\":3,\"name\":\"Preguntas frecuentes (FAQ) acerca de nuestro pr\u00f3ximo taller para j\u00f3venes\"}]},{\"@type\":\"WebSite\",\"@id\":\"https:\/\/test.celebrateurbanbirds.org\/#website\",\"url\":\"https:\/\/test.celebrateurbanbirds.org\/\",\"name\":\"Celebrate Urban Birds\",\"description\":\"We&#039;re All Close To Birds!\",\"potentialAction\":[{\"@type\":\"SearchAction\",\"target\":{\"@type\":\"EntryPoint\",\"urlTemplate\":\"https:\/\/test.celebrateurbanbirds.org\/?s={search_term_string}\"},\"query-input\":{\"@type\":\"PropertyValueSpecification\",\"valueRequired\":true,\"valueName\":\"search_term_string\"}}],\"inLanguage\":\"es-ES\"}]}<\/script>\n<!-- \/ Yoast SEO plugin. -->","yoast_head_json":{"title":"Preguntas frecuentes (FAQ) acerca de nuestro pr\u00f3ximo taller para j\u00f3venes | Celebrate Urban Birds","robots":{"index":"index","follow":"follow","max-snippet":"max-snippet:-1","max-image-preview":"max-image-preview:large","max-video-preview":"max-video-preview:-1"},"canonical":"https:\/\/test.celebrateurbanbirds.org\/es\/explora\/preguntas-frecuentes-faq-acerca-de-nuestro-proximo-taller-para-jovenes-carreras-profesionales-conservacion-y-naturaleza\/","og_locale":"es_ES","og_type":"article","og_title":"Preguntas frecuentes (FAQ) acerca de nuestro pr\u00f3ximo taller para j\u00f3venes | Celebrate Urban Birds","og_description":"Learn more now","og_url":"https:\/\/test.celebrateurbanbirds.org\/es\/explora\/preguntas-frecuentes-faq-acerca-de-nuestro-proximo-taller-para-jovenes-carreras-profesionales-conservacion-y-naturaleza\/","og_site_name":"Celebrate Urban Birds","article_publisher":"https:\/\/www.facebook.com\/CelebrateBirds\/","article_modified_time":"2016-11-17T20:40:46+00:00","og_image":[{"width":1800,"height":1200,"url":"https:\/\/test.celebrateurbanbirds.org\/wp-content\/uploads\/2013\/08\/LF_6508.jpg","type":"image\/jpeg"}],"twitter_card":"summary_large_image","twitter_site":"@celebratebirds","twitter_misc":{"Est. reading time":"1 minute"},"schema":{"@context":"https:\/\/schema.org","@graph":[{"@type":"WebPage","@id":"https:\/\/test.celebrateurbanbirds.org\/es\/explora\/preguntas-frecuentes-faq-acerca-de-nuestro-proximo-taller-para-jovenes-carreras-profesionales-conservacion-y-naturaleza\/","url":"https:\/\/test.celebrateurbanbirds.org\/es\/explora\/preguntas-frecuentes-faq-acerca-de-nuestro-proximo-taller-para-jovenes-carreras-profesionales-conservacion-y-naturaleza\/","name":"Preguntas frecuentes (FAQ) acerca de nuestro pr\u00f3ximo taller para j\u00f3venes | Celebrate Urban Birds","isPartOf":{"@id":"https:\/\/test.celebrateurbanbirds.org\/#website"},"primaryImageOfPage":{"@id":"https:\/\/test.celebrateurbanbirds.org\/es\/explora\/preguntas-frecuentes-faq-acerca-de-nuestro-proximo-taller-para-jovenes-carreras-profesionales-conservacion-y-naturaleza\/#primaryimage"},"image":{"@id":"https:\/\/test.celebrateurbanbirds.org\/es\/explora\/preguntas-frecuentes-faq-acerca-de-nuestro-proximo-taller-para-jovenes-carreras-profesionales-conservacion-y-naturaleza\/#primaryimage"},"thumbnailUrl":"https:\/\/test.celebrateurbanbirds.org\/wp-content\/uploads\/2013\/08\/LF_6508.jpg","datePublished":"2013-08-24T17:41:11+00:00","dateModified":"2016-11-17T20:40:46+00:00","breadcrumb":{"@id":"https:\/\/test.celebrateurbanbirds.org\/es\/explora\/preguntas-frecuentes-faq-acerca-de-nuestro-proximo-taller-para-jovenes-carreras-profesionales-conservacion-y-naturaleza\/#breadcrumb"},"inLanguage":"es-ES","potentialAction":[{"@type":"ReadAction","target":["https:\/\/test.celebrateurbanbirds.org\/es\/explora\/preguntas-frecuentes-faq-acerca-de-nuestro-proximo-taller-para-jovenes-carreras-profesionales-conservacion-y-naturaleza\/"]}]},{"@type":"ImageObject","inLanguage":"es-ES","@id":"https:\/\/test.celebrateurbanbirds.org\/es\/explora\/preguntas-frecuentes-faq-acerca-de-nuestro-proximo-taller-para-jovenes-carreras-profesionales-conservacion-y-naturaleza\/#primaryimage","url":"https:\/\/test.celebrateurbanbirds.org\/wp-content\/uploads\/2013\/08\/LF_6508.jpg","contentUrl":"https:\/\/test.celebrateurbanbirds.org\/wp-content\/uploads\/2013\/08\/LF_6508.jpg","width":1800,"height":1200,"caption":"Birds, Careers and Conservation youth workshop August 9-10, 2016 at Cornell Lab of Ornithology, Ithaca, NY. #bcccornell16"},{"@type":"BreadcrumbList","@id":"https:\/\/test.celebrateurbanbirds.org\/es\/explora\/preguntas-frecuentes-faq-acerca-de-nuestro-proximo-taller-para-jovenes-carreras-profesionales-conservacion-y-naturaleza\/#breadcrumb","itemListElement":[{"@type":"ListItem","position":1,"name":"Home","item":"https:\/\/test.celebrateurbanbirds.org\/"},{"@type":"ListItem","position":2,"name":"Recursos","item":"https:\/\/test.celebrateurbanbirds.org\/es\/explora\/"},{"@type":"ListItem","position":3,"name":"Preguntas frecuentes (FAQ) acerca de nuestro pr\u00f3ximo taller para j\u00f3venes"}]},{"@type":"WebSite","@id":"https:\/\/test.celebrateurbanbirds.org\/#website","url":"https:\/\/test.celebrateurbanbirds.org\/","name":"Celebrate Urban Birds","description":"We&#039;re All Close To Birds!","potentialAction":[{"@type":"SearchAction","target":{"@type":"EntryPoint","urlTemplate":"https:\/\/test.celebrateurbanbirds.org\/?s={search_term_string}"},"query-input":{"@type":"PropertyValueSpecification","valueRequired":true,"valueName":"search_term_string"}}],"inLanguage":"es-ES"}]}},"_links":{"self":[{"href":"https:\/\/test.celebrateurbanbirds.org\/es\/wp-json\/wp\/v2\/pages\/9009","targetHints":{"allow":["GET"]}}],"collection":[{"href":"https:\/\/test.celebrateurbanbirds.org\/es\/wp-json\/wp\/v2\/pages"}],"about":[{"href":"https:\/\/test.celebrateurbanbirds.org\/es\/wp-json\/wp\/v2\/types\/page"}],"author":[{"embeddable":true,"href":"https:\/\/test.celebrateurbanbirds.org\/es\/wp-json\/wp\/v2\/users\/4"}],"replies":[{"embeddable":true,"href":"https:\/\/test.celebrateurbanbirds.org\/es\/wp-json\/wp\/v2\/comments?post=9009"}],"version-history":[{"count":0,"href":"https:\/\/test.celebrateurbanbirds.org\/es\/wp-json\/wp\/v2\/pages\/9009\/revisions"}],"up":[{"embeddable":true,"href":"https:\/\/test.celebrateurbanbirds.org\/es\/wp-json\/wp\/v2\/pages\/81"}],"wp:featuredmedia":[{"embeddable":true,"href":"https:\/\/test.celebrateurbanbirds.org\/es\/wp-json\/wp\/v2\/media\/18320"}],"wp:attachment":[{"href":"https:\/\/test.celebrateurbanbirds.org\/es\/wp-json\/wp\/v2\/media?parent=9009"}],"curies":[{"name":"wp","href":"https:\/\/api.w.org\/{rel}","templated":true}]}}