{"id":8845,"date":"2013-07-23T08:59:43","date_gmt":"2013-07-23T12:59:43","guid":{"rendered":"http:\/\/celebrateurbanbirds.org\/?page_id=8845"},"modified":"2016-12-08T13:53:39","modified_gmt":"2016-12-08T18:53:39","slug":"golondrinas","status":"publish","type":"page","link":"https:\/\/test.celebrateurbanbirds.org\/es\/aprende\/aves\/consejos-para-identificar-aves-muy-parecidas\/golondrinas\/","title":{"rendered":"Golondrinas"},"content":{"rendered":"<p><figure class=\"right medium\"><img decoding=\"async\" src=\"https:\/\/test.celebrateurbanbirds.org\/wp-content\/uploads\/2013\/02\/Barn-Swallow-by-iStock-300x213.jpg\" srcset=\"https:\/\/test.celebrateurbanbirds.org\/wp-content\/uploads\/2013\/02\/Barn-Swallow-by-iStock-300x213.jpg 300w, https:\/\/test.celebrateurbanbirds.org\/wp-content\/uploads\/2013\/02\/Barn-Swallow-by-iStock-1024x728.jpg 1024w, https:\/\/test.celebrateurbanbirds.org\/wp-content\/uploads\/2013\/02\/Barn-Swallow-by-iStock-346x246.jpg 346w, https:\/\/test.celebrateurbanbirds.org\/wp-content\/uploads\/2013\/02\/Barn-Swallow-by-iStock-500x355.jpg 500w, https:\/\/test.celebrateurbanbirds.org\/wp-content\/uploads\/2013\/02\/Barn-Swallow-by-iStock-421x300.jpg 421w, https:\/\/test.celebrateurbanbirds.org\/wp-content\/uploads\/2013\/02\/Barn-Swallow-by-iStock-126x90.jpg 126w, https:\/\/test.celebrateurbanbirds.org\/wp-content\/uploads\/2013\/02\/Barn-Swallow-by-iStock.jpg 1643w\" sizes=\"(max-width: 767px) 100vw, (max-width: 991px) 96vw, (max-width: 1920px) 67vw, 1024px\" alt=\"\" \/><figcaption><span class=\"copyright\">(Photo &copy; iStock)<\/span><\/figcaption><\/figure> <a href=\"http:\/\/celebrateurbanbirds.org\/es\/learn\/birds\/focal-species\/barn-swallow-2\/\" target=\"_blank\">Las Golondrinas Tijereta<\/a> tienen las colas m\u00e1s bifurcadas de todas las golondrinas norteamericanas, y tambi\u00e9n son las \u00fanicas golondrinas con vientres variando de un beige intenso a blanco (los dem\u00e1s tienen vientres blancos). Sus colas y alas son relativamente largas, y sus nidos a menudo se encuentran en edificios artificiales.<\/p>\n<ul>\n<li>La Golondrina Risquera tambi\u00e9n tiene un vientre p\u00e1lido y una garganta casta\u00f1o, pero su frente clara se distingue de la frente de la Golondrina Tijereta, lo cual es casta\u00f1o.<\/li>\n<li>La Golondrina Bicolor tambi\u00e9n tiene una espalda azul, pero el azul es m\u00e1s llamativo y verde que el  azul cobalto de la Golondrina Tijereta. La garganta y el vientre de la Golondrina Bicolor son muy blancas.<\/li>\n<\/ul>\n<p>La Golondrina Tijereta es la golondrina m\u00e1s abundante en el mundo, y dada su preferencia de anidaci\u00f3n y su adaptabilidad son las golondrinas mas probables de ver cerca de civilizaci\u00f3n. Busque las Golondrinas Tijereta en parques, campos, al costado de la carretera, y cerca de agua. Aprende m\u00e1s sobre sus nidos <a href=\"http:\/\/blog.celebrateurbanbirds.org\/es\/2013\/05\/09\/aprendiendo-acerca-de-los-nidos-de-las-golondrinas-tijereta\/\" target=\"_blank\">aqu\u00ed<\/a>.<\/p>\n","protected":false},"excerpt":{"rendered":"<p>Las Golondrinas Tijereta tienen las colas m\u00e1s bifurcadas de todas las golondrinas norteamericanas, y tambi\u00e9n son las \u00fanicas golondrinas con vientres variando de un beige intenso a blanco (los dem\u00e1s tienen vientres blancos). Sus colas y alas son relativamente largas, y sus nidos a menudo se encuentran en edificios artificiales. La Golondrina Risquera tambi\u00e9n tiene un vientre p\u00e1lido y una garganta casta\u00f1o, pero su frente clara se distingue de la frente de la Golondrina Tijereta, lo cual es casta\u00f1o. La Golondrina Bicolor tambi\u00e9n tiene una espalda azul, pero el azul es m\u00e1s llamativo y verde que el azul cobalto de...<\/p>\n","protected":false},"author":5,"featured_media":17516,"parent":1417,"menu_order":5,"comment_status":"open","ping_status":"open","template":"","meta":{"_acf_changed":false,"footnotes":""},"class_list":["post-8845","page","type-page","status-publish","has-post-thumbnail","hentry"],"acf":[],"yoast_head":"<!-- This site is optimized with the Yoast SEO plugin v24.0 - https:\/\/yoast.com\/wordpress\/plugins\/seo\/ -->\n<title>Golondrinas | Celebrate Urban Birds<\/title>\n<meta name=\"robots\" content=\"index, follow, max-snippet:-1, max-image-preview:large, max-video-preview:-1\" \/>\n<link rel=\"canonical\" href=\"https:\/\/test.celebrateurbanbirds.org\/es\/aprende\/aves\/consejos-para-identificar-aves-muy-parecidas\/golondrinas\/\" \/>\n<meta property=\"og:locale\" content=\"es_ES\" \/>\n<meta property=\"og:type\" content=\"article\" \/>\n<meta property=\"og:title\" content=\"Golondrinas | Celebrate Urban Birds\" \/>\n<meta property=\"og:description\" content=\"Las Golondrinas Tijereta tienen las colas m\u00e1s bifurcadas de todas las golondrinas norteamericanas, y tambi\u00e9n son las \u00fanicas golondrinas con vientres variando de un beige intenso a blanco (los dem\u00e1s tienen vientres blancos). Sus colas y alas son relativamente largas, y sus nidos a menudo se encuentran en edificios artificiales. La Golondrina Risquera tambi\u00e9n tiene un vientre p\u00e1lido y una garganta casta\u00f1o, pero su frente clara se distingue de la frente de la Golondrina Tijereta, lo cual es casta\u00f1o. La Golondrina Bicolor tambi\u00e9n tiene una espalda azul, pero el azul es m\u00e1s llamativo y verde que el azul cobalto de...\" \/>\n<meta property=\"og:url\" content=\"https:\/\/test.celebrateurbanbirds.org\/es\/aprende\/aves\/consejos-para-identificar-aves-muy-parecidas\/golondrinas\/\" \/>\n<meta property=\"og:site_name\" content=\"Celebrate Urban Birds\" \/>\n<meta property=\"article:publisher\" content=\"https:\/\/www.facebook.com\/CelebrateBirds\/\" \/>\n<meta property=\"article:modified_time\" content=\"2016-12-08T18:53:39+00:00\" \/>\n<meta property=\"og:image\" content=\"https:\/\/test.celebrateurbanbirds.org\/wp-content\/uploads\/2016\/09\/stock-photo-barn-swallow-hirundo-rustica-165118958-1024x678.jpg\" \/>\n\t<meta property=\"og:image:width\" content=\"1024\" \/>\n\t<meta property=\"og:image:height\" content=\"678\" \/>\n\t<meta property=\"og:image:type\" content=\"image\/jpeg\" \/>\n<meta name=\"twitter:card\" content=\"summary_large_image\" \/>\n<meta name=\"twitter:site\" content=\"@celebratebirds\" \/>\n<meta name=\"twitter:label1\" content=\"Est. reading time\" \/>\n\t<meta name=\"twitter:data1\" content=\"1 minute\" \/>\n<script type=\"application\/ld+json\" class=\"yoast-schema-graph\">{\"@context\":\"https:\/\/schema.org\",\"@graph\":[{\"@type\":\"WebPage\",\"@id\":\"https:\/\/test.celebrateurbanbirds.org\/es\/aprende\/aves\/consejos-para-identificar-aves-muy-parecidas\/golondrinas\/\",\"url\":\"https:\/\/test.celebrateurbanbirds.org\/es\/aprende\/aves\/consejos-para-identificar-aves-muy-parecidas\/golondrinas\/\",\"name\":\"Golondrinas | Celebrate Urban Birds\",\"isPartOf\":{\"@id\":\"https:\/\/test.celebrateurbanbirds.org\/#website\"},\"primaryImageOfPage\":{\"@id\":\"https:\/\/test.celebrateurbanbirds.org\/es\/aprende\/aves\/consejos-para-identificar-aves-muy-parecidas\/golondrinas\/#primaryimage\"},\"image\":{\"@id\":\"https:\/\/test.celebrateurbanbirds.org\/es\/aprende\/aves\/consejos-para-identificar-aves-muy-parecidas\/golondrinas\/#primaryimage\"},\"thumbnailUrl\":\"https:\/\/test.celebrateurbanbirds.org\/wp-content\/uploads\/2016\/09\/stock-photo-barn-swallow-hirundo-rustica-165118958.jpg\",\"datePublished\":\"2013-07-23T12:59:43+00:00\",\"dateModified\":\"2016-12-08T18:53:39+00:00\",\"breadcrumb\":{\"@id\":\"https:\/\/test.celebrateurbanbirds.org\/es\/aprende\/aves\/consejos-para-identificar-aves-muy-parecidas\/golondrinas\/#breadcrumb\"},\"inLanguage\":\"es-ES\",\"potentialAction\":[{\"@type\":\"ReadAction\",\"target\":[\"https:\/\/test.celebrateurbanbirds.org\/es\/aprende\/aves\/consejos-para-identificar-aves-muy-parecidas\/golondrinas\/\"]}]},{\"@type\":\"ImageObject\",\"inLanguage\":\"es-ES\",\"@id\":\"https:\/\/test.celebrateurbanbirds.org\/es\/aprende\/aves\/consejos-para-identificar-aves-muy-parecidas\/golondrinas\/#primaryimage\",\"url\":\"https:\/\/test.celebrateurbanbirds.org\/wp-content\/uploads\/2016\/09\/stock-photo-barn-swallow-hirundo-rustica-165118958.jpg\",\"contentUrl\":\"https:\/\/test.celebrateurbanbirds.org\/wp-content\/uploads\/2016\/09\/stock-photo-barn-swallow-hirundo-rustica-165118958.jpg\",\"width\":3000,\"height\":1986},{\"@type\":\"BreadcrumbList\",\"@id\":\"https:\/\/test.celebrateurbanbirds.org\/es\/aprende\/aves\/consejos-para-identificar-aves-muy-parecidas\/golondrinas\/#breadcrumb\",\"itemListElement\":[{\"@type\":\"ListItem\",\"position\":1,\"name\":\"Home\",\"item\":\"https:\/\/test.celebrateurbanbirds.org\/\"},{\"@type\":\"ListItem\",\"position\":2,\"name\":\"Aprende\",\"item\":\"https:\/\/test.celebrateurbanbirds.org\/es\/aprende\/\"},{\"@type\":\"ListItem\",\"position\":3,\"name\":\"Aves\",\"item\":\"https:\/\/test.celebrateurbanbirds.org\/es\/aprende\/aves\/\"},{\"@type\":\"ListItem\",\"position\":4,\"name\":\"Consejos para Identificar Aves muy Parecidas\",\"item\":\"https:\/\/test.celebrateurbanbirds.org\/es\/aprende\/aves\/consejos-para-identificar-aves-muy-parecidas\/\"},{\"@type\":\"ListItem\",\"position\":5,\"name\":\"Golondrinas\"}]},{\"@type\":\"WebSite\",\"@id\":\"https:\/\/test.celebrateurbanbirds.org\/#website\",\"url\":\"https:\/\/test.celebrateurbanbirds.org\/\",\"name\":\"Celebrate Urban Birds\",\"description\":\"We&#039;re All Close To Birds!\",\"potentialAction\":[{\"@type\":\"SearchAction\",\"target\":{\"@type\":\"EntryPoint\",\"urlTemplate\":\"https:\/\/test.celebrateurbanbirds.org\/?s={search_term_string}\"},\"query-input\":{\"@type\":\"PropertyValueSpecification\",\"valueRequired\":true,\"valueName\":\"search_term_string\"}}],\"inLanguage\":\"es-ES\"}]}<\/script>\n<!-- \/ Yoast SEO plugin. -->","yoast_head_json":{"title":"Golondrinas | Celebrate Urban Birds","robots":{"index":"index","follow":"follow","max-snippet":"max-snippet:-1","max-image-preview":"max-image-preview:large","max-video-preview":"max-video-preview:-1"},"canonical":"https:\/\/test.celebrateurbanbirds.org\/es\/aprende\/aves\/consejos-para-identificar-aves-muy-parecidas\/golondrinas\/","og_locale":"es_ES","og_type":"article","og_title":"Golondrinas | Celebrate Urban Birds","og_description":"Las Golondrinas Tijereta tienen las colas m\u00e1s bifurcadas de todas las golondrinas norteamericanas, y tambi\u00e9n son las \u00fanicas golondrinas con vientres variando de un beige intenso a blanco (los dem\u00e1s tienen vientres blancos). Sus colas y alas son relativamente largas, y sus nidos a menudo se encuentran en edificios artificiales. La Golondrina Risquera tambi\u00e9n tiene un vientre p\u00e1lido y una garganta casta\u00f1o, pero su frente clara se distingue de la frente de la Golondrina Tijereta, lo cual es casta\u00f1o. La Golondrina Bicolor tambi\u00e9n tiene una espalda azul, pero el azul es m\u00e1s llamativo y verde que el azul cobalto de...","og_url":"https:\/\/test.celebrateurbanbirds.org\/es\/aprende\/aves\/consejos-para-identificar-aves-muy-parecidas\/golondrinas\/","og_site_name":"Celebrate Urban Birds","article_publisher":"https:\/\/www.facebook.com\/CelebrateBirds\/","article_modified_time":"2016-12-08T18:53:39+00:00","og_image":[{"width":1024,"height":678,"url":"https:\/\/test.celebrateurbanbirds.org\/wp-content\/uploads\/2016\/09\/stock-photo-barn-swallow-hirundo-rustica-165118958-1024x678.jpg","type":"image\/jpeg"}],"twitter_card":"summary_large_image","twitter_site":"@celebratebirds","twitter_misc":{"Est. reading time":"1 minute"},"schema":{"@context":"https:\/\/schema.org","@graph":[{"@type":"WebPage","@id":"https:\/\/test.celebrateurbanbirds.org\/es\/aprende\/aves\/consejos-para-identificar-aves-muy-parecidas\/golondrinas\/","url":"https:\/\/test.celebrateurbanbirds.org\/es\/aprende\/aves\/consejos-para-identificar-aves-muy-parecidas\/golondrinas\/","name":"Golondrinas | Celebrate Urban Birds","isPartOf":{"@id":"https:\/\/test.celebrateurbanbirds.org\/#website"},"primaryImageOfPage":{"@id":"https:\/\/test.celebrateurbanbirds.org\/es\/aprende\/aves\/consejos-para-identificar-aves-muy-parecidas\/golondrinas\/#primaryimage"},"image":{"@id":"https:\/\/test.celebrateurbanbirds.org\/es\/aprende\/aves\/consejos-para-identificar-aves-muy-parecidas\/golondrinas\/#primaryimage"},"thumbnailUrl":"https:\/\/test.celebrateurbanbirds.org\/wp-content\/uploads\/2016\/09\/stock-photo-barn-swallow-hirundo-rustica-165118958.jpg","datePublished":"2013-07-23T12:59:43+00:00","dateModified":"2016-12-08T18:53:39+00:00","breadcrumb":{"@id":"https:\/\/test.celebrateurbanbirds.org\/es\/aprende\/aves\/consejos-para-identificar-aves-muy-parecidas\/golondrinas\/#breadcrumb"},"inLanguage":"es-ES","potentialAction":[{"@type":"ReadAction","target":["https:\/\/test.celebrateurbanbirds.org\/es\/aprende\/aves\/consejos-para-identificar-aves-muy-parecidas\/golondrinas\/"]}]},{"@type":"ImageObject","inLanguage":"es-ES","@id":"https:\/\/test.celebrateurbanbirds.org\/es\/aprende\/aves\/consejos-para-identificar-aves-muy-parecidas\/golondrinas\/#primaryimage","url":"https:\/\/test.celebrateurbanbirds.org\/wp-content\/uploads\/2016\/09\/stock-photo-barn-swallow-hirundo-rustica-165118958.jpg","contentUrl":"https:\/\/test.celebrateurbanbirds.org\/wp-content\/uploads\/2016\/09\/stock-photo-barn-swallow-hirundo-rustica-165118958.jpg","width":3000,"height":1986},{"@type":"BreadcrumbList","@id":"https:\/\/test.celebrateurbanbirds.org\/es\/aprende\/aves\/consejos-para-identificar-aves-muy-parecidas\/golondrinas\/#breadcrumb","itemListElement":[{"@type":"ListItem","position":1,"name":"Home","item":"https:\/\/test.celebrateurbanbirds.org\/"},{"@type":"ListItem","position":2,"name":"Aprende","item":"https:\/\/test.celebrateurbanbirds.org\/es\/aprende\/"},{"@type":"ListItem","position":3,"name":"Aves","item":"https:\/\/test.celebrateurbanbirds.org\/es\/aprende\/aves\/"},{"@type":"ListItem","position":4,"name":"Consejos para Identificar Aves muy Parecidas","item":"https:\/\/test.celebrateurbanbirds.org\/es\/aprende\/aves\/consejos-para-identificar-aves-muy-parecidas\/"},{"@type":"ListItem","position":5,"name":"Golondrinas"}]},{"@type":"WebSite","@id":"https:\/\/test.celebrateurbanbirds.org\/#website","url":"https:\/\/test.celebrateurbanbirds.org\/","name":"Celebrate Urban Birds","description":"We&#039;re All Close To Birds!","potentialAction":[{"@type":"SearchAction","target":{"@type":"EntryPoint","urlTemplate":"https:\/\/test.celebrateurbanbirds.org\/?s={search_term_string}"},"query-input":{"@type":"PropertyValueSpecification","valueRequired":true,"valueName":"search_term_string"}}],"inLanguage":"es-ES"}]}},"_links":{"self":[{"href":"https:\/\/test.celebrateurbanbirds.org\/es\/wp-json\/wp\/v2\/pages\/8845","targetHints":{"allow":["GET"]}}],"collection":[{"href":"https:\/\/test.celebrateurbanbirds.org\/es\/wp-json\/wp\/v2\/pages"}],"about":[{"href":"https:\/\/test.celebrateurbanbirds.org\/es\/wp-json\/wp\/v2\/types\/page"}],"author":[{"embeddable":true,"href":"https:\/\/test.celebrateurbanbirds.org\/es\/wp-json\/wp\/v2\/users\/5"}],"replies":[{"embeddable":true,"href":"https:\/\/test.celebrateurbanbirds.org\/es\/wp-json\/wp\/v2\/comments?post=8845"}],"version-history":[{"count":0,"href":"https:\/\/test.celebrateurbanbirds.org\/es\/wp-json\/wp\/v2\/pages\/8845\/revisions"}],"up":[{"embeddable":true,"href":"https:\/\/test.celebrateurbanbirds.org\/es\/wp-json\/wp\/v2\/pages\/1417"}],"wp:featuredmedia":[{"embeddable":true,"href":"https:\/\/test.celebrateurbanbirds.org\/es\/wp-json\/wp\/v2\/media\/17516"}],"wp:attachment":[{"href":"https:\/\/test.celebrateurbanbirds.org\/es\/wp-json\/wp\/v2\/media?parent=8845"}],"curies":[{"name":"wp","href":"https:\/\/api.w.org\/{rel}","templated":true}]}}