{"id":8830,"date":"2013-07-17T10:59:17","date_gmt":"2013-07-17T14:59:17","guid":{"rendered":"http:\/\/celebrateurbanbirds.org\/?page_id=8830"},"modified":"2016-12-08T13:51:31","modified_gmt":"2016-12-08T18:51:31","slug":"estorninos-y-otras-aves-oscuras-de-tamano-mediano","status":"publish","type":"page","link":"https:\/\/test.celebrateurbanbirds.org\/es\/aprende\/aves\/consejos-para-identificar-aves-muy-parecidas\/estorninos-y-otras-aves-oscuras-de-tamano-mediano\/","title":{"rendered":"Estorninos y Otras Aves Oscuras de Tama\u00f1o Mediano"},"content":{"rendered":"<p><figure class=\"right medium\"><img decoding=\"async\" src=\"https:\/\/test.celebrateurbanbirds.org\/wp-content\/uploads\/2013\/02\/European-Starling-by-Len-Endy-e1359751947412-300x171.jpg\" srcset=\"https:\/\/test.celebrateurbanbirds.org\/wp-content\/uploads\/2013\/02\/European-Starling-by-Len-Endy-e1359751947412-300x171.jpg 300w, https:\/\/test.celebrateurbanbirds.org\/wp-content\/uploads\/2013\/02\/European-Starling-by-Len-Endy-e1359751947412-346x197.jpg 346w, https:\/\/test.celebrateurbanbirds.org\/wp-content\/uploads\/2013\/02\/European-Starling-by-Len-Endy-e1359751947412-500x285.jpg 500w, https:\/\/test.celebrateurbanbirds.org\/wp-content\/uploads\/2013\/02\/European-Starling-by-Len-Endy-e1359751947412-525x300.jpg 525w, https:\/\/test.celebrateurbanbirds.org\/wp-content\/uploads\/2013\/02\/European-Starling-by-Len-Endy-e1359751947412-157x90.jpg 157w, https:\/\/test.celebrateurbanbirds.org\/wp-content\/uploads\/2013\/02\/European-Starling-by-Len-Endy-e1359751947412.jpg 700w\" sizes=\"(max-width: 767px) 100vw, (max-width: 991px) 96vw, (max-width: 1920px) 67vw, 1024px\" alt=\"\" \/><figcaption><span class=\"caption\"><p>Estornino Pinto<\/p>\n<\/span> <span class=\"copyright\">(Photo &copy; Len Endy)<\/span><\/figcaption><\/figure> <a href=\"http:\/\/celebrateurbanbirds.org\/es\/learn\/birds\/focal-species\/european-starling-2\/\" target=\"_blank\">Los Estorninos Europeos<\/a> son de tama\u00f1o y color similar a los tordos, zanates, y vaqueros (el color es un negro brillante, frecuentemente con verde y morado iridiscente), pero tienen una forma muy diferente. Los Estorninos Europeos tienen colas m\u00e1s peque\u00f1as y cortadas en V; tienen alas mas puntiagudas; tienen picos m\u00e1s largas, rectas, y finas; y tienen patas mas cortas y coloradas (rosas). <\/p>\n<ul>\n<li>En el verano, estorninos tienen picos amarillos y machas blancas en sus espaldas, lo cual tordos, zanates, y vaqueros nunca tendr\u00e1n. En el invierno, estorninos son cubiertos en manchitas blancas llamativas.<\/li>\n<li>Zanates y tordos tienen ojos amarillos, mientras estorninos tienen ojos negros; vaqueros tienen picos muy cortos y gruesos, y mucho marr\u00f3n en su cuerpo y cabeza.<\/li>\n<\/ul>\n<p>Casi nunca veras un estornino solo; busquelos en grupos de cinco o seis en los patios o cables telef\u00f3nicos. Si ves una bandada de veinte o m\u00e1s descender sobre un campo, o volando muy unidos en el cielo, es muy probable que estas viendo Estorninos Europeos. \u00a1Pero atenci\u00f3n! A veces tordos y zanates comen junto a los estorninos, entonces tienes que buscar los rasgos distintivos identificados arriba.<\/p>\n","protected":false},"excerpt":{"rendered":"<p>Los Estorninos Europeos son de tama\u00f1o y color similar a los tordos, zanates, y vaqueros (el color es un negro brillante, frecuentemente con verde y morado iridiscente), pero tienen una forma muy diferente. Los Estorninos Europeos tienen colas m\u00e1s peque\u00f1as y cortadas en V; tienen alas mas puntiagudas; tienen picos m\u00e1s largas, rectas, y finas; y tienen patas mas cortas y coloradas (rosas). En el verano, estorninos tienen picos amarillos y machas blancas en sus espaldas, lo cual tordos, zanates, y vaqueros nunca tendr\u00e1n. En el invierno, estorninos son cubiertos en manchitas blancas llamativas. Zanates y tordos tienen ojos amarillos,...<\/p>\n","protected":false},"author":5,"featured_media":17492,"parent":1417,"menu_order":4,"comment_status":"open","ping_status":"open","template":"","meta":{"_acf_changed":false,"footnotes":""},"class_list":["post-8830","page","type-page","status-publish","has-post-thumbnail","hentry"],"acf":[],"yoast_head":"<!-- This site is optimized with the Yoast SEO plugin v24.0 - https:\/\/yoast.com\/wordpress\/plugins\/seo\/ -->\n<title>Estorninos y Otras Aves Oscuras de Tama\u00f1o Mediano | Celebrate Urban Birds<\/title>\n<meta name=\"robots\" content=\"index, follow, max-snippet:-1, max-image-preview:large, max-video-preview:-1\" \/>\n<link rel=\"canonical\" href=\"https:\/\/test.celebrateurbanbirds.org\/es\/aprende\/aves\/consejos-para-identificar-aves-muy-parecidas\/estorninos-y-otras-aves-oscuras-de-tamano-mediano\/\" \/>\n<meta property=\"og:locale\" content=\"es_ES\" \/>\n<meta property=\"og:type\" content=\"article\" \/>\n<meta property=\"og:title\" content=\"Estorninos y Otras Aves Oscuras de Tama\u00f1o Mediano | Celebrate Urban Birds\" \/>\n<meta property=\"og:description\" content=\"Los Estorninos Europeos son de tama\u00f1o y color similar a los tordos, zanates, y vaqueros (el color es un negro brillante, frecuentemente con verde y morado iridiscente), pero tienen una forma muy diferente. Los Estorninos Europeos tienen colas m\u00e1s peque\u00f1as y cortadas en V; tienen alas mas puntiagudas; tienen picos m\u00e1s largas, rectas, y finas; y tienen patas mas cortas y coloradas (rosas). En el verano, estorninos tienen picos amarillos y machas blancas en sus espaldas, lo cual tordos, zanates, y vaqueros nunca tendr\u00e1n. En el invierno, estorninos son cubiertos en manchitas blancas llamativas. Zanates y tordos tienen ojos amarillos,...\" \/>\n<meta property=\"og:url\" content=\"https:\/\/test.celebrateurbanbirds.org\/es\/aprende\/aves\/consejos-para-identificar-aves-muy-parecidas\/estorninos-y-otras-aves-oscuras-de-tamano-mediano\/\" \/>\n<meta property=\"og:site_name\" content=\"Celebrate Urban Birds\" \/>\n<meta property=\"article:publisher\" content=\"https:\/\/www.facebook.com\/CelebrateBirds\/\" \/>\n<meta property=\"article:modified_time\" content=\"2016-12-08T18:51:31+00:00\" \/>\n<meta property=\"og:image\" content=\"https:\/\/test.celebrateurbanbirds.org\/wp-content\/uploads\/2016\/09\/stock-photo-one-male-common-starling-standing-in-a-wall-at-paris-france-302702303-1024x683.jpg\" \/>\n\t<meta property=\"og:image:width\" content=\"1024\" \/>\n\t<meta property=\"og:image:height\" content=\"683\" \/>\n\t<meta property=\"og:image:type\" content=\"image\/jpeg\" \/>\n<meta name=\"twitter:card\" content=\"summary_large_image\" \/>\n<meta name=\"twitter:site\" content=\"@celebratebirds\" \/>\n<meta name=\"twitter:label1\" content=\"Est. reading time\" \/>\n\t<meta name=\"twitter:data1\" content=\"1 minute\" \/>\n<script type=\"application\/ld+json\" class=\"yoast-schema-graph\">{\"@context\":\"https:\/\/schema.org\",\"@graph\":[{\"@type\":\"WebPage\",\"@id\":\"https:\/\/test.celebrateurbanbirds.org\/es\/aprende\/aves\/consejos-para-identificar-aves-muy-parecidas\/estorninos-y-otras-aves-oscuras-de-tamano-mediano\/\",\"url\":\"https:\/\/test.celebrateurbanbirds.org\/es\/aprende\/aves\/consejos-para-identificar-aves-muy-parecidas\/estorninos-y-otras-aves-oscuras-de-tamano-mediano\/\",\"name\":\"Estorninos y Otras Aves Oscuras de Tama\u00f1o Mediano | Celebrate Urban Birds\",\"isPartOf\":{\"@id\":\"https:\/\/test.celebrateurbanbirds.org\/#website\"},\"primaryImageOfPage\":{\"@id\":\"https:\/\/test.celebrateurbanbirds.org\/es\/aprende\/aves\/consejos-para-identificar-aves-muy-parecidas\/estorninos-y-otras-aves-oscuras-de-tamano-mediano\/#primaryimage\"},\"image\":{\"@id\":\"https:\/\/test.celebrateurbanbirds.org\/es\/aprende\/aves\/consejos-para-identificar-aves-muy-parecidas\/estorninos-y-otras-aves-oscuras-de-tamano-mediano\/#primaryimage\"},\"thumbnailUrl\":\"https:\/\/test.celebrateurbanbirds.org\/wp-content\/uploads\/2016\/09\/stock-photo-one-male-common-starling-standing-in-a-wall-at-paris-france-302702303.jpg\",\"datePublished\":\"2013-07-17T14:59:17+00:00\",\"dateModified\":\"2016-12-08T18:51:31+00:00\",\"breadcrumb\":{\"@id\":\"https:\/\/test.celebrateurbanbirds.org\/es\/aprende\/aves\/consejos-para-identificar-aves-muy-parecidas\/estorninos-y-otras-aves-oscuras-de-tamano-mediano\/#breadcrumb\"},\"inLanguage\":\"es-ES\",\"potentialAction\":[{\"@type\":\"ReadAction\",\"target\":[\"https:\/\/test.celebrateurbanbirds.org\/es\/aprende\/aves\/consejos-para-identificar-aves-muy-parecidas\/estorninos-y-otras-aves-oscuras-de-tamano-mediano\/\"]}]},{\"@type\":\"ImageObject\",\"inLanguage\":\"es-ES\",\"@id\":\"https:\/\/test.celebrateurbanbirds.org\/es\/aprende\/aves\/consejos-para-identificar-aves-muy-parecidas\/estorninos-y-otras-aves-oscuras-de-tamano-mediano\/#primaryimage\",\"url\":\"https:\/\/test.celebrateurbanbirds.org\/wp-content\/uploads\/2016\/09\/stock-photo-one-male-common-starling-standing-in-a-wall-at-paris-france-302702303.jpg\",\"contentUrl\":\"https:\/\/test.celebrateurbanbirds.org\/wp-content\/uploads\/2016\/09\/stock-photo-one-male-common-starling-standing-in-a-wall-at-paris-france-302702303.jpg\",\"width\":3000,\"height\":2000},{\"@type\":\"BreadcrumbList\",\"@id\":\"https:\/\/test.celebrateurbanbirds.org\/es\/aprende\/aves\/consejos-para-identificar-aves-muy-parecidas\/estorninos-y-otras-aves-oscuras-de-tamano-mediano\/#breadcrumb\",\"itemListElement\":[{\"@type\":\"ListItem\",\"position\":1,\"name\":\"Home\",\"item\":\"https:\/\/test.celebrateurbanbirds.org\/\"},{\"@type\":\"ListItem\",\"position\":2,\"name\":\"Aprende\",\"item\":\"https:\/\/test.celebrateurbanbirds.org\/es\/aprende\/\"},{\"@type\":\"ListItem\",\"position\":3,\"name\":\"Aves\",\"item\":\"https:\/\/test.celebrateurbanbirds.org\/es\/aprende\/aves\/\"},{\"@type\":\"ListItem\",\"position\":4,\"name\":\"Consejos para Identificar Aves muy Parecidas\",\"item\":\"https:\/\/test.celebrateurbanbirds.org\/es\/aprende\/aves\/consejos-para-identificar-aves-muy-parecidas\/\"},{\"@type\":\"ListItem\",\"position\":5,\"name\":\"Estorninos y Otras Aves Oscuras de Tama\u00f1o Mediano\"}]},{\"@type\":\"WebSite\",\"@id\":\"https:\/\/test.celebrateurbanbirds.org\/#website\",\"url\":\"https:\/\/test.celebrateurbanbirds.org\/\",\"name\":\"Celebrate Urban Birds\",\"description\":\"We&#039;re All Close To Birds!\",\"potentialAction\":[{\"@type\":\"SearchAction\",\"target\":{\"@type\":\"EntryPoint\",\"urlTemplate\":\"https:\/\/test.celebrateurbanbirds.org\/?s={search_term_string}\"},\"query-input\":{\"@type\":\"PropertyValueSpecification\",\"valueRequired\":true,\"valueName\":\"search_term_string\"}}],\"inLanguage\":\"es-ES\"}]}<\/script>\n<!-- \/ Yoast SEO plugin. -->","yoast_head_json":{"title":"Estorninos y Otras Aves Oscuras de Tama\u00f1o Mediano | Celebrate Urban Birds","robots":{"index":"index","follow":"follow","max-snippet":"max-snippet:-1","max-image-preview":"max-image-preview:large","max-video-preview":"max-video-preview:-1"},"canonical":"https:\/\/test.celebrateurbanbirds.org\/es\/aprende\/aves\/consejos-para-identificar-aves-muy-parecidas\/estorninos-y-otras-aves-oscuras-de-tamano-mediano\/","og_locale":"es_ES","og_type":"article","og_title":"Estorninos y Otras Aves Oscuras de Tama\u00f1o Mediano | Celebrate Urban Birds","og_description":"Los Estorninos Europeos son de tama\u00f1o y color similar a los tordos, zanates, y vaqueros (el color es un negro brillante, frecuentemente con verde y morado iridiscente), pero tienen una forma muy diferente. Los Estorninos Europeos tienen colas m\u00e1s peque\u00f1as y cortadas en V; tienen alas mas puntiagudas; tienen picos m\u00e1s largas, rectas, y finas; y tienen patas mas cortas y coloradas (rosas). En el verano, estorninos tienen picos amarillos y machas blancas en sus espaldas, lo cual tordos, zanates, y vaqueros nunca tendr\u00e1n. En el invierno, estorninos son cubiertos en manchitas blancas llamativas. Zanates y tordos tienen ojos amarillos,...","og_url":"https:\/\/test.celebrateurbanbirds.org\/es\/aprende\/aves\/consejos-para-identificar-aves-muy-parecidas\/estorninos-y-otras-aves-oscuras-de-tamano-mediano\/","og_site_name":"Celebrate Urban Birds","article_publisher":"https:\/\/www.facebook.com\/CelebrateBirds\/","article_modified_time":"2016-12-08T18:51:31+00:00","og_image":[{"width":1024,"height":683,"url":"https:\/\/test.celebrateurbanbirds.org\/wp-content\/uploads\/2016\/09\/stock-photo-one-male-common-starling-standing-in-a-wall-at-paris-france-302702303-1024x683.jpg","type":"image\/jpeg"}],"twitter_card":"summary_large_image","twitter_site":"@celebratebirds","twitter_misc":{"Est. reading time":"1 minute"},"schema":{"@context":"https:\/\/schema.org","@graph":[{"@type":"WebPage","@id":"https:\/\/test.celebrateurbanbirds.org\/es\/aprende\/aves\/consejos-para-identificar-aves-muy-parecidas\/estorninos-y-otras-aves-oscuras-de-tamano-mediano\/","url":"https:\/\/test.celebrateurbanbirds.org\/es\/aprende\/aves\/consejos-para-identificar-aves-muy-parecidas\/estorninos-y-otras-aves-oscuras-de-tamano-mediano\/","name":"Estorninos y Otras Aves Oscuras de Tama\u00f1o Mediano | Celebrate Urban Birds","isPartOf":{"@id":"https:\/\/test.celebrateurbanbirds.org\/#website"},"primaryImageOfPage":{"@id":"https:\/\/test.celebrateurbanbirds.org\/es\/aprende\/aves\/consejos-para-identificar-aves-muy-parecidas\/estorninos-y-otras-aves-oscuras-de-tamano-mediano\/#primaryimage"},"image":{"@id":"https:\/\/test.celebrateurbanbirds.org\/es\/aprende\/aves\/consejos-para-identificar-aves-muy-parecidas\/estorninos-y-otras-aves-oscuras-de-tamano-mediano\/#primaryimage"},"thumbnailUrl":"https:\/\/test.celebrateurbanbirds.org\/wp-content\/uploads\/2016\/09\/stock-photo-one-male-common-starling-standing-in-a-wall-at-paris-france-302702303.jpg","datePublished":"2013-07-17T14:59:17+00:00","dateModified":"2016-12-08T18:51:31+00:00","breadcrumb":{"@id":"https:\/\/test.celebrateurbanbirds.org\/es\/aprende\/aves\/consejos-para-identificar-aves-muy-parecidas\/estorninos-y-otras-aves-oscuras-de-tamano-mediano\/#breadcrumb"},"inLanguage":"es-ES","potentialAction":[{"@type":"ReadAction","target":["https:\/\/test.celebrateurbanbirds.org\/es\/aprende\/aves\/consejos-para-identificar-aves-muy-parecidas\/estorninos-y-otras-aves-oscuras-de-tamano-mediano\/"]}]},{"@type":"ImageObject","inLanguage":"es-ES","@id":"https:\/\/test.celebrateurbanbirds.org\/es\/aprende\/aves\/consejos-para-identificar-aves-muy-parecidas\/estorninos-y-otras-aves-oscuras-de-tamano-mediano\/#primaryimage","url":"https:\/\/test.celebrateurbanbirds.org\/wp-content\/uploads\/2016\/09\/stock-photo-one-male-common-starling-standing-in-a-wall-at-paris-france-302702303.jpg","contentUrl":"https:\/\/test.celebrateurbanbirds.org\/wp-content\/uploads\/2016\/09\/stock-photo-one-male-common-starling-standing-in-a-wall-at-paris-france-302702303.jpg","width":3000,"height":2000},{"@type":"BreadcrumbList","@id":"https:\/\/test.celebrateurbanbirds.org\/es\/aprende\/aves\/consejos-para-identificar-aves-muy-parecidas\/estorninos-y-otras-aves-oscuras-de-tamano-mediano\/#breadcrumb","itemListElement":[{"@type":"ListItem","position":1,"name":"Home","item":"https:\/\/test.celebrateurbanbirds.org\/"},{"@type":"ListItem","position":2,"name":"Aprende","item":"https:\/\/test.celebrateurbanbirds.org\/es\/aprende\/"},{"@type":"ListItem","position":3,"name":"Aves","item":"https:\/\/test.celebrateurbanbirds.org\/es\/aprende\/aves\/"},{"@type":"ListItem","position":4,"name":"Consejos para Identificar Aves muy Parecidas","item":"https:\/\/test.celebrateurbanbirds.org\/es\/aprende\/aves\/consejos-para-identificar-aves-muy-parecidas\/"},{"@type":"ListItem","position":5,"name":"Estorninos y Otras Aves Oscuras de Tama\u00f1o Mediano"}]},{"@type":"WebSite","@id":"https:\/\/test.celebrateurbanbirds.org\/#website","url":"https:\/\/test.celebrateurbanbirds.org\/","name":"Celebrate Urban Birds","description":"We&#039;re All Close To Birds!","potentialAction":[{"@type":"SearchAction","target":{"@type":"EntryPoint","urlTemplate":"https:\/\/test.celebrateurbanbirds.org\/?s={search_term_string}"},"query-input":{"@type":"PropertyValueSpecification","valueRequired":true,"valueName":"search_term_string"}}],"inLanguage":"es-ES"}]}},"_links":{"self":[{"href":"https:\/\/test.celebrateurbanbirds.org\/es\/wp-json\/wp\/v2\/pages\/8830","targetHints":{"allow":["GET"]}}],"collection":[{"href":"https:\/\/test.celebrateurbanbirds.org\/es\/wp-json\/wp\/v2\/pages"}],"about":[{"href":"https:\/\/test.celebrateurbanbirds.org\/es\/wp-json\/wp\/v2\/types\/page"}],"author":[{"embeddable":true,"href":"https:\/\/test.celebrateurbanbirds.org\/es\/wp-json\/wp\/v2\/users\/5"}],"replies":[{"embeddable":true,"href":"https:\/\/test.celebrateurbanbirds.org\/es\/wp-json\/wp\/v2\/comments?post=8830"}],"version-history":[{"count":0,"href":"https:\/\/test.celebrateurbanbirds.org\/es\/wp-json\/wp\/v2\/pages\/8830\/revisions"}],"up":[{"embeddable":true,"href":"https:\/\/test.celebrateurbanbirds.org\/es\/wp-json\/wp\/v2\/pages\/1417"}],"wp:featuredmedia":[{"embeddable":true,"href":"https:\/\/test.celebrateurbanbirds.org\/es\/wp-json\/wp\/v2\/media\/17492"}],"wp:attachment":[{"href":"https:\/\/test.celebrateurbanbirds.org\/es\/wp-json\/wp\/v2\/media?parent=8830"}],"curies":[{"name":"wp","href":"https:\/\/api.w.org\/{rel}","templated":true}]}}