{"id":8801,"date":"2013-07-12T11:12:32","date_gmt":"2013-07-12T15:12:32","guid":{"rendered":"http:\/\/celebrateurbanbirds.org\/?page_id=8801"},"modified":"2013-07-12T11:12:32","modified_gmt":"2013-07-12T15:12:32","slug":"pintando-aves-sobre-tablas-o-azulejos","status":"publish","type":"page","link":"https:\/\/test.celebrateurbanbirds.org\/es\/aprende\/arte\/art-activities-for-youth\/pintando-aves-sobre-tablas-o-azulejos\/","title":{"rendered":"Pintando Aves Sobre Tablas o Azulejos"},"content":{"rendered":"<p><figure class=\"left medium\"><img decoding=\"async\" src=\"https:\/\/test.celebrateurbanbirds.org\/wp-content\/uploads\/2012\/10\/Zia_Light-in-Winter09-300x300.jpg\" srcset=\"https:\/\/test.celebrateurbanbirds.org\/wp-content\/uploads\/2012\/10\/Zia_Light-in-Winter09-300x300.jpg 300w, https:\/\/test.celebrateurbanbirds.org\/wp-content\/uploads\/2012\/10\/Zia_Light-in-Winter09-150x150.jpg 150w, https:\/\/test.celebrateurbanbirds.org\/wp-content\/uploads\/2012\/10\/Zia_Light-in-Winter09-346x346.jpg 346w, https:\/\/test.celebrateurbanbirds.org\/wp-content\/uploads\/2012\/10\/Zia_Light-in-Winter09-60x60.jpg 60w, https:\/\/test.celebrateurbanbirds.org\/wp-content\/uploads\/2012\/10\/Zia_Light-in-Winter09-100x100.jpg 100w, https:\/\/test.celebrateurbanbirds.org\/wp-content\/uploads\/2012\/10\/Zia_Light-in-Winter09-175x175.jpg 175w, https:\/\/test.celebrateurbanbirds.org\/wp-content\/uploads\/2012\/10\/Zia_Light-in-Winter09-500x500.jpg 500w, https:\/\/test.celebrateurbanbirds.org\/wp-content\/uploads\/2012\/10\/Zia_Light-in-Winter09-90x90.jpg 90w, https:\/\/test.celebrateurbanbirds.org\/wp-content\/uploads\/2012\/10\/Zia_Light-in-Winter09.jpg 640w\" sizes=\"(max-width: 767px) 100vw, (max-width: 991px) 96vw, (max-width: 1920px) 67vw, 1024px\" alt=\"\" \/><\/figure>A los ni\u00f1os les encanta pintar, y la pintura de aves es divertida. Aqu\u00ed hay una actividad f\u00e1cil para tu pr\u00f3ximo evento de Celebra las Aves Urbanas.<\/p>\n<p>Basada en el proyecto Azulejos de Paz, esta actividad emplea trozos peque\u00f1os de madera (tablas), o azulejos, sobre los cuales los ni\u00f1os pintan. Los azulejos pueden ser presentados, intercambiados con otros grupos, o llevados a casa.<\/p>\n<p>Nosotros preparamos tablas cuadradas de madera de 8 X 8 pulgadas. En una tienda de maderas, uno puede encontrar tablas con estas dimensiones, o pedir que las corten a medida. Tambi\u00e9n se necesitan para la actividad pintura acr\u00edlica de varios colores, dos pinceles para cada color, y tazas de pl\u00e1stico para colocar peque\u00f1as cantidades de pintura (las tazas con boca ancha funcionan bien).<\/p>\n<p><figure class=\"right medium\"><img decoding=\"async\" src=\"https:\/\/test.celebrateurbanbirds.org\/wp-content\/uploads\/2012\/08\/image_preview-190x300.jpeg\" srcset=\"https:\/\/test.celebrateurbanbirds.org\/wp-content\/uploads\/2012\/08\/image_preview-190x300.jpeg 190w, https:\/\/test.celebrateurbanbirds.org\/wp-content\/uploads\/2012\/08\/image_preview-57x90.jpeg 57w, https:\/\/test.celebrateurbanbirds.org\/wp-content\/uploads\/2012\/08\/image_preview.jpeg 254w\" sizes=\"(max-width: 767px) 100vw, (max-width: 991px) 96vw, (max-width: 1920px) 67vw, 1024px\" alt=\"Silhouette Poster\" \/><figcaption><span class=\"copyright\">(Photo &copy; Susan Spear)<\/span><\/figcaption><\/figure>Usamos el p\u00f3ster de siluetas de aves que viene en el paquete de Celebra las Aves Urbanas como una herramienta de apoyo y aprendizaje. Al mostrar el p\u00f3ster, le preguntamos a los ni\u00f1os, \u00bfSon todas estas aves iguales? y dejamos que los ni\u00f1os miren el p\u00f3ster en detalle. \u201cNo\u201d es la respuesta correcta, de la que naturalmente se desprende la pregunta \u00bfCu\u00e1les son las diferencias que distinguen a estas aves? Son de tama\u00f1os distintos, sus picos tienen formas diferentes, y viven o se posan en lugares diferentes. Esto f\u00e1cilmente puede llevar la conversaci\u00f3n a c\u00f3mo las aves comen comidas distintas y tienen h\u00e1bitats distintos en la naturaleza. Entonces, si se ve un ave color naranja cantando desde la copa de un \u00e1rbol, probablemente es un Bolsero de Baltimore. O, si se ve una ave caf\u00e9 oscura con el pecho anaranjado o color ladrillo, que anda por la tierra encontrando gusanos para comer, entonces es un Mirlo Primavera. Las aves tienen picos de formas variadas porque comen cosas distintas: algunos comen frutas, semillas, u otras partes de las plantas, mientras otros comen animales, como insectos, lombrices, peces, otras aves, o animales muertos.<\/p>\n<p>Mientras los ni\u00f1os pintan, tambi\u00e9n se puede preguntar \u00bfHan hecho algo para ayudar a las aves? Mientras los ni\u00f1os pintan y piensan, es posible que se les ocurra decir \u201cDoy de comer a las aves.\u201d A partir de esta reflexi\u00f3n, se puede regresar al tema de la comida y el h\u00e1bitat: algunas aves comen semillas sobre la tierra, pero otras necesitan frutas y bayas que crecen en arbustos. Entonces, si un jard\u00edn tiene varios arbustos y \u00e1rboles, es posible atraer a varias especies de aves.<\/p>\n<p>Tambi\u00e9n puedes preguntar a los ni\u00f1os si es bueno tener un jard\u00edn limpio de maleza, o si es bueno siempre tener los pastos cortos en el patio. Algunos ni\u00f1os tal vez adivinan la respuesta: a varias aves peque\u00f1as les gusta refugiarse entre las malezas, adem\u00e1s ramas viejas pueden ser buenos lugares para posarse, mientras hierbas y flores silvestres pueden servir de alimento a varias aves. Toda esta conversaci\u00f3n puede ayudar a ense\u00f1ar acerca de la conexi\u00f3n que existe entre las aves y su h\u00e1bitat. Adem\u00e1s, le da a los ni\u00f1os m\u00e1s ideas de lo que pueden pintar en sus azulejos, y de c\u00f3mo conservar el h\u00e1bitat pensando en c\u00f3mo ayudar a las aves tambi\u00e9n. <\/p>\n","protected":false},"excerpt":{"rendered":"<p>A los ni\u00f1os les encanta pintar, y la pintura de aves es divertida. Aqu\u00ed hay una actividad f\u00e1cil para tu pr\u00f3ximo evento de Celebra las Aves Urbanas. Basada en el proyecto Azulejos de Paz, esta actividad emplea trozos peque\u00f1os de madera (tablas), o azulejos, sobre los cuales los ni\u00f1os pintan. Los azulejos pueden ser presentados, intercambiados con otros grupos, o llevados a casa. Nosotros preparamos tablas cuadradas de madera de 8 X 8 pulgadas. En una tienda de maderas, uno puede encontrar tablas con estas dimensiones, o pedir que las corten a medida. Tambi\u00e9n se necesitan para la actividad pintura...<\/p>\n","protected":false},"author":4,"featured_media":0,"parent":2202,"menu_order":2,"comment_status":"open","ping_status":"open","template":"","meta":{"_acf_changed":false,"footnotes":""},"class_list":["post-8801","page","type-page","status-publish","hentry"],"acf":[],"yoast_head":"<!-- This site is optimized with the Yoast SEO plugin v24.0 - https:\/\/yoast.com\/wordpress\/plugins\/seo\/ -->\n<title>Pintando Aves Sobre Tablas o Azulejos | Celebrate Urban Birds<\/title>\n<meta name=\"robots\" content=\"index, follow, max-snippet:-1, max-image-preview:large, max-video-preview:-1\" \/>\n<link rel=\"canonical\" href=\"https:\/\/test.celebrateurbanbirds.org\/es\/aprende\/arte\/art-activities-for-youth\/pintando-aves-sobre-tablas-o-azulejos\/\" \/>\n<meta property=\"og:locale\" content=\"es_ES\" \/>\n<meta property=\"og:type\" content=\"article\" \/>\n<meta property=\"og:title\" content=\"Pintando Aves Sobre Tablas o Azulejos | Celebrate Urban Birds\" \/>\n<meta property=\"og:description\" content=\"A los ni\u00f1os les encanta pintar, y la pintura de aves es divertida. Aqu\u00ed hay una actividad f\u00e1cil para tu pr\u00f3ximo evento de Celebra las Aves Urbanas. Basada en el proyecto Azulejos de Paz, esta actividad emplea trozos peque\u00f1os de madera (tablas), o azulejos, sobre los cuales los ni\u00f1os pintan. Los azulejos pueden ser presentados, intercambiados con otros grupos, o llevados a casa. Nosotros preparamos tablas cuadradas de madera de 8 X 8 pulgadas. En una tienda de maderas, uno puede encontrar tablas con estas dimensiones, o pedir que las corten a medida. Tambi\u00e9n se necesitan para la actividad pintura...\" \/>\n<meta property=\"og:url\" content=\"https:\/\/test.celebrateurbanbirds.org\/es\/aprende\/arte\/art-activities-for-youth\/pintando-aves-sobre-tablas-o-azulejos\/\" \/>\n<meta property=\"og:site_name\" content=\"Celebrate Urban Birds\" \/>\n<meta property=\"article:publisher\" content=\"https:\/\/www.facebook.com\/CelebrateBirds\/\" \/>\n<meta name=\"twitter:card\" content=\"summary_large_image\" \/>\n<meta name=\"twitter:site\" content=\"@celebratebirds\" \/>\n<meta name=\"twitter:label1\" content=\"Est. reading time\" \/>\n\t<meta name=\"twitter:data1\" content=\"3 minutes\" \/>\n<script type=\"application\/ld+json\" class=\"yoast-schema-graph\">{\"@context\":\"https:\/\/schema.org\",\"@graph\":[{\"@type\":\"WebPage\",\"@id\":\"https:\/\/test.celebrateurbanbirds.org\/es\/aprende\/arte\/art-activities-for-youth\/pintando-aves-sobre-tablas-o-azulejos\/\",\"url\":\"https:\/\/test.celebrateurbanbirds.org\/es\/aprende\/arte\/art-activities-for-youth\/pintando-aves-sobre-tablas-o-azulejos\/\",\"name\":\"Pintando Aves Sobre Tablas o Azulejos | Celebrate Urban Birds\",\"isPartOf\":{\"@id\":\"https:\/\/test.celebrateurbanbirds.org\/#website\"},\"datePublished\":\"2013-07-12T15:12:32+00:00\",\"dateModified\":\"2013-07-12T15:12:32+00:00\",\"breadcrumb\":{\"@id\":\"https:\/\/test.celebrateurbanbirds.org\/es\/aprende\/arte\/art-activities-for-youth\/pintando-aves-sobre-tablas-o-azulejos\/#breadcrumb\"},\"inLanguage\":\"es-ES\",\"potentialAction\":[{\"@type\":\"ReadAction\",\"target\":[\"https:\/\/test.celebrateurbanbirds.org\/es\/aprende\/arte\/art-activities-for-youth\/pintando-aves-sobre-tablas-o-azulejos\/\"]}]},{\"@type\":\"BreadcrumbList\",\"@id\":\"https:\/\/test.celebrateurbanbirds.org\/es\/aprende\/arte\/art-activities-for-youth\/pintando-aves-sobre-tablas-o-azulejos\/#breadcrumb\",\"itemListElement\":[{\"@type\":\"ListItem\",\"position\":1,\"name\":\"Home\",\"item\":\"https:\/\/test.celebrateurbanbirds.org\/\"},{\"@type\":\"ListItem\",\"position\":2,\"name\":\"Aprende\",\"item\":\"https:\/\/test.celebrateurbanbirds.org\/es\/aprende\/\"},{\"@type\":\"ListItem\",\"position\":3,\"name\":\"Arte\",\"item\":\"https:\/\/test.celebrateurbanbirds.org\/es\/aprende\/arte\/\"},{\"@type\":\"ListItem\",\"position\":4,\"name\":\"Actividades de Arte para Ni\u00f1os y J\u00f3venes\",\"item\":\"https:\/\/test.celebrateurbanbirds.org\/es\/aprende\/arte\/art-activities-for-youth\/\"},{\"@type\":\"ListItem\",\"position\":5,\"name\":\"Pintando Aves Sobre Tablas o Azulejos\"}]},{\"@type\":\"WebSite\",\"@id\":\"https:\/\/test.celebrateurbanbirds.org\/#website\",\"url\":\"https:\/\/test.celebrateurbanbirds.org\/\",\"name\":\"Celebrate Urban Birds\",\"description\":\"We&#039;re All Close To Birds!\",\"potentialAction\":[{\"@type\":\"SearchAction\",\"target\":{\"@type\":\"EntryPoint\",\"urlTemplate\":\"https:\/\/test.celebrateurbanbirds.org\/?s={search_term_string}\"},\"query-input\":{\"@type\":\"PropertyValueSpecification\",\"valueRequired\":true,\"valueName\":\"search_term_string\"}}],\"inLanguage\":\"es-ES\"}]}<\/script>\n<!-- \/ Yoast SEO plugin. -->","yoast_head_json":{"title":"Pintando Aves Sobre Tablas o Azulejos | Celebrate Urban Birds","robots":{"index":"index","follow":"follow","max-snippet":"max-snippet:-1","max-image-preview":"max-image-preview:large","max-video-preview":"max-video-preview:-1"},"canonical":"https:\/\/test.celebrateurbanbirds.org\/es\/aprende\/arte\/art-activities-for-youth\/pintando-aves-sobre-tablas-o-azulejos\/","og_locale":"es_ES","og_type":"article","og_title":"Pintando Aves Sobre Tablas o Azulejos | Celebrate Urban Birds","og_description":"A los ni\u00f1os les encanta pintar, y la pintura de aves es divertida. Aqu\u00ed hay una actividad f\u00e1cil para tu pr\u00f3ximo evento de Celebra las Aves Urbanas. Basada en el proyecto Azulejos de Paz, esta actividad emplea trozos peque\u00f1os de madera (tablas), o azulejos, sobre los cuales los ni\u00f1os pintan. Los azulejos pueden ser presentados, intercambiados con otros grupos, o llevados a casa. Nosotros preparamos tablas cuadradas de madera de 8 X 8 pulgadas. En una tienda de maderas, uno puede encontrar tablas con estas dimensiones, o pedir que las corten a medida. Tambi\u00e9n se necesitan para la actividad pintura...","og_url":"https:\/\/test.celebrateurbanbirds.org\/es\/aprende\/arte\/art-activities-for-youth\/pintando-aves-sobre-tablas-o-azulejos\/","og_site_name":"Celebrate Urban Birds","article_publisher":"https:\/\/www.facebook.com\/CelebrateBirds\/","twitter_card":"summary_large_image","twitter_site":"@celebratebirds","twitter_misc":{"Est. reading time":"3 minutes"},"schema":{"@context":"https:\/\/schema.org","@graph":[{"@type":"WebPage","@id":"https:\/\/test.celebrateurbanbirds.org\/es\/aprende\/arte\/art-activities-for-youth\/pintando-aves-sobre-tablas-o-azulejos\/","url":"https:\/\/test.celebrateurbanbirds.org\/es\/aprende\/arte\/art-activities-for-youth\/pintando-aves-sobre-tablas-o-azulejos\/","name":"Pintando Aves Sobre Tablas o Azulejos | Celebrate Urban Birds","isPartOf":{"@id":"https:\/\/test.celebrateurbanbirds.org\/#website"},"datePublished":"2013-07-12T15:12:32+00:00","dateModified":"2013-07-12T15:12:32+00:00","breadcrumb":{"@id":"https:\/\/test.celebrateurbanbirds.org\/es\/aprende\/arte\/art-activities-for-youth\/pintando-aves-sobre-tablas-o-azulejos\/#breadcrumb"},"inLanguage":"es-ES","potentialAction":[{"@type":"ReadAction","target":["https:\/\/test.celebrateurbanbirds.org\/es\/aprende\/arte\/art-activities-for-youth\/pintando-aves-sobre-tablas-o-azulejos\/"]}]},{"@type":"BreadcrumbList","@id":"https:\/\/test.celebrateurbanbirds.org\/es\/aprende\/arte\/art-activities-for-youth\/pintando-aves-sobre-tablas-o-azulejos\/#breadcrumb","itemListElement":[{"@type":"ListItem","position":1,"name":"Home","item":"https:\/\/test.celebrateurbanbirds.org\/"},{"@type":"ListItem","position":2,"name":"Aprende","item":"https:\/\/test.celebrateurbanbirds.org\/es\/aprende\/"},{"@type":"ListItem","position":3,"name":"Arte","item":"https:\/\/test.celebrateurbanbirds.org\/es\/aprende\/arte\/"},{"@type":"ListItem","position":4,"name":"Actividades de Arte para Ni\u00f1os y J\u00f3venes","item":"https:\/\/test.celebrateurbanbirds.org\/es\/aprende\/arte\/art-activities-for-youth\/"},{"@type":"ListItem","position":5,"name":"Pintando Aves Sobre Tablas o Azulejos"}]},{"@type":"WebSite","@id":"https:\/\/test.celebrateurbanbirds.org\/#website","url":"https:\/\/test.celebrateurbanbirds.org\/","name":"Celebrate Urban Birds","description":"We&#039;re All Close To Birds!","potentialAction":[{"@type":"SearchAction","target":{"@type":"EntryPoint","urlTemplate":"https:\/\/test.celebrateurbanbirds.org\/?s={search_term_string}"},"query-input":{"@type":"PropertyValueSpecification","valueRequired":true,"valueName":"search_term_string"}}],"inLanguage":"es-ES"}]}},"_links":{"self":[{"href":"https:\/\/test.celebrateurbanbirds.org\/es\/wp-json\/wp\/v2\/pages\/8801","targetHints":{"allow":["GET"]}}],"collection":[{"href":"https:\/\/test.celebrateurbanbirds.org\/es\/wp-json\/wp\/v2\/pages"}],"about":[{"href":"https:\/\/test.celebrateurbanbirds.org\/es\/wp-json\/wp\/v2\/types\/page"}],"author":[{"embeddable":true,"href":"https:\/\/test.celebrateurbanbirds.org\/es\/wp-json\/wp\/v2\/users\/4"}],"replies":[{"embeddable":true,"href":"https:\/\/test.celebrateurbanbirds.org\/es\/wp-json\/wp\/v2\/comments?post=8801"}],"version-history":[{"count":0,"href":"https:\/\/test.celebrateurbanbirds.org\/es\/wp-json\/wp\/v2\/pages\/8801\/revisions"}],"up":[{"embeddable":true,"href":"https:\/\/test.celebrateurbanbirds.org\/es\/wp-json\/wp\/v2\/pages\/2202"}],"wp:attachment":[{"href":"https:\/\/test.celebrateurbanbirds.org\/es\/wp-json\/wp\/v2\/media?parent=8801"}],"curies":[{"name":"wp","href":"https:\/\/api.w.org\/{rel}","templated":true}]}}