{"id":81,"date":"2012-07-27T14:57:32","date_gmt":"2012-07-27T14:57:32","guid":{"rendered":"http:\/\/wpdev14.allaboutbirds.org\/?page_id=81"},"modified":"2017-03-24T14:45:23","modified_gmt":"2017-03-24T18:45:23","slug":"explora","status":"publish","type":"page","link":"https:\/\/test.celebrateurbanbirds.org\/es\/explora\/","title":{"rendered":"Recursos"},"content":{"rendered":"","protected":false},"excerpt":{"rendered":"","protected":false},"author":2,"featured_media":18301,"parent":0,"menu_order":19,"comment_status":"open","ping_status":"open","template":"page-with-child-links.php","meta":{"_acf_changed":false,"footnotes":""},"class_list":["post-81","page","type-page","status-publish","has-post-thumbnail","hentry"],"acf":[],"yoast_head":"<!-- This site is optimized with the Yoast SEO plugin v24.0 - https:\/\/yoast.com\/wordpress\/plugins\/seo\/ -->\n<title>Recursos | Celebrate Urban Birds<\/title>\n<meta name=\"robots\" content=\"index, follow, max-snippet:-1, max-image-preview:large, max-video-preview:-1\" \/>\n<link rel=\"canonical\" href=\"https:\/\/test.celebrateurbanbirds.org\/es\/explora\/\" \/>\n<meta property=\"og:locale\" content=\"es_ES\" \/>\n<meta property=\"og:type\" content=\"article\" \/>\n<meta property=\"og:title\" content=\"Recursos | Celebrate Urban Birds\" \/>\n<meta property=\"og:url\" content=\"https:\/\/test.celebrateurbanbirds.org\/es\/explora\/\" \/>\n<meta property=\"og:site_name\" content=\"Celebrate Urban Birds\" \/>\n<meta property=\"article:publisher\" content=\"https:\/\/www.facebook.com\/CelebrateBirds\/\" \/>\n<meta property=\"article:modified_time\" content=\"2017-03-24T18:45:23+00:00\" \/>\n<meta property=\"og:image\" content=\"https:\/\/test.celebrateurbanbirds.org\/wp-content\/uploads\/2012\/07\/GreenJayMayanXocen_6138-1024x768.jpg\" \/>\n\t<meta property=\"og:image:width\" content=\"1024\" \/>\n\t<meta property=\"og:image:height\" content=\"768\" \/>\n\t<meta property=\"og:image:type\" content=\"image\/jpeg\" \/>\n<meta name=\"twitter:card\" content=\"summary_large_image\" \/>\n<meta name=\"twitter:site\" content=\"@celebratebirds\" \/>\n<script type=\"application\/ld+json\" class=\"yoast-schema-graph\">{\"@context\":\"https:\/\/schema.org\",\"@graph\":[{\"@type\":\"WebPage\",\"@id\":\"https:\/\/test.celebrateurbanbirds.org\/es\/explora\/\",\"url\":\"https:\/\/test.celebrateurbanbirds.org\/es\/explora\/\",\"name\":\"Recursos | Celebrate Urban Birds\",\"isPartOf\":{\"@id\":\"https:\/\/test.celebrateurbanbirds.org\/#website\"},\"primaryImageOfPage\":{\"@id\":\"https:\/\/test.celebrateurbanbirds.org\/es\/explora\/#primaryimage\"},\"image\":{\"@id\":\"https:\/\/test.celebrateurbanbirds.org\/es\/explora\/#primaryimage\"},\"thumbnailUrl\":\"https:\/\/test.celebrateurbanbirds.org\/wp-content\/uploads\/2012\/07\/GreenJayMayanXocen_6138.jpg\",\"datePublished\":\"2012-07-27T14:57:32+00:00\",\"dateModified\":\"2017-03-24T18:45:23+00:00\",\"breadcrumb\":{\"@id\":\"https:\/\/test.celebrateurbanbirds.org\/es\/explora\/#breadcrumb\"},\"inLanguage\":\"es-ES\",\"potentialAction\":[{\"@type\":\"ReadAction\",\"target\":[\"https:\/\/test.celebrateurbanbirds.org\/es\/explora\/\"]}]},{\"@type\":\"ImageObject\",\"inLanguage\":\"es-ES\",\"@id\":\"https:\/\/test.celebrateurbanbirds.org\/es\/explora\/#primaryimage\",\"url\":\"https:\/\/test.celebrateurbanbirds.org\/wp-content\/uploads\/2012\/07\/GreenJayMayanXocen_6138.jpg\",\"contentUrl\":\"https:\/\/test.celebrateurbanbirds.org\/wp-content\/uploads\/2012\/07\/GreenJayMayanXocen_6138.jpg\",\"width\":4608,\"height\":3456,\"caption\":\"Evento de Celebra las Aves Urbanas del d\u00eda 2 de Mayo del 2015 en el poblado de Xoc\u00e9n, Yucat\u00e1n. Photos Green Jay Mayan Birding\"},{\"@type\":\"BreadcrumbList\",\"@id\":\"https:\/\/test.celebrateurbanbirds.org\/es\/explora\/#breadcrumb\",\"itemListElement\":[{\"@type\":\"ListItem\",\"position\":1,\"name\":\"Home\",\"item\":\"https:\/\/test.celebrateurbanbirds.org\/\"},{\"@type\":\"ListItem\",\"position\":2,\"name\":\"Recursos\"}]},{\"@type\":\"WebSite\",\"@id\":\"https:\/\/test.celebrateurbanbirds.org\/#website\",\"url\":\"https:\/\/test.celebrateurbanbirds.org\/\",\"name\":\"Celebrate Urban Birds\",\"description\":\"We&#039;re All Close To Birds!\",\"potentialAction\":[{\"@type\":\"SearchAction\",\"target\":{\"@type\":\"EntryPoint\",\"urlTemplate\":\"https:\/\/test.celebrateurbanbirds.org\/?s={search_term_string}\"},\"query-input\":{\"@type\":\"PropertyValueSpecification\",\"valueRequired\":true,\"valueName\":\"search_term_string\"}}],\"inLanguage\":\"es-ES\"}]}<\/script>\n<!-- \/ Yoast SEO plugin. -->","yoast_head_json":{"title":"Recursos | Celebrate Urban Birds","robots":{"index":"index","follow":"follow","max-snippet":"max-snippet:-1","max-image-preview":"max-image-preview:large","max-video-preview":"max-video-preview:-1"},"canonical":"https:\/\/test.celebrateurbanbirds.org\/es\/explora\/","og_locale":"es_ES","og_type":"article","og_title":"Recursos | Celebrate Urban Birds","og_url":"https:\/\/test.celebrateurbanbirds.org\/es\/explora\/","og_site_name":"Celebrate Urban Birds","article_publisher":"https:\/\/www.facebook.com\/CelebrateBirds\/","article_modified_time":"2017-03-24T18:45:23+00:00","og_image":[{"width":1024,"height":768,"url":"https:\/\/test.celebrateurbanbirds.org\/wp-content\/uploads\/2012\/07\/GreenJayMayanXocen_6138-1024x768.jpg","type":"image\/jpeg"}],"twitter_card":"summary_large_image","twitter_site":"@celebratebirds","schema":{"@context":"https:\/\/schema.org","@graph":[{"@type":"WebPage","@id":"https:\/\/test.celebrateurbanbirds.org\/es\/explora\/","url":"https:\/\/test.celebrateurbanbirds.org\/es\/explora\/","name":"Recursos | Celebrate Urban Birds","isPartOf":{"@id":"https:\/\/test.celebrateurbanbirds.org\/#website"},"primaryImageOfPage":{"@id":"https:\/\/test.celebrateurbanbirds.org\/es\/explora\/#primaryimage"},"image":{"@id":"https:\/\/test.celebrateurbanbirds.org\/es\/explora\/#primaryimage"},"thumbnailUrl":"https:\/\/test.celebrateurbanbirds.org\/wp-content\/uploads\/2012\/07\/GreenJayMayanXocen_6138.jpg","datePublished":"2012-07-27T14:57:32+00:00","dateModified":"2017-03-24T18:45:23+00:00","breadcrumb":{"@id":"https:\/\/test.celebrateurbanbirds.org\/es\/explora\/#breadcrumb"},"inLanguage":"es-ES","potentialAction":[{"@type":"ReadAction","target":["https:\/\/test.celebrateurbanbirds.org\/es\/explora\/"]}]},{"@type":"ImageObject","inLanguage":"es-ES","@id":"https:\/\/test.celebrateurbanbirds.org\/es\/explora\/#primaryimage","url":"https:\/\/test.celebrateurbanbirds.org\/wp-content\/uploads\/2012\/07\/GreenJayMayanXocen_6138.jpg","contentUrl":"https:\/\/test.celebrateurbanbirds.org\/wp-content\/uploads\/2012\/07\/GreenJayMayanXocen_6138.jpg","width":4608,"height":3456,"caption":"Evento de Celebra las Aves Urbanas del d\u00eda 2 de Mayo del 2015 en el poblado de Xoc\u00e9n, Yucat\u00e1n. Photos Green Jay Mayan Birding"},{"@type":"BreadcrumbList","@id":"https:\/\/test.celebrateurbanbirds.org\/es\/explora\/#breadcrumb","itemListElement":[{"@type":"ListItem","position":1,"name":"Home","item":"https:\/\/test.celebrateurbanbirds.org\/"},{"@type":"ListItem","position":2,"name":"Recursos"}]},{"@type":"WebSite","@id":"https:\/\/test.celebrateurbanbirds.org\/#website","url":"https:\/\/test.celebrateurbanbirds.org\/","name":"Celebrate Urban Birds","description":"We&#039;re All Close To Birds!","potentialAction":[{"@type":"SearchAction","target":{"@type":"EntryPoint","urlTemplate":"https:\/\/test.celebrateurbanbirds.org\/?s={search_term_string}"},"query-input":{"@type":"PropertyValueSpecification","valueRequired":true,"valueName":"search_term_string"}}],"inLanguage":"es-ES"}]}},"_links":{"self":[{"href":"https:\/\/test.celebrateurbanbirds.org\/es\/wp-json\/wp\/v2\/pages\/81","targetHints":{"allow":["GET"]}}],"collection":[{"href":"https:\/\/test.celebrateurbanbirds.org\/es\/wp-json\/wp\/v2\/pages"}],"about":[{"href":"https:\/\/test.celebrateurbanbirds.org\/es\/wp-json\/wp\/v2\/types\/page"}],"author":[{"embeddable":true,"href":"https:\/\/test.celebrateurbanbirds.org\/es\/wp-json\/wp\/v2\/users\/2"}],"replies":[{"embeddable":true,"href":"https:\/\/test.celebrateurbanbirds.org\/es\/wp-json\/wp\/v2\/comments?post=81"}],"version-history":[{"count":0,"href":"https:\/\/test.celebrateurbanbirds.org\/es\/wp-json\/wp\/v2\/pages\/81\/revisions"}],"wp:featuredmedia":[{"embeddable":true,"href":"https:\/\/test.celebrateurbanbirds.org\/es\/wp-json\/wp\/v2\/media\/18301"}],"wp:attachment":[{"href":"https:\/\/test.celebrateurbanbirds.org\/es\/wp-json\/wp\/v2\/media?parent=81"}],"curies":[{"name":"wp","href":"https:\/\/api.w.org\/{rel}","templated":true}]}}