{"id":4018,"date":"2013-02-05T20:34:23","date_gmt":"2013-02-05T20:34:23","guid":{"rendered":"http:\/\/celebrateurbanbirds.org\/?page_id=4018"},"modified":"2013-02-05T20:34:23","modified_gmt":"2013-02-05T20:34:23","slug":"chorlo-tildio","status":"publish","type":"page","link":"https:\/\/test.celebrateurbanbirds.org\/es\/aprende\/aves\/guia-de-aves\/chorlo-tildio\/","title":{"rendered":"Chorlo Tildio"},"content":{"rendered":"<div><figure class=\"center large\"><img decoding=\"async\" src=\"https:\/\/test.celebrateurbanbirds.org\/wp-content\/uploads\/2013\/02\/Killdeer-by-Paul-Rentz-e1359752851448.jpg\" srcset=\"https:\/\/test.celebrateurbanbirds.org\/wp-content\/uploads\/2013\/02\/Killdeer-by-Paul-Rentz-e1359752851448.jpg 700w, https:\/\/test.celebrateurbanbirds.org\/wp-content\/uploads\/2013\/02\/Killdeer-by-Paul-Rentz-e1359752851448-300x216.jpg 300w, https:\/\/test.celebrateurbanbirds.org\/wp-content\/uploads\/2013\/02\/Killdeer-by-Paul-Rentz-e1359752851448-346x250.jpg 346w, https:\/\/test.celebrateurbanbirds.org\/wp-content\/uploads\/2013\/02\/Killdeer-by-Paul-Rentz-e1359752851448-500x361.jpg 500w, https:\/\/test.celebrateurbanbirds.org\/wp-content\/uploads\/2013\/02\/Killdeer-by-Paul-Rentz-e1359752851448-415x300.jpg 415w, https:\/\/test.celebrateurbanbirds.org\/wp-content\/uploads\/2013\/02\/Killdeer-by-Paul-Rentz-e1359752851448-124x90.jpg 124w\" sizes=\"(max-width: 767px) 100vw, (max-width: 991px) 96vw, (max-width: 1920px) 67vw, 1024px\" alt=\"\" \/><figcaption><span class=\"copyright\">(Photo &copy; Paul Rentz)<\/span><\/figcaption><\/figure><\/div>\n<h2>Detalles Curiosos<\/h2>\n<p>El Chorlo Tild\u00edo anida en la tierra en \u00e1reas abiertas con poca o ninguna vegetaci\u00f3n. Los techos de grava atraen al Chorlo Tild\u00edo para anidar y para obtener refugio de los depredadores, pero los techos pueden ser peligrosos. Si hay poco alimento en los techos, al dejar el nido, los chorlos juveniles necesitan abandonar el techo r\u00e1pidamente para sobrevivir. Los techos verdes pueden ayudar a las aves durante \u00e9ste periodo porque atraen a presas invertebradas como lombrices. Las aves j\u00f3venes pueden morir si tratan de abandonar el techo prematuramente y se caen del  techo. Sin embargo, algunas aves han sido observadas caer desde el s\u00e9ptimo piso de un edificio y han logrado sobrevivir. (En un caso interesante, un padre fue observado llamando a sus cr\u00edas desde  la base de un tubo de drenaje; cuando las cr\u00edas escucharon al padre brincaron a la entrada del tubo y se deslizaron hasta el llegar a la base del edificio).<\/p>\n<h2>Sonido<\/h2>\n<p>Su llamada es un fuerte sonido penetrante.<br \/>\nPara escuchar el sonido de esta especie visite la secci\u00f3n &#8220;\u00bfC\u00f3mo Identificar El Ave?&#8221; de <a href=\"http:\/\/celebrateurbanbirds.org\/es\/learn\/birds\/focal-species\/killdeer-2\/\" target=\"_blank\">su pagina de Aves Focales<\/a>.<\/p>\n<h2>H\u00e1bitat<\/h2>\n<p>Se encuentra en \u00e1reas abiertas, playas, estacionamientos con grava, y techos.<\/p>\n<h2>Alimento<\/h2>\n<p>Mayormente se alimentan de insectos, tambi\u00e9n de lombrices de tierra y caracoles.<\/p>\n<h2>Sab\u00edas qu\u00e9&#8230;<\/h2>\n<ul>\n<li>El Chorlo Tildio est\u00e1 dispuesto a vivir cerca de las personas. Por esta raz\u00f3n corre peligro ya que se puede envenenar con pesticidas. Tambi\u00e9n choca con edificios y carros.<\/li>\n<li>Muchas veces los chorlos pretenden tener una ala rota para que los depredadores no se acerquen al nido.<\/li>\n<\/ul>\n","protected":false},"excerpt":{"rendered":"<p>Detalles Curiosos El Chorlo Tild\u00edo anida en la tierra en \u00e1reas abiertas con poca o ninguna vegetaci\u00f3n. Los techos de grava atraen al Chorlo Tild\u00edo para anidar y para obtener refugio de los depredadores, pero los techos pueden ser peligrosos. Si hay poco alimento en los techos, al dejar el nido, los chorlos juveniles necesitan abandonar el techo r\u00e1pidamente para sobrevivir. Los techos verdes pueden ayudar a las aves durante \u00e9ste periodo porque atraen a presas invertebradas como lombrices. Las aves j\u00f3venes pueden morir si tratan de abandonar el techo prematuramente y se caen del techo. Sin embargo, algunas aves...<\/p>\n","protected":false},"author":5,"featured_media":0,"parent":3984,"menu_order":12,"comment_status":"open","ping_status":"open","template":"","meta":{"_acf_changed":false,"footnotes":""},"class_list":["post-4018","page","type-page","status-publish","hentry"],"acf":[],"yoast_head":"<!-- This site is optimized with the Yoast SEO plugin v24.0 - https:\/\/yoast.com\/wordpress\/plugins\/seo\/ -->\n<title>Chorlo Tildio | Celebrate Urban Birds<\/title>\n<meta name=\"robots\" content=\"index, follow, max-snippet:-1, max-image-preview:large, max-video-preview:-1\" \/>\n<link rel=\"canonical\" href=\"https:\/\/test.celebrateurbanbirds.org\/es\/aprende\/aves\/guia-de-aves\/chorlo-tildio\/\" \/>\n<meta property=\"og:locale\" content=\"es_ES\" \/>\n<meta property=\"og:type\" content=\"article\" \/>\n<meta property=\"og:title\" content=\"Chorlo Tildio | Celebrate Urban Birds\" \/>\n<meta property=\"og:description\" content=\"Detalles Curiosos El Chorlo Tild\u00edo anida en la tierra en \u00e1reas abiertas con poca o ninguna vegetaci\u00f3n. Los techos de grava atraen al Chorlo Tild\u00edo para anidar y para obtener refugio de los depredadores, pero los techos pueden ser peligrosos. Si hay poco alimento en los techos, al dejar el nido, los chorlos juveniles necesitan abandonar el techo r\u00e1pidamente para sobrevivir. Los techos verdes pueden ayudar a las aves durante \u00e9ste periodo porque atraen a presas invertebradas como lombrices. Las aves j\u00f3venes pueden morir si tratan de abandonar el techo prematuramente y se caen del techo. Sin embargo, algunas aves...\" \/>\n<meta property=\"og:url\" content=\"https:\/\/test.celebrateurbanbirds.org\/es\/aprende\/aves\/guia-de-aves\/chorlo-tildio\/\" \/>\n<meta property=\"og:site_name\" content=\"Celebrate Urban Birds\" \/>\n<meta property=\"article:publisher\" content=\"https:\/\/www.facebook.com\/CelebrateBirds\/\" \/>\n<meta name=\"twitter:card\" content=\"summary_large_image\" \/>\n<meta name=\"twitter:site\" content=\"@celebratebirds\" \/>\n<meta name=\"twitter:label1\" content=\"Est. reading time\" \/>\n\t<meta name=\"twitter:data1\" content=\"1 minute\" \/>\n<script type=\"application\/ld+json\" class=\"yoast-schema-graph\">{\"@context\":\"https:\/\/schema.org\",\"@graph\":[{\"@type\":\"WebPage\",\"@id\":\"https:\/\/test.celebrateurbanbirds.org\/es\/aprende\/aves\/guia-de-aves\/chorlo-tildio\/\",\"url\":\"https:\/\/test.celebrateurbanbirds.org\/es\/aprende\/aves\/guia-de-aves\/chorlo-tildio\/\",\"name\":\"Chorlo Tildio | Celebrate Urban Birds\",\"isPartOf\":{\"@id\":\"https:\/\/test.celebrateurbanbirds.org\/#website\"},\"datePublished\":\"2013-02-05T20:34:23+00:00\",\"dateModified\":\"2013-02-05T20:34:23+00:00\",\"breadcrumb\":{\"@id\":\"https:\/\/test.celebrateurbanbirds.org\/es\/aprende\/aves\/guia-de-aves\/chorlo-tildio\/#breadcrumb\"},\"inLanguage\":\"es-ES\",\"potentialAction\":[{\"@type\":\"ReadAction\",\"target\":[\"https:\/\/test.celebrateurbanbirds.org\/es\/aprende\/aves\/guia-de-aves\/chorlo-tildio\/\"]}]},{\"@type\":\"BreadcrumbList\",\"@id\":\"https:\/\/test.celebrateurbanbirds.org\/es\/aprende\/aves\/guia-de-aves\/chorlo-tildio\/#breadcrumb\",\"itemListElement\":[{\"@type\":\"ListItem\",\"position\":1,\"name\":\"Home\",\"item\":\"https:\/\/test.celebrateurbanbirds.org\/\"},{\"@type\":\"ListItem\",\"position\":2,\"name\":\"Aprende\",\"item\":\"https:\/\/test.celebrateurbanbirds.org\/es\/aprende\/\"},{\"@type\":\"ListItem\",\"position\":3,\"name\":\"Aves\",\"item\":\"https:\/\/test.celebrateurbanbirds.org\/es\/aprende\/aves\/\"},{\"@type\":\"ListItem\",\"position\":4,\"name\":\"Gu\u00eda de Aves\",\"item\":\"https:\/\/test.celebrateurbanbirds.org\/es\/?page_id=3984\"},{\"@type\":\"ListItem\",\"position\":5,\"name\":\"Chorlo Tildio\"}]},{\"@type\":\"WebSite\",\"@id\":\"https:\/\/test.celebrateurbanbirds.org\/#website\",\"url\":\"https:\/\/test.celebrateurbanbirds.org\/\",\"name\":\"Celebrate Urban Birds\",\"description\":\"We&#039;re All Close To Birds!\",\"potentialAction\":[{\"@type\":\"SearchAction\",\"target\":{\"@type\":\"EntryPoint\",\"urlTemplate\":\"https:\/\/test.celebrateurbanbirds.org\/?s={search_term_string}\"},\"query-input\":{\"@type\":\"PropertyValueSpecification\",\"valueRequired\":true,\"valueName\":\"search_term_string\"}}],\"inLanguage\":\"es-ES\"}]}<\/script>\n<!-- \/ Yoast SEO plugin. -->","yoast_head_json":{"title":"Chorlo Tildio | Celebrate Urban Birds","robots":{"index":"index","follow":"follow","max-snippet":"max-snippet:-1","max-image-preview":"max-image-preview:large","max-video-preview":"max-video-preview:-1"},"canonical":"https:\/\/test.celebrateurbanbirds.org\/es\/aprende\/aves\/guia-de-aves\/chorlo-tildio\/","og_locale":"es_ES","og_type":"article","og_title":"Chorlo Tildio | Celebrate Urban Birds","og_description":"Detalles Curiosos El Chorlo Tild\u00edo anida en la tierra en \u00e1reas abiertas con poca o ninguna vegetaci\u00f3n. Los techos de grava atraen al Chorlo Tild\u00edo para anidar y para obtener refugio de los depredadores, pero los techos pueden ser peligrosos. Si hay poco alimento en los techos, al dejar el nido, los chorlos juveniles necesitan abandonar el techo r\u00e1pidamente para sobrevivir. Los techos verdes pueden ayudar a las aves durante \u00e9ste periodo porque atraen a presas invertebradas como lombrices. Las aves j\u00f3venes pueden morir si tratan de abandonar el techo prematuramente y se caen del techo. Sin embargo, algunas aves...","og_url":"https:\/\/test.celebrateurbanbirds.org\/es\/aprende\/aves\/guia-de-aves\/chorlo-tildio\/","og_site_name":"Celebrate Urban Birds","article_publisher":"https:\/\/www.facebook.com\/CelebrateBirds\/","twitter_card":"summary_large_image","twitter_site":"@celebratebirds","twitter_misc":{"Est. reading time":"1 minute"},"schema":{"@context":"https:\/\/schema.org","@graph":[{"@type":"WebPage","@id":"https:\/\/test.celebrateurbanbirds.org\/es\/aprende\/aves\/guia-de-aves\/chorlo-tildio\/","url":"https:\/\/test.celebrateurbanbirds.org\/es\/aprende\/aves\/guia-de-aves\/chorlo-tildio\/","name":"Chorlo Tildio | Celebrate Urban Birds","isPartOf":{"@id":"https:\/\/test.celebrateurbanbirds.org\/#website"},"datePublished":"2013-02-05T20:34:23+00:00","dateModified":"2013-02-05T20:34:23+00:00","breadcrumb":{"@id":"https:\/\/test.celebrateurbanbirds.org\/es\/aprende\/aves\/guia-de-aves\/chorlo-tildio\/#breadcrumb"},"inLanguage":"es-ES","potentialAction":[{"@type":"ReadAction","target":["https:\/\/test.celebrateurbanbirds.org\/es\/aprende\/aves\/guia-de-aves\/chorlo-tildio\/"]}]},{"@type":"BreadcrumbList","@id":"https:\/\/test.celebrateurbanbirds.org\/es\/aprende\/aves\/guia-de-aves\/chorlo-tildio\/#breadcrumb","itemListElement":[{"@type":"ListItem","position":1,"name":"Home","item":"https:\/\/test.celebrateurbanbirds.org\/"},{"@type":"ListItem","position":2,"name":"Aprende","item":"https:\/\/test.celebrateurbanbirds.org\/es\/aprende\/"},{"@type":"ListItem","position":3,"name":"Aves","item":"https:\/\/test.celebrateurbanbirds.org\/es\/aprende\/aves\/"},{"@type":"ListItem","position":4,"name":"Gu\u00eda de Aves","item":"https:\/\/test.celebrateurbanbirds.org\/es\/?page_id=3984"},{"@type":"ListItem","position":5,"name":"Chorlo Tildio"}]},{"@type":"WebSite","@id":"https:\/\/test.celebrateurbanbirds.org\/#website","url":"https:\/\/test.celebrateurbanbirds.org\/","name":"Celebrate Urban Birds","description":"We&#039;re All Close To Birds!","potentialAction":[{"@type":"SearchAction","target":{"@type":"EntryPoint","urlTemplate":"https:\/\/test.celebrateurbanbirds.org\/?s={search_term_string}"},"query-input":{"@type":"PropertyValueSpecification","valueRequired":true,"valueName":"search_term_string"}}],"inLanguage":"es-ES"}]}},"_links":{"self":[{"href":"https:\/\/test.celebrateurbanbirds.org\/es\/wp-json\/wp\/v2\/pages\/4018","targetHints":{"allow":["GET"]}}],"collection":[{"href":"https:\/\/test.celebrateurbanbirds.org\/es\/wp-json\/wp\/v2\/pages"}],"about":[{"href":"https:\/\/test.celebrateurbanbirds.org\/es\/wp-json\/wp\/v2\/types\/page"}],"author":[{"embeddable":true,"href":"https:\/\/test.celebrateurbanbirds.org\/es\/wp-json\/wp\/v2\/users\/5"}],"replies":[{"embeddable":true,"href":"https:\/\/test.celebrateurbanbirds.org\/es\/wp-json\/wp\/v2\/comments?post=4018"}],"version-history":[{"count":0,"href":"https:\/\/test.celebrateurbanbirds.org\/es\/wp-json\/wp\/v2\/pages\/4018\/revisions"}],"up":[{"embeddable":true,"href":"https:\/\/test.celebrateurbanbirds.org\/es\/wp-json\/wp\/v2\/pages\/3984"}],"wp:attachment":[{"href":"https:\/\/test.celebrateurbanbirds.org\/es\/wp-json\/wp\/v2\/media?parent=4018"}],"curies":[{"name":"wp","href":"https:\/\/api.w.org\/{rel}","templated":true}]}}