{"id":4009,"date":"2013-02-05T20:12:29","date_gmt":"2013-02-05T20:12:29","guid":{"rendered":"http:\/\/celebrateurbanbirds.org\/?page_id=4009"},"modified":"2013-02-05T20:12:29","modified_gmt":"2013-02-05T20:12:29","slug":"estornino-europeo","status":"publish","type":"page","link":"https:\/\/test.celebrateurbanbirds.org\/es\/aprende\/aves\/guia-de-aves\/estornino-europeo\/","title":{"rendered":"Estornino Europeo"},"content":{"rendered":"<div><figure class=\"center large\"><img decoding=\"async\" src=\"https:\/\/test.celebrateurbanbirds.org\/wp-content\/uploads\/2013\/02\/European-Starling-by-Len-Endy-e1359751947412.jpg\" srcset=\"https:\/\/test.celebrateurbanbirds.org\/wp-content\/uploads\/2013\/02\/European-Starling-by-Len-Endy-e1359751947412.jpg 700w, https:\/\/test.celebrateurbanbirds.org\/wp-content\/uploads\/2013\/02\/European-Starling-by-Len-Endy-e1359751947412-300x171.jpg 300w, https:\/\/test.celebrateurbanbirds.org\/wp-content\/uploads\/2013\/02\/European-Starling-by-Len-Endy-e1359751947412-346x197.jpg 346w, https:\/\/test.celebrateurbanbirds.org\/wp-content\/uploads\/2013\/02\/European-Starling-by-Len-Endy-e1359751947412-500x285.jpg 500w, https:\/\/test.celebrateurbanbirds.org\/wp-content\/uploads\/2013\/02\/European-Starling-by-Len-Endy-e1359751947412-525x300.jpg 525w, https:\/\/test.celebrateurbanbirds.org\/wp-content\/uploads\/2013\/02\/European-Starling-by-Len-Endy-e1359751947412-157x90.jpg 157w\" sizes=\"(max-width: 767px) 100vw, (max-width: 991px) 96vw, (max-width: 1920px) 67vw, 1024px\" alt=\"\" \/><figcaption><span class=\"caption\"><p>Estornino Pinto<\/p>\n<\/span> <span class=\"copyright\">(Photo &copy; Len Endy)<\/span><\/figcaption><\/figure><\/div>\n<h2>Detalles Curiosos<\/h2>\n<p>El Estornino Europeo puede migrar com\u00fanmente en grupos de 100,000 p\u00e1jaros. Anida en cavidades (agujeros en \u00e1rboles, edificios y casas para p\u00e1jaros) y agresivamente destruye los huevos y mata a los polluelos de p\u00e1jaros nativos (tales como los carpinteros y azulejos) para usar sus sitios de anidaci\u00f3n.<\/p>\n<h2>Sonido<\/h2>\n<p>Emite una serie de cascabeleos y silbidos; imita los sonidos de los otros animales incluso el de los humanos.<br \/>\nPara escuchar los cantos de esta especie visite la secci\u00f3n &#8220;\u00bfC\u00f3mo Identificar El Ave?&#8221; de <a href=\"http:\/\/celebrateurbanbirds.org\/es\/learn\/birds\/focal-species\/european-starling-2\/\" target=\"_blank\">su pagina de Aves Focales<\/a>.<\/p>\n<h2>H\u00e1bitat<\/h2>\n<p>Habita en las ciudades, pueblos, suburbios y granjas.<\/p>\n<h2>Alimento<\/h2>\n<p>Se alimenta de bayas, insectos, otros invertebrados, frutas,  granos, semillas y basura.<\/p>\n<h2>Sab\u00edas qu\u00e9&#8230;<\/h2>\n<p>El estornino europeo no es nativo de Norteam\u00e9rica. Entre 1890 y 1892 cerca de 100 estorninos fueron liberados en el Parque Central de la Ciudad de Nueva York por un grupo que quer\u00eda introducir a todos los p\u00e1jaros mencionados por Shakespeare al continente. Ahora hay m\u00e1s de 200 millones de estorninos a trav\u00e9s de la mayor parte del continente.<\/p>\n","protected":false},"excerpt":{"rendered":"<p>Detalles Curiosos El Estornino Europeo puede migrar com\u00fanmente en grupos de 100,000 p\u00e1jaros. Anida en cavidades (agujeros en \u00e1rboles, edificios y casas para p\u00e1jaros) y agresivamente destruye los huevos y mata a los polluelos de p\u00e1jaros nativos (tales como los carpinteros y azulejos) para usar sus sitios de anidaci\u00f3n. Sonido Emite una serie de cascabeleos y silbidos; imita los sonidos de los otros animales incluso el de los humanos. Para escuchar los cantos de esta especie visite la secci\u00f3n &#8220;\u00bfC\u00f3mo Identificar El Ave?&#8221; de su pagina de Aves Focales. H\u00e1bitat Habita en las ciudades, pueblos, suburbios y granjas. Alimento Se...<\/p>\n","protected":false},"author":5,"featured_media":0,"parent":3984,"menu_order":9,"comment_status":"open","ping_status":"open","template":"","meta":{"_acf_changed":false,"footnotes":""},"class_list":["post-4009","page","type-page","status-publish","hentry"],"acf":[],"yoast_head":"<!-- This site is optimized with the Yoast SEO plugin v24.0 - https:\/\/yoast.com\/wordpress\/plugins\/seo\/ -->\n<title>Estornino Europeo | Celebrate Urban Birds<\/title>\n<meta name=\"robots\" content=\"index, follow, max-snippet:-1, max-image-preview:large, max-video-preview:-1\" \/>\n<link rel=\"canonical\" href=\"https:\/\/test.celebrateurbanbirds.org\/es\/aprende\/aves\/guia-de-aves\/estornino-europeo\/\" \/>\n<meta property=\"og:locale\" content=\"es_ES\" \/>\n<meta property=\"og:type\" content=\"article\" \/>\n<meta property=\"og:title\" content=\"Estornino Europeo | Celebrate Urban Birds\" \/>\n<meta property=\"og:description\" content=\"Detalles Curiosos El Estornino Europeo puede migrar com\u00fanmente en grupos de 100,000 p\u00e1jaros. Anida en cavidades (agujeros en \u00e1rboles, edificios y casas para p\u00e1jaros) y agresivamente destruye los huevos y mata a los polluelos de p\u00e1jaros nativos (tales como los carpinteros y azulejos) para usar sus sitios de anidaci\u00f3n. Sonido Emite una serie de cascabeleos y silbidos; imita los sonidos de los otros animales incluso el de los humanos. Para escuchar los cantos de esta especie visite la secci\u00f3n &#8220;\u00bfC\u00f3mo Identificar El Ave?&#8221; de su pagina de Aves Focales. H\u00e1bitat Habita en las ciudades, pueblos, suburbios y granjas. Alimento Se...\" \/>\n<meta property=\"og:url\" content=\"https:\/\/test.celebrateurbanbirds.org\/es\/aprende\/aves\/guia-de-aves\/estornino-europeo\/\" \/>\n<meta property=\"og:site_name\" content=\"Celebrate Urban Birds\" \/>\n<meta property=\"article:publisher\" content=\"https:\/\/www.facebook.com\/CelebrateBirds\/\" \/>\n<meta name=\"twitter:card\" content=\"summary_large_image\" \/>\n<meta name=\"twitter:site\" content=\"@celebratebirds\" \/>\n<meta name=\"twitter:label1\" content=\"Est. reading time\" \/>\n\t<meta name=\"twitter:data1\" content=\"1 minute\" \/>\n<script type=\"application\/ld+json\" class=\"yoast-schema-graph\">{\"@context\":\"https:\/\/schema.org\",\"@graph\":[{\"@type\":\"WebPage\",\"@id\":\"https:\/\/test.celebrateurbanbirds.org\/es\/aprende\/aves\/guia-de-aves\/estornino-europeo\/\",\"url\":\"https:\/\/test.celebrateurbanbirds.org\/es\/aprende\/aves\/guia-de-aves\/estornino-europeo\/\",\"name\":\"Estornino Europeo | Celebrate Urban Birds\",\"isPartOf\":{\"@id\":\"https:\/\/test.celebrateurbanbirds.org\/#website\"},\"datePublished\":\"2013-02-05T20:12:29+00:00\",\"dateModified\":\"2013-02-05T20:12:29+00:00\",\"breadcrumb\":{\"@id\":\"https:\/\/test.celebrateurbanbirds.org\/es\/aprende\/aves\/guia-de-aves\/estornino-europeo\/#breadcrumb\"},\"inLanguage\":\"es-ES\",\"potentialAction\":[{\"@type\":\"ReadAction\",\"target\":[\"https:\/\/test.celebrateurbanbirds.org\/es\/aprende\/aves\/guia-de-aves\/estornino-europeo\/\"]}]},{\"@type\":\"BreadcrumbList\",\"@id\":\"https:\/\/test.celebrateurbanbirds.org\/es\/aprende\/aves\/guia-de-aves\/estornino-europeo\/#breadcrumb\",\"itemListElement\":[{\"@type\":\"ListItem\",\"position\":1,\"name\":\"Home\",\"item\":\"https:\/\/test.celebrateurbanbirds.org\/\"},{\"@type\":\"ListItem\",\"position\":2,\"name\":\"Aprende\",\"item\":\"https:\/\/test.celebrateurbanbirds.org\/es\/aprende\/\"},{\"@type\":\"ListItem\",\"position\":3,\"name\":\"Aves\",\"item\":\"https:\/\/test.celebrateurbanbirds.org\/es\/aprende\/aves\/\"},{\"@type\":\"ListItem\",\"position\":4,\"name\":\"Gu\u00eda de Aves\",\"item\":\"https:\/\/test.celebrateurbanbirds.org\/es\/?page_id=3984\"},{\"@type\":\"ListItem\",\"position\":5,\"name\":\"Estornino Europeo\"}]},{\"@type\":\"WebSite\",\"@id\":\"https:\/\/test.celebrateurbanbirds.org\/#website\",\"url\":\"https:\/\/test.celebrateurbanbirds.org\/\",\"name\":\"Celebrate Urban Birds\",\"description\":\"We&#039;re All Close To Birds!\",\"potentialAction\":[{\"@type\":\"SearchAction\",\"target\":{\"@type\":\"EntryPoint\",\"urlTemplate\":\"https:\/\/test.celebrateurbanbirds.org\/?s={search_term_string}\"},\"query-input\":{\"@type\":\"PropertyValueSpecification\",\"valueRequired\":true,\"valueName\":\"search_term_string\"}}],\"inLanguage\":\"es-ES\"}]}<\/script>\n<!-- \/ Yoast SEO plugin. -->","yoast_head_json":{"title":"Estornino Europeo | Celebrate Urban Birds","robots":{"index":"index","follow":"follow","max-snippet":"max-snippet:-1","max-image-preview":"max-image-preview:large","max-video-preview":"max-video-preview:-1"},"canonical":"https:\/\/test.celebrateurbanbirds.org\/es\/aprende\/aves\/guia-de-aves\/estornino-europeo\/","og_locale":"es_ES","og_type":"article","og_title":"Estornino Europeo | Celebrate Urban Birds","og_description":"Detalles Curiosos El Estornino Europeo puede migrar com\u00fanmente en grupos de 100,000 p\u00e1jaros. Anida en cavidades (agujeros en \u00e1rboles, edificios y casas para p\u00e1jaros) y agresivamente destruye los huevos y mata a los polluelos de p\u00e1jaros nativos (tales como los carpinteros y azulejos) para usar sus sitios de anidaci\u00f3n. Sonido Emite una serie de cascabeleos y silbidos; imita los sonidos de los otros animales incluso el de los humanos. Para escuchar los cantos de esta especie visite la secci\u00f3n &#8220;\u00bfC\u00f3mo Identificar El Ave?&#8221; de su pagina de Aves Focales. H\u00e1bitat Habita en las ciudades, pueblos, suburbios y granjas. Alimento Se...","og_url":"https:\/\/test.celebrateurbanbirds.org\/es\/aprende\/aves\/guia-de-aves\/estornino-europeo\/","og_site_name":"Celebrate Urban Birds","article_publisher":"https:\/\/www.facebook.com\/CelebrateBirds\/","twitter_card":"summary_large_image","twitter_site":"@celebratebirds","twitter_misc":{"Est. reading time":"1 minute"},"schema":{"@context":"https:\/\/schema.org","@graph":[{"@type":"WebPage","@id":"https:\/\/test.celebrateurbanbirds.org\/es\/aprende\/aves\/guia-de-aves\/estornino-europeo\/","url":"https:\/\/test.celebrateurbanbirds.org\/es\/aprende\/aves\/guia-de-aves\/estornino-europeo\/","name":"Estornino Europeo | Celebrate Urban Birds","isPartOf":{"@id":"https:\/\/test.celebrateurbanbirds.org\/#website"},"datePublished":"2013-02-05T20:12:29+00:00","dateModified":"2013-02-05T20:12:29+00:00","breadcrumb":{"@id":"https:\/\/test.celebrateurbanbirds.org\/es\/aprende\/aves\/guia-de-aves\/estornino-europeo\/#breadcrumb"},"inLanguage":"es-ES","potentialAction":[{"@type":"ReadAction","target":["https:\/\/test.celebrateurbanbirds.org\/es\/aprende\/aves\/guia-de-aves\/estornino-europeo\/"]}]},{"@type":"BreadcrumbList","@id":"https:\/\/test.celebrateurbanbirds.org\/es\/aprende\/aves\/guia-de-aves\/estornino-europeo\/#breadcrumb","itemListElement":[{"@type":"ListItem","position":1,"name":"Home","item":"https:\/\/test.celebrateurbanbirds.org\/"},{"@type":"ListItem","position":2,"name":"Aprende","item":"https:\/\/test.celebrateurbanbirds.org\/es\/aprende\/"},{"@type":"ListItem","position":3,"name":"Aves","item":"https:\/\/test.celebrateurbanbirds.org\/es\/aprende\/aves\/"},{"@type":"ListItem","position":4,"name":"Gu\u00eda de Aves","item":"https:\/\/test.celebrateurbanbirds.org\/es\/?page_id=3984"},{"@type":"ListItem","position":5,"name":"Estornino Europeo"}]},{"@type":"WebSite","@id":"https:\/\/test.celebrateurbanbirds.org\/#website","url":"https:\/\/test.celebrateurbanbirds.org\/","name":"Celebrate Urban Birds","description":"We&#039;re All Close To Birds!","potentialAction":[{"@type":"SearchAction","target":{"@type":"EntryPoint","urlTemplate":"https:\/\/test.celebrateurbanbirds.org\/?s={search_term_string}"},"query-input":{"@type":"PropertyValueSpecification","valueRequired":true,"valueName":"search_term_string"}}],"inLanguage":"es-ES"}]}},"_links":{"self":[{"href":"https:\/\/test.celebrateurbanbirds.org\/es\/wp-json\/wp\/v2\/pages\/4009","targetHints":{"allow":["GET"]}}],"collection":[{"href":"https:\/\/test.celebrateurbanbirds.org\/es\/wp-json\/wp\/v2\/pages"}],"about":[{"href":"https:\/\/test.celebrateurbanbirds.org\/es\/wp-json\/wp\/v2\/types\/page"}],"author":[{"embeddable":true,"href":"https:\/\/test.celebrateurbanbirds.org\/es\/wp-json\/wp\/v2\/users\/5"}],"replies":[{"embeddable":true,"href":"https:\/\/test.celebrateurbanbirds.org\/es\/wp-json\/wp\/v2\/comments?post=4009"}],"version-history":[{"count":0,"href":"https:\/\/test.celebrateurbanbirds.org\/es\/wp-json\/wp\/v2\/pages\/4009\/revisions"}],"up":[{"embeddable":true,"href":"https:\/\/test.celebrateurbanbirds.org\/es\/wp-json\/wp\/v2\/pages\/3984"}],"wp:attachment":[{"href":"https:\/\/test.celebrateurbanbirds.org\/es\/wp-json\/wp\/v2\/media?parent=4009"}],"curies":[{"name":"wp","href":"https:\/\/api.w.org\/{rel}","templated":true}]}}