{"id":3998,"date":"2013-02-05T19:51:40","date_gmt":"2013-02-05T19:51:40","guid":{"rendered":"http:\/\/celebrateurbanbirds.org\/?page_id=3998"},"modified":"2013-02-05T20:22:23","modified_gmt":"2013-02-05T20:22:23","slug":"pedrete-de-corona-negra","status":"publish","type":"page","link":"https:\/\/test.celebrateurbanbirds.org\/es\/aprende\/aves\/guia-de-aves\/pedrete-de-corona-negra\/","title":{"rendered":"Pedrete de Corona Negra"},"content":{"rendered":"<figure class=\"left large\"><img decoding=\"async\" src=\"https:\/\/test.celebrateurbanbirds.org\/wp-content\/uploads\/2013\/02\/Black-Crowned-Night-Heron-by-iStockPhoto.jpg\" srcset=\"https:\/\/test.celebrateurbanbirds.org\/wp-content\/uploads\/2013\/02\/Black-Crowned-Night-Heron-by-iStockPhoto.jpg 363w, https:\/\/test.celebrateurbanbirds.org\/wp-content\/uploads\/2013\/02\/Black-Crowned-Night-Heron-by-iStockPhoto-173x300.jpg 173w, https:\/\/test.celebrateurbanbirds.org\/wp-content\/uploads\/2013\/02\/Black-Crowned-Night-Heron-by-iStockPhoto-346x598.jpg 346w, https:\/\/test.celebrateurbanbirds.org\/wp-content\/uploads\/2013\/02\/Black-Crowned-Night-Heron-by-iStockPhoto-289x500.jpg 289w, https:\/\/test.celebrateurbanbirds.org\/wp-content\/uploads\/2013\/02\/Black-Crowned-Night-Heron-by-iStockPhoto-52x90.jpg 52w\" sizes=\"(max-width: 767px) 100vw, (max-width: 991px) 96vw, (max-width: 1920px) 67vw, 1024px\" alt=\"\" \/><figcaption><span class=\"copyright\">(Photo &copy; iStockPhoto)<\/span><\/figcaption><\/figure>\n<h2>Detalles Curiosos<\/h2>\n<p>\u00a1Los Pedretes de Corona Negra j\u00f3venes pueden defender sus nidos agresivamente, regurgitando y defecando  directamente sobre los intrusos humanos, graznando con alas extendidas y el pico abierto!<\/p>\n<h2>Sonido<\/h2>\n<p>Su llamada es un fuerte graznido \u00e1spero.<br \/>\nPara escuchar el sonido visite la secci\u00f3n &#8220;\u00bfC\u00f3mo Identificar El Ave?&#8221; de <a href=\"http:\/\/celebrateurbanbirds.org\/es\/learn\/birds\/focal-species\/black-crowned-night-heron-2\/\" target=\"_blank\">su pagina de Aves Focales<\/a>.<\/p>\n<h2>H\u00e1bitat<\/h2>\n<p>Pantanos, riachuelos, estanques, lagos y campos.<\/p>\n<h2>Alimento<\/h2>\n<p>Come una gran variedad de comida. Lombrices de tierra, insectos, peces, serpientes, roedores, huevos, plantas, basura y m\u00e1s.<\/p>\n<h2>Sab\u00edas qu\u00e9&#8230;<\/h2>\n<ul>\n<li>Cuando caza peces el Pedrete de Corona Negra zambulle primero las patas, o sumerge la cabeza dentro del agua.\n<\/li>\n<li>Ellos generalmente duermen durante el d\u00eda excepto cuando tienen que buscar comida para sus crias.\n<\/li>\n<li>Parece que el Pedrete de Corona Negra no distingue entre sus cr\u00edas y las de otros nidos, porque cuida a cr\u00edas que no le pertenecen.<\/li>\n<\/ul>\n<p>Abajo encuentre un video de un Pedrete de Corona Negra atrapando un pez:<br \/>\n<center><iframe loading=\"lazy\" width=\"420\" height=\"315\" src=\"http:\/\/www.youtube.com\/embed\/FujhMABOLH4\" frameborder=\"0\" allowfullscreen><\/iframe><\/center><\/p>\n","protected":false},"excerpt":{"rendered":"<p>Detalles Curiosos \u00a1Los Pedretes de Corona Negra j\u00f3venes pueden defender sus nidos agresivamente, regurgitando y defecando directamente sobre los intrusos humanos, graznando con alas extendidas y el pico abierto! Sonido Su llamada es un fuerte graznido \u00e1spero. Para escuchar el sonido visite la secci\u00f3n &#8220;\u00bfC\u00f3mo Identificar El Ave?&#8221; de su pagina de Aves Focales. H\u00e1bitat Pantanos, riachuelos, estanques, lagos y campos. Alimento Come una gran variedad de comida. Lombrices de tierra, insectos, peces, serpientes, roedores, huevos, plantas, basura y m\u00e1s. Sab\u00edas qu\u00e9&#8230; Cuando caza peces el Pedrete de Corona Negra zambulle primero las patas, o sumerge la cabeza dentro del...<\/p>\n","protected":false},"author":5,"featured_media":0,"parent":3984,"menu_order":5,"comment_status":"open","ping_status":"open","template":"","meta":{"_acf_changed":false,"footnotes":""},"class_list":["post-3998","page","type-page","status-publish","hentry"],"acf":[],"yoast_head":"<!-- This site is optimized with the Yoast SEO plugin v24.0 - https:\/\/yoast.com\/wordpress\/plugins\/seo\/ -->\n<title>Pedrete de Corona Negra | Celebrate Urban Birds<\/title>\n<meta name=\"robots\" content=\"index, follow, max-snippet:-1, max-image-preview:large, max-video-preview:-1\" \/>\n<link rel=\"canonical\" href=\"https:\/\/test.celebrateurbanbirds.org\/es\/aprende\/aves\/guia-de-aves\/pedrete-de-corona-negra\/\" \/>\n<meta property=\"og:locale\" content=\"es_ES\" \/>\n<meta property=\"og:type\" content=\"article\" \/>\n<meta property=\"og:title\" content=\"Pedrete de Corona Negra | Celebrate Urban Birds\" \/>\n<meta property=\"og:description\" content=\"Detalles Curiosos \u00a1Los Pedretes de Corona Negra j\u00f3venes pueden defender sus nidos agresivamente, regurgitando y defecando directamente sobre los intrusos humanos, graznando con alas extendidas y el pico abierto! Sonido Su llamada es un fuerte graznido \u00e1spero. Para escuchar el sonido visite la secci\u00f3n &#8220;\u00bfC\u00f3mo Identificar El Ave?&#8221; de su pagina de Aves Focales. H\u00e1bitat Pantanos, riachuelos, estanques, lagos y campos. Alimento Come una gran variedad de comida. Lombrices de tierra, insectos, peces, serpientes, roedores, huevos, plantas, basura y m\u00e1s. Sab\u00edas qu\u00e9&#8230; Cuando caza peces el Pedrete de Corona Negra zambulle primero las patas, o sumerge la cabeza dentro del...\" \/>\n<meta property=\"og:url\" content=\"https:\/\/test.celebrateurbanbirds.org\/es\/aprende\/aves\/guia-de-aves\/pedrete-de-corona-negra\/\" \/>\n<meta property=\"og:site_name\" content=\"Celebrate Urban Birds\" \/>\n<meta property=\"article:publisher\" content=\"https:\/\/www.facebook.com\/CelebrateBirds\/\" \/>\n<meta property=\"article:modified_time\" content=\"2013-02-05T20:22:23+00:00\" \/>\n<meta name=\"twitter:card\" content=\"summary_large_image\" \/>\n<meta name=\"twitter:site\" content=\"@celebratebirds\" \/>\n<meta name=\"twitter:label1\" content=\"Est. reading time\" \/>\n\t<meta name=\"twitter:data1\" content=\"1 minute\" \/>\n<script type=\"application\/ld+json\" class=\"yoast-schema-graph\">{\"@context\":\"https:\/\/schema.org\",\"@graph\":[{\"@type\":\"WebPage\",\"@id\":\"https:\/\/test.celebrateurbanbirds.org\/es\/aprende\/aves\/guia-de-aves\/pedrete-de-corona-negra\/\",\"url\":\"https:\/\/test.celebrateurbanbirds.org\/es\/aprende\/aves\/guia-de-aves\/pedrete-de-corona-negra\/\",\"name\":\"Pedrete de Corona Negra | Celebrate Urban Birds\",\"isPartOf\":{\"@id\":\"https:\/\/test.celebrateurbanbirds.org\/#website\"},\"datePublished\":\"2013-02-05T19:51:40+00:00\",\"dateModified\":\"2013-02-05T20:22:23+00:00\",\"breadcrumb\":{\"@id\":\"https:\/\/test.celebrateurbanbirds.org\/es\/aprende\/aves\/guia-de-aves\/pedrete-de-corona-negra\/#breadcrumb\"},\"inLanguage\":\"es-ES\",\"potentialAction\":[{\"@type\":\"ReadAction\",\"target\":[\"https:\/\/test.celebrateurbanbirds.org\/es\/aprende\/aves\/guia-de-aves\/pedrete-de-corona-negra\/\"]}]},{\"@type\":\"BreadcrumbList\",\"@id\":\"https:\/\/test.celebrateurbanbirds.org\/es\/aprende\/aves\/guia-de-aves\/pedrete-de-corona-negra\/#breadcrumb\",\"itemListElement\":[{\"@type\":\"ListItem\",\"position\":1,\"name\":\"Home\",\"item\":\"https:\/\/test.celebrateurbanbirds.org\/\"},{\"@type\":\"ListItem\",\"position\":2,\"name\":\"Aprende\",\"item\":\"https:\/\/test.celebrateurbanbirds.org\/es\/aprende\/\"},{\"@type\":\"ListItem\",\"position\":3,\"name\":\"Aves\",\"item\":\"https:\/\/test.celebrateurbanbirds.org\/es\/aprende\/aves\/\"},{\"@type\":\"ListItem\",\"position\":4,\"name\":\"Gu\u00eda de Aves\",\"item\":\"https:\/\/test.celebrateurbanbirds.org\/es\/?page_id=3984\"},{\"@type\":\"ListItem\",\"position\":5,\"name\":\"Pedrete de Corona Negra\"}]},{\"@type\":\"WebSite\",\"@id\":\"https:\/\/test.celebrateurbanbirds.org\/#website\",\"url\":\"https:\/\/test.celebrateurbanbirds.org\/\",\"name\":\"Celebrate Urban Birds\",\"description\":\"We&#039;re All Close To Birds!\",\"potentialAction\":[{\"@type\":\"SearchAction\",\"target\":{\"@type\":\"EntryPoint\",\"urlTemplate\":\"https:\/\/test.celebrateurbanbirds.org\/?s={search_term_string}\"},\"query-input\":{\"@type\":\"PropertyValueSpecification\",\"valueRequired\":true,\"valueName\":\"search_term_string\"}}],\"inLanguage\":\"es-ES\"}]}<\/script>\n<!-- \/ Yoast SEO plugin. -->","yoast_head_json":{"title":"Pedrete de Corona Negra | Celebrate Urban Birds","robots":{"index":"index","follow":"follow","max-snippet":"max-snippet:-1","max-image-preview":"max-image-preview:large","max-video-preview":"max-video-preview:-1"},"canonical":"https:\/\/test.celebrateurbanbirds.org\/es\/aprende\/aves\/guia-de-aves\/pedrete-de-corona-negra\/","og_locale":"es_ES","og_type":"article","og_title":"Pedrete de Corona Negra | Celebrate Urban Birds","og_description":"Detalles Curiosos \u00a1Los Pedretes de Corona Negra j\u00f3venes pueden defender sus nidos agresivamente, regurgitando y defecando directamente sobre los intrusos humanos, graznando con alas extendidas y el pico abierto! Sonido Su llamada es un fuerte graznido \u00e1spero. Para escuchar el sonido visite la secci\u00f3n &#8220;\u00bfC\u00f3mo Identificar El Ave?&#8221; de su pagina de Aves Focales. H\u00e1bitat Pantanos, riachuelos, estanques, lagos y campos. Alimento Come una gran variedad de comida. Lombrices de tierra, insectos, peces, serpientes, roedores, huevos, plantas, basura y m\u00e1s. Sab\u00edas qu\u00e9&#8230; Cuando caza peces el Pedrete de Corona Negra zambulle primero las patas, o sumerge la cabeza dentro del...","og_url":"https:\/\/test.celebrateurbanbirds.org\/es\/aprende\/aves\/guia-de-aves\/pedrete-de-corona-negra\/","og_site_name":"Celebrate Urban Birds","article_publisher":"https:\/\/www.facebook.com\/CelebrateBirds\/","article_modified_time":"2013-02-05T20:22:23+00:00","twitter_card":"summary_large_image","twitter_site":"@celebratebirds","twitter_misc":{"Est. reading time":"1 minute"},"schema":{"@context":"https:\/\/schema.org","@graph":[{"@type":"WebPage","@id":"https:\/\/test.celebrateurbanbirds.org\/es\/aprende\/aves\/guia-de-aves\/pedrete-de-corona-negra\/","url":"https:\/\/test.celebrateurbanbirds.org\/es\/aprende\/aves\/guia-de-aves\/pedrete-de-corona-negra\/","name":"Pedrete de Corona Negra | Celebrate Urban Birds","isPartOf":{"@id":"https:\/\/test.celebrateurbanbirds.org\/#website"},"datePublished":"2013-02-05T19:51:40+00:00","dateModified":"2013-02-05T20:22:23+00:00","breadcrumb":{"@id":"https:\/\/test.celebrateurbanbirds.org\/es\/aprende\/aves\/guia-de-aves\/pedrete-de-corona-negra\/#breadcrumb"},"inLanguage":"es-ES","potentialAction":[{"@type":"ReadAction","target":["https:\/\/test.celebrateurbanbirds.org\/es\/aprende\/aves\/guia-de-aves\/pedrete-de-corona-negra\/"]}]},{"@type":"BreadcrumbList","@id":"https:\/\/test.celebrateurbanbirds.org\/es\/aprende\/aves\/guia-de-aves\/pedrete-de-corona-negra\/#breadcrumb","itemListElement":[{"@type":"ListItem","position":1,"name":"Home","item":"https:\/\/test.celebrateurbanbirds.org\/"},{"@type":"ListItem","position":2,"name":"Aprende","item":"https:\/\/test.celebrateurbanbirds.org\/es\/aprende\/"},{"@type":"ListItem","position":3,"name":"Aves","item":"https:\/\/test.celebrateurbanbirds.org\/es\/aprende\/aves\/"},{"@type":"ListItem","position":4,"name":"Gu\u00eda de Aves","item":"https:\/\/test.celebrateurbanbirds.org\/es\/?page_id=3984"},{"@type":"ListItem","position":5,"name":"Pedrete de Corona Negra"}]},{"@type":"WebSite","@id":"https:\/\/test.celebrateurbanbirds.org\/#website","url":"https:\/\/test.celebrateurbanbirds.org\/","name":"Celebrate Urban Birds","description":"We&#039;re All Close To Birds!","potentialAction":[{"@type":"SearchAction","target":{"@type":"EntryPoint","urlTemplate":"https:\/\/test.celebrateurbanbirds.org\/?s={search_term_string}"},"query-input":{"@type":"PropertyValueSpecification","valueRequired":true,"valueName":"search_term_string"}}],"inLanguage":"es-ES"}]}},"_links":{"self":[{"href":"https:\/\/test.celebrateurbanbirds.org\/es\/wp-json\/wp\/v2\/pages\/3998","targetHints":{"allow":["GET"]}}],"collection":[{"href":"https:\/\/test.celebrateurbanbirds.org\/es\/wp-json\/wp\/v2\/pages"}],"about":[{"href":"https:\/\/test.celebrateurbanbirds.org\/es\/wp-json\/wp\/v2\/types\/page"}],"author":[{"embeddable":true,"href":"https:\/\/test.celebrateurbanbirds.org\/es\/wp-json\/wp\/v2\/users\/5"}],"replies":[{"embeddable":true,"href":"https:\/\/test.celebrateurbanbirds.org\/es\/wp-json\/wp\/v2\/comments?post=3998"}],"version-history":[{"count":0,"href":"https:\/\/test.celebrateurbanbirds.org\/es\/wp-json\/wp\/v2\/pages\/3998\/revisions"}],"up":[{"embeddable":true,"href":"https:\/\/test.celebrateurbanbirds.org\/es\/wp-json\/wp\/v2\/pages\/3984"}],"wp:attachment":[{"href":"https:\/\/test.celebrateurbanbirds.org\/es\/wp-json\/wp\/v2\/media?parent=3998"}],"curies":[{"name":"wp","href":"https:\/\/api.w.org\/{rel}","templated":true}]}}