{"id":3983,"date":"2013-02-05T19:25:52","date_gmt":"2013-02-05T19:25:52","guid":{"rendered":"http:\/\/celebrateurbanbirds.org\/?page_id=3983"},"modified":"2013-02-05T19:25:52","modified_gmt":"2013-02-05T19:25:52","slug":"cuervo-americano","status":"publish","type":"page","link":"https:\/\/test.celebrateurbanbirds.org\/es\/aprende\/aves\/guia-de-aves\/cuervo-americano\/","title":{"rendered":"Cuervo Americano"},"content":{"rendered":"<h2>Detalles Curiosos<\/h2>\n<p>Una gran cantidad de cuervos americanos se re\u00fanen en invierno a dormir en dormideros comunales. Estos dormideros pueden albergar a unos pocos cientos hasta dos millones de cuervos. Algunos dormideros se han estado formando en la misma \u00e1rea por m\u00e1s de 100 a\u00f1os. En las \u00faltimas d\u00e9cadas, algunos de estos dormideros se han trasladado a zonas urbanas, donde el ruido y el desorden causa conflictos con la gente.<\/p>\n<h2>Sonido<\/h2>\n<p>La llamada es un &#8220;caw&#8221; duro. Tambi\u00e9n usa una variedad de sonajas, arrullos, y  notas claras. Para escuchar el canto de esta especie visite la secci\u00f3n &#8220;\u00bfC\u00f3mo Identificar El Ave?&#8221; de <a href=\"http:\/\/celebrateurbanbirds.org\/es\/learn\/birds\/focal-species\/american-crow-2\/\" target=\"_blank\">su pagina de Aves Focales<\/a>.<\/p>\n<h2>Habitat<\/h2>\n<p>Tierras de cultivo, pueblos y suburbios.<\/p>\n<h2>Alimento<\/h2>\n<p>Insectos, otros invertebrados, aves, mam\u00edferos peque\u00f1os, huevos, polluelos, granos, semillas, frutas, animales muertos (carro\u00f1a) y basura.<\/p>\n<h2>Sab\u00edas qu\u00e9&#8230;<\/h2>\n<p>Los cuervos j\u00f3venes pueden permanecer con sus padres por a\u00f1os hasta encontrar un hogar propio. Los cuervos j\u00f3venes ayudan a sus padres a cuidar sus territorios y a criar nuevos j\u00f3venes.<\/p>\n","protected":false},"excerpt":{"rendered":"<p>Detalles Curiosos Una gran cantidad de cuervos americanos se re\u00fanen en invierno a dormir en dormideros comunales. Estos dormideros pueden albergar a unos pocos cientos hasta dos millones de cuervos. Algunos dormideros se han estado formando en la misma \u00e1rea por m\u00e1s de 100 a\u00f1os. En las \u00faltimas d\u00e9cadas, algunos de estos dormideros se han trasladado a zonas urbanas, donde el ruido y el desorden causa conflictos con la gente. Sonido La llamada es un &#8220;caw&#8221; duro. Tambi\u00e9n usa una variedad de sonajas, arrullos, y notas claras. Para escuchar el canto de esta especie visite la secci\u00f3n &#8220;\u00bfC\u00f3mo Identificar El...<\/p>\n","protected":false},"author":5,"featured_media":3817,"parent":3984,"menu_order":1,"comment_status":"open","ping_status":"open","template":"","meta":{"_acf_changed":false,"footnotes":""},"class_list":["post-3983","page","type-page","status-publish","has-post-thumbnail","hentry"],"acf":[],"yoast_head":"<!-- This site is optimized with the Yoast SEO plugin v24.0 - https:\/\/yoast.com\/wordpress\/plugins\/seo\/ -->\n<title>Cuervo Americano | Celebrate Urban Birds<\/title>\n<meta name=\"robots\" content=\"index, follow, max-snippet:-1, max-image-preview:large, max-video-preview:-1\" \/>\n<link rel=\"canonical\" href=\"https:\/\/test.celebrateurbanbirds.org\/es\/aprende\/aves\/guia-de-aves\/cuervo-americano\/\" \/>\n<meta property=\"og:locale\" content=\"es_ES\" \/>\n<meta property=\"og:type\" content=\"article\" \/>\n<meta property=\"og:title\" content=\"Cuervo Americano | Celebrate Urban Birds\" \/>\n<meta property=\"og:description\" content=\"Detalles Curiosos Una gran cantidad de cuervos americanos se re\u00fanen en invierno a dormir en dormideros comunales. Estos dormideros pueden albergar a unos pocos cientos hasta dos millones de cuervos. Algunos dormideros se han estado formando en la misma \u00e1rea por m\u00e1s de 100 a\u00f1os. En las \u00faltimas d\u00e9cadas, algunos de estos dormideros se han trasladado a zonas urbanas, donde el ruido y el desorden causa conflictos con la gente. Sonido La llamada es un &#8220;caw&#8221; duro. Tambi\u00e9n usa una variedad de sonajas, arrullos, y notas claras. Para escuchar el canto de esta especie visite la secci\u00f3n &#8220;\u00bfC\u00f3mo Identificar El...\" \/>\n<meta property=\"og:url\" content=\"https:\/\/test.celebrateurbanbirds.org\/es\/aprende\/aves\/guia-de-aves\/cuervo-americano\/\" \/>\n<meta property=\"og:site_name\" content=\"Celebrate Urban Birds\" \/>\n<meta property=\"article:publisher\" content=\"https:\/\/www.facebook.com\/CelebrateBirds\/\" \/>\n<meta property=\"og:image\" content=\"https:\/\/test.celebrateurbanbirds.org\/wp-content\/uploads\/2013\/02\/American-Crow-by-Kevin-McGowan.jpg\" \/>\n\t<meta property=\"og:image:width\" content=\"839\" \/>\n\t<meta property=\"og:image:height\" content=\"629\" \/>\n\t<meta property=\"og:image:type\" content=\"image\/jpeg\" \/>\n<meta name=\"twitter:card\" content=\"summary_large_image\" \/>\n<meta name=\"twitter:site\" content=\"@celebratebirds\" \/>\n<meta name=\"twitter:label1\" content=\"Est. reading time\" \/>\n\t<meta name=\"twitter:data1\" content=\"1 minute\" \/>\n<script type=\"application\/ld+json\" class=\"yoast-schema-graph\">{\"@context\":\"https:\/\/schema.org\",\"@graph\":[{\"@type\":\"WebPage\",\"@id\":\"https:\/\/test.celebrateurbanbirds.org\/es\/aprende\/aves\/guia-de-aves\/cuervo-americano\/\",\"url\":\"https:\/\/test.celebrateurbanbirds.org\/es\/aprende\/aves\/guia-de-aves\/cuervo-americano\/\",\"name\":\"Cuervo Americano | Celebrate Urban Birds\",\"isPartOf\":{\"@id\":\"https:\/\/test.celebrateurbanbirds.org\/#website\"},\"primaryImageOfPage\":{\"@id\":\"https:\/\/test.celebrateurbanbirds.org\/es\/aprende\/aves\/guia-de-aves\/cuervo-americano\/#primaryimage\"},\"image\":{\"@id\":\"https:\/\/test.celebrateurbanbirds.org\/es\/aprende\/aves\/guia-de-aves\/cuervo-americano\/#primaryimage\"},\"thumbnailUrl\":\"https:\/\/test.celebrateurbanbirds.org\/wp-content\/uploads\/2013\/02\/American-Crow-by-Kevin-McGowan.jpg\",\"datePublished\":\"2013-02-05T19:25:52+00:00\",\"dateModified\":\"2013-02-05T19:25:52+00:00\",\"breadcrumb\":{\"@id\":\"https:\/\/test.celebrateurbanbirds.org\/es\/aprende\/aves\/guia-de-aves\/cuervo-americano\/#breadcrumb\"},\"inLanguage\":\"es-ES\",\"potentialAction\":[{\"@type\":\"ReadAction\",\"target\":[\"https:\/\/test.celebrateurbanbirds.org\/es\/aprende\/aves\/guia-de-aves\/cuervo-americano\/\"]}]},{\"@type\":\"ImageObject\",\"inLanguage\":\"es-ES\",\"@id\":\"https:\/\/test.celebrateurbanbirds.org\/es\/aprende\/aves\/guia-de-aves\/cuervo-americano\/#primaryimage\",\"url\":\"https:\/\/test.celebrateurbanbirds.org\/wp-content\/uploads\/2013\/02\/American-Crow-by-Kevin-McGowan.jpg\",\"contentUrl\":\"https:\/\/test.celebrateurbanbirds.org\/wp-content\/uploads\/2013\/02\/American-Crow-by-Kevin-McGowan.jpg\",\"width\":839,\"height\":629},{\"@type\":\"BreadcrumbList\",\"@id\":\"https:\/\/test.celebrateurbanbirds.org\/es\/aprende\/aves\/guia-de-aves\/cuervo-americano\/#breadcrumb\",\"itemListElement\":[{\"@type\":\"ListItem\",\"position\":1,\"name\":\"Home\",\"item\":\"https:\/\/test.celebrateurbanbirds.org\/\"},{\"@type\":\"ListItem\",\"position\":2,\"name\":\"Aprende\",\"item\":\"https:\/\/test.celebrateurbanbirds.org\/es\/aprende\/\"},{\"@type\":\"ListItem\",\"position\":3,\"name\":\"Aves\",\"item\":\"https:\/\/test.celebrateurbanbirds.org\/es\/aprende\/aves\/\"},{\"@type\":\"ListItem\",\"position\":4,\"name\":\"Gu\u00eda de Aves\",\"item\":\"https:\/\/test.celebrateurbanbirds.org\/es\/?page_id=3984\"},{\"@type\":\"ListItem\",\"position\":5,\"name\":\"Cuervo Americano\"}]},{\"@type\":\"WebSite\",\"@id\":\"https:\/\/test.celebrateurbanbirds.org\/#website\",\"url\":\"https:\/\/test.celebrateurbanbirds.org\/\",\"name\":\"Celebrate Urban Birds\",\"description\":\"We&#039;re All Close To Birds!\",\"potentialAction\":[{\"@type\":\"SearchAction\",\"target\":{\"@type\":\"EntryPoint\",\"urlTemplate\":\"https:\/\/test.celebrateurbanbirds.org\/?s={search_term_string}\"},\"query-input\":{\"@type\":\"PropertyValueSpecification\",\"valueRequired\":true,\"valueName\":\"search_term_string\"}}],\"inLanguage\":\"es-ES\"}]}<\/script>\n<!-- \/ Yoast SEO plugin. -->","yoast_head_json":{"title":"Cuervo Americano | Celebrate Urban Birds","robots":{"index":"index","follow":"follow","max-snippet":"max-snippet:-1","max-image-preview":"max-image-preview:large","max-video-preview":"max-video-preview:-1"},"canonical":"https:\/\/test.celebrateurbanbirds.org\/es\/aprende\/aves\/guia-de-aves\/cuervo-americano\/","og_locale":"es_ES","og_type":"article","og_title":"Cuervo Americano | Celebrate Urban Birds","og_description":"Detalles Curiosos Una gran cantidad de cuervos americanos se re\u00fanen en invierno a dormir en dormideros comunales. Estos dormideros pueden albergar a unos pocos cientos hasta dos millones de cuervos. Algunos dormideros se han estado formando en la misma \u00e1rea por m\u00e1s de 100 a\u00f1os. En las \u00faltimas d\u00e9cadas, algunos de estos dormideros se han trasladado a zonas urbanas, donde el ruido y el desorden causa conflictos con la gente. Sonido La llamada es un &#8220;caw&#8221; duro. Tambi\u00e9n usa una variedad de sonajas, arrullos, y notas claras. Para escuchar el canto de esta especie visite la secci\u00f3n &#8220;\u00bfC\u00f3mo Identificar El...","og_url":"https:\/\/test.celebrateurbanbirds.org\/es\/aprende\/aves\/guia-de-aves\/cuervo-americano\/","og_site_name":"Celebrate Urban Birds","article_publisher":"https:\/\/www.facebook.com\/CelebrateBirds\/","og_image":[{"width":839,"height":629,"url":"https:\/\/test.celebrateurbanbirds.org\/wp-content\/uploads\/2013\/02\/American-Crow-by-Kevin-McGowan.jpg","type":"image\/jpeg"}],"twitter_card":"summary_large_image","twitter_site":"@celebratebirds","twitter_misc":{"Est. reading time":"1 minute"},"schema":{"@context":"https:\/\/schema.org","@graph":[{"@type":"WebPage","@id":"https:\/\/test.celebrateurbanbirds.org\/es\/aprende\/aves\/guia-de-aves\/cuervo-americano\/","url":"https:\/\/test.celebrateurbanbirds.org\/es\/aprende\/aves\/guia-de-aves\/cuervo-americano\/","name":"Cuervo Americano | Celebrate Urban Birds","isPartOf":{"@id":"https:\/\/test.celebrateurbanbirds.org\/#website"},"primaryImageOfPage":{"@id":"https:\/\/test.celebrateurbanbirds.org\/es\/aprende\/aves\/guia-de-aves\/cuervo-americano\/#primaryimage"},"image":{"@id":"https:\/\/test.celebrateurbanbirds.org\/es\/aprende\/aves\/guia-de-aves\/cuervo-americano\/#primaryimage"},"thumbnailUrl":"https:\/\/test.celebrateurbanbirds.org\/wp-content\/uploads\/2013\/02\/American-Crow-by-Kevin-McGowan.jpg","datePublished":"2013-02-05T19:25:52+00:00","dateModified":"2013-02-05T19:25:52+00:00","breadcrumb":{"@id":"https:\/\/test.celebrateurbanbirds.org\/es\/aprende\/aves\/guia-de-aves\/cuervo-americano\/#breadcrumb"},"inLanguage":"es-ES","potentialAction":[{"@type":"ReadAction","target":["https:\/\/test.celebrateurbanbirds.org\/es\/aprende\/aves\/guia-de-aves\/cuervo-americano\/"]}]},{"@type":"ImageObject","inLanguage":"es-ES","@id":"https:\/\/test.celebrateurbanbirds.org\/es\/aprende\/aves\/guia-de-aves\/cuervo-americano\/#primaryimage","url":"https:\/\/test.celebrateurbanbirds.org\/wp-content\/uploads\/2013\/02\/American-Crow-by-Kevin-McGowan.jpg","contentUrl":"https:\/\/test.celebrateurbanbirds.org\/wp-content\/uploads\/2013\/02\/American-Crow-by-Kevin-McGowan.jpg","width":839,"height":629},{"@type":"BreadcrumbList","@id":"https:\/\/test.celebrateurbanbirds.org\/es\/aprende\/aves\/guia-de-aves\/cuervo-americano\/#breadcrumb","itemListElement":[{"@type":"ListItem","position":1,"name":"Home","item":"https:\/\/test.celebrateurbanbirds.org\/"},{"@type":"ListItem","position":2,"name":"Aprende","item":"https:\/\/test.celebrateurbanbirds.org\/es\/aprende\/"},{"@type":"ListItem","position":3,"name":"Aves","item":"https:\/\/test.celebrateurbanbirds.org\/es\/aprende\/aves\/"},{"@type":"ListItem","position":4,"name":"Gu\u00eda de Aves","item":"https:\/\/test.celebrateurbanbirds.org\/es\/?page_id=3984"},{"@type":"ListItem","position":5,"name":"Cuervo Americano"}]},{"@type":"WebSite","@id":"https:\/\/test.celebrateurbanbirds.org\/#website","url":"https:\/\/test.celebrateurbanbirds.org\/","name":"Celebrate Urban Birds","description":"We&#039;re All Close To Birds!","potentialAction":[{"@type":"SearchAction","target":{"@type":"EntryPoint","urlTemplate":"https:\/\/test.celebrateurbanbirds.org\/?s={search_term_string}"},"query-input":{"@type":"PropertyValueSpecification","valueRequired":true,"valueName":"search_term_string"}}],"inLanguage":"es-ES"}]}},"_links":{"self":[{"href":"https:\/\/test.celebrateurbanbirds.org\/es\/wp-json\/wp\/v2\/pages\/3983","targetHints":{"allow":["GET"]}}],"collection":[{"href":"https:\/\/test.celebrateurbanbirds.org\/es\/wp-json\/wp\/v2\/pages"}],"about":[{"href":"https:\/\/test.celebrateurbanbirds.org\/es\/wp-json\/wp\/v2\/types\/page"}],"author":[{"embeddable":true,"href":"https:\/\/test.celebrateurbanbirds.org\/es\/wp-json\/wp\/v2\/users\/5"}],"replies":[{"embeddable":true,"href":"https:\/\/test.celebrateurbanbirds.org\/es\/wp-json\/wp\/v2\/comments?post=3983"}],"version-history":[{"count":0,"href":"https:\/\/test.celebrateurbanbirds.org\/es\/wp-json\/wp\/v2\/pages\/3983\/revisions"}],"up":[{"embeddable":true,"href":"https:\/\/test.celebrateurbanbirds.org\/es\/wp-json\/wp\/v2\/pages\/3984"}],"wp:featuredmedia":[{"embeddable":true,"href":"https:\/\/test.celebrateurbanbirds.org\/es\/wp-json\/wp\/v2\/media\/3817"}],"wp:attachment":[{"href":"https:\/\/test.celebrateurbanbirds.org\/es\/wp-json\/wp\/v2\/media?parent=3983"}],"curies":[{"name":"wp","href":"https:\/\/api.w.org\/{rel}","templated":true}]}}