{"id":16012,"date":"2016-02-17T16:49:24","date_gmt":"2016-02-17T21:49:24","guid":{"rendered":"http:\/\/celebrateurbanbirds.org\/?page_id=16012"},"modified":"2016-02-18T16:45:05","modified_gmt":"2016-02-18T21:45:05","slug":"ganadores-de-las-mini-becas-2016","status":"publish","type":"page","link":"https:\/\/test.celebrateurbanbirds.org\/es\/comunidad\/mini-becas\/ganadores-de-las-mini-becas-2016\/","title":{"rendered":"Ganadores de las Mini-becas 2016"},"content":{"rendered":"<p>\u00a1Estamos felices de anunciar a los ganadores de las Mini-becas del 2016! Estaremos contactando directamente a todas las organizaciones con los detalles acerca de su premio. <\/p>\n<p>Urban Rangers, Chelsea MA<br \/>\nNeighborhood House of Milwaukee, Milwaukee WI<br \/>\nAnaheim Public Library Bookmobile, Anaheim CA<br \/>\nFriends of Brook Park, Bronx NY<br \/>\nSouthside Academy, Syracuse NY<br \/>\nFocus: HOPE, Detroit MI<br \/>\nLucas County Board of Developmental Disabilities, Toledo OH<br \/>\nHeliotrope Elementary, Maywood CA<br \/>\nPamlico Partnership for Children, Inc, Bayboro NC<br \/>\nYMCA, East Brunswick NJ<br \/>\nBedford County Learning Academy, Selbyville TN<br \/>\nBlackstone Community Center, Boston MA<br \/>\nSemilla Center for Healing and the Arts at St. Paul\u2019s Lutheran Church, Minneapolis MN<br \/>\nJustin Slade Youth Foundation, Canada<br \/>\nAsociaci\u00f3n La Casa del \u00c1rbol, Per\u00fa<br \/>\nBelize Raptor Center, Belize<br \/>\nFundaci\u00f3n Ecol\u00f3gica Selva Negra, M\u00e9xico<br \/>\nMuseo Biol\u00f3gico. Instituto Butantan, Brazil<br \/>\nSociedad Medioambiente y Fomento del Turismo de Huentelauquen, Chile<br \/>\nInstituto Mixto de Educaci\u00f3n B\u00e1sica por Cooperativa IXLU, Guatemala<br \/>\nProtecci\u00f3n de la Fauna Mexicana A.C., M\u00e9xico<br \/>\nGrupo Guardaparques Universitarios\/ Fundaci\u00f3n Cient\u00edfica Ara Macao, Venezuela<br \/>\nEcopil Arte Crea Conciencia AC, M\u00e9xico<\/p>\n","protected":false},"excerpt":{"rendered":"<p>\u00a1Estamos felices de anunciar a los ganadores de las Mini-becas del 2016! Estaremos contactando directamente a todas las organizaciones con los detalles acerca de su premio. Urban Rangers, Chelsea MA Neighborhood House of Milwaukee, Milwaukee WI Anaheim Public Library Bookmobile, Anaheim CA Friends of Brook Park, Bronx NY Southside Academy, Syracuse NY Focus: HOPE, Detroit MI Lucas County Board of Developmental Disabilities, Toledo OH Heliotrope Elementary, Maywood CA Pamlico Partnership for Children, Inc, Bayboro NC YMCA, East Brunswick NJ Bedford County Learning Academy, Selbyville TN Blackstone Community Center, Boston MA Semilla Center for Healing and the Arts at St. Paul\u2019s...<\/p>\n","protected":false},"author":19,"featured_media":0,"parent":589,"menu_order":0,"comment_status":"closed","ping_status":"closed","template":"","meta":{"_acf_changed":false,"footnotes":""},"class_list":["post-16012","page","type-page","status-publish","hentry"],"acf":[],"yoast_head":"<!-- This site is optimized with the Yoast SEO plugin v24.0 - https:\/\/yoast.com\/wordpress\/plugins\/seo\/ -->\n<title>Ganadores de las Mini-becas 2016 | Celebrate Urban Birds<\/title>\n<meta name=\"robots\" content=\"index, follow, max-snippet:-1, max-image-preview:large, max-video-preview:-1\" \/>\n<link rel=\"canonical\" href=\"https:\/\/test.celebrateurbanbirds.org\/es\/comunidad\/mini-becas\/ganadores-de-las-mini-becas-2016\/\" \/>\n<meta property=\"og:locale\" content=\"es_ES\" \/>\n<meta property=\"og:type\" content=\"article\" \/>\n<meta property=\"og:title\" content=\"Ganadores de las Mini-becas 2016 | Celebrate Urban Birds\" \/>\n<meta property=\"og:description\" content=\"\u00a1Estamos felices de anunciar a los ganadores de las Mini-becas del 2016! Estaremos contactando directamente a todas las organizaciones con los detalles acerca de su premio. Urban Rangers, Chelsea MA Neighborhood House of Milwaukee, Milwaukee WI Anaheim Public Library Bookmobile, Anaheim CA Friends of Brook Park, Bronx NY Southside Academy, Syracuse NY Focus: HOPE, Detroit MI Lucas County Board of Developmental Disabilities, Toledo OH Heliotrope Elementary, Maywood CA Pamlico Partnership for Children, Inc, Bayboro NC YMCA, East Brunswick NJ Bedford County Learning Academy, Selbyville TN Blackstone Community Center, Boston MA Semilla Center for Healing and the Arts at St. Paul\u2019s...\" \/>\n<meta property=\"og:url\" content=\"https:\/\/test.celebrateurbanbirds.org\/es\/comunidad\/mini-becas\/ganadores-de-las-mini-becas-2016\/\" \/>\n<meta property=\"og:site_name\" content=\"Celebrate Urban Birds\" \/>\n<meta property=\"article:publisher\" content=\"https:\/\/www.facebook.com\/CelebrateBirds\/\" \/>\n<meta property=\"article:modified_time\" content=\"2016-02-18T21:45:05+00:00\" \/>\n<meta name=\"twitter:card\" content=\"summary_large_image\" \/>\n<meta name=\"twitter:site\" content=\"@celebratebirds\" \/>\n<meta name=\"twitter:label1\" content=\"Est. reading time\" \/>\n\t<meta name=\"twitter:data1\" content=\"1 minute\" \/>\n<script type=\"application\/ld+json\" class=\"yoast-schema-graph\">{\"@context\":\"https:\/\/schema.org\",\"@graph\":[{\"@type\":\"WebPage\",\"@id\":\"https:\/\/test.celebrateurbanbirds.org\/es\/comunidad\/mini-becas\/ganadores-de-las-mini-becas-2016\/\",\"url\":\"https:\/\/test.celebrateurbanbirds.org\/es\/comunidad\/mini-becas\/ganadores-de-las-mini-becas-2016\/\",\"name\":\"Ganadores de las Mini-becas 2016 | Celebrate Urban Birds\",\"isPartOf\":{\"@id\":\"https:\/\/test.celebrateurbanbirds.org\/#website\"},\"datePublished\":\"2016-02-17T21:49:24+00:00\",\"dateModified\":\"2016-02-18T21:45:05+00:00\",\"breadcrumb\":{\"@id\":\"https:\/\/test.celebrateurbanbirds.org\/es\/comunidad\/mini-becas\/ganadores-de-las-mini-becas-2016\/#breadcrumb\"},\"inLanguage\":\"es-ES\",\"potentialAction\":[{\"@type\":\"ReadAction\",\"target\":[\"https:\/\/test.celebrateurbanbirds.org\/es\/comunidad\/mini-becas\/ganadores-de-las-mini-becas-2016\/\"]}]},{\"@type\":\"BreadcrumbList\",\"@id\":\"https:\/\/test.celebrateurbanbirds.org\/es\/comunidad\/mini-becas\/ganadores-de-las-mini-becas-2016\/#breadcrumb\",\"itemListElement\":[{\"@type\":\"ListItem\",\"position\":1,\"name\":\"Home\",\"item\":\"https:\/\/test.celebrateurbanbirds.org\/\"},{\"@type\":\"ListItem\",\"position\":2,\"name\":\"Comunidad\",\"item\":\"https:\/\/test.celebrateurbanbirds.org\/es\/comunidad\/\"},{\"@type\":\"ListItem\",\"position\":3,\"name\":\"Mini-becas\",\"item\":\"https:\/\/test.celebrateurbanbirds.org\/es\/comunidad\/mini-becas\/\"},{\"@type\":\"ListItem\",\"position\":4,\"name\":\"Ganadores de las Mini-becas 2016\"}]},{\"@type\":\"WebSite\",\"@id\":\"https:\/\/test.celebrateurbanbirds.org\/#website\",\"url\":\"https:\/\/test.celebrateurbanbirds.org\/\",\"name\":\"Celebrate Urban Birds\",\"description\":\"We&#039;re All Close To Birds!\",\"potentialAction\":[{\"@type\":\"SearchAction\",\"target\":{\"@type\":\"EntryPoint\",\"urlTemplate\":\"https:\/\/test.celebrateurbanbirds.org\/?s={search_term_string}\"},\"query-input\":{\"@type\":\"PropertyValueSpecification\",\"valueRequired\":true,\"valueName\":\"search_term_string\"}}],\"inLanguage\":\"es-ES\"}]}<\/script>\n<!-- \/ Yoast SEO plugin. -->","yoast_head_json":{"title":"Ganadores de las Mini-becas 2016 | Celebrate Urban Birds","robots":{"index":"index","follow":"follow","max-snippet":"max-snippet:-1","max-image-preview":"max-image-preview:large","max-video-preview":"max-video-preview:-1"},"canonical":"https:\/\/test.celebrateurbanbirds.org\/es\/comunidad\/mini-becas\/ganadores-de-las-mini-becas-2016\/","og_locale":"es_ES","og_type":"article","og_title":"Ganadores de las Mini-becas 2016 | Celebrate Urban Birds","og_description":"\u00a1Estamos felices de anunciar a los ganadores de las Mini-becas del 2016! Estaremos contactando directamente a todas las organizaciones con los detalles acerca de su premio. Urban Rangers, Chelsea MA Neighborhood House of Milwaukee, Milwaukee WI Anaheim Public Library Bookmobile, Anaheim CA Friends of Brook Park, Bronx NY Southside Academy, Syracuse NY Focus: HOPE, Detroit MI Lucas County Board of Developmental Disabilities, Toledo OH Heliotrope Elementary, Maywood CA Pamlico Partnership for Children, Inc, Bayboro NC YMCA, East Brunswick NJ Bedford County Learning Academy, Selbyville TN Blackstone Community Center, Boston MA Semilla Center for Healing and the Arts at St. Paul\u2019s...","og_url":"https:\/\/test.celebrateurbanbirds.org\/es\/comunidad\/mini-becas\/ganadores-de-las-mini-becas-2016\/","og_site_name":"Celebrate Urban Birds","article_publisher":"https:\/\/www.facebook.com\/CelebrateBirds\/","article_modified_time":"2016-02-18T21:45:05+00:00","twitter_card":"summary_large_image","twitter_site":"@celebratebirds","twitter_misc":{"Est. reading time":"1 minute"},"schema":{"@context":"https:\/\/schema.org","@graph":[{"@type":"WebPage","@id":"https:\/\/test.celebrateurbanbirds.org\/es\/comunidad\/mini-becas\/ganadores-de-las-mini-becas-2016\/","url":"https:\/\/test.celebrateurbanbirds.org\/es\/comunidad\/mini-becas\/ganadores-de-las-mini-becas-2016\/","name":"Ganadores de las Mini-becas 2016 | Celebrate Urban Birds","isPartOf":{"@id":"https:\/\/test.celebrateurbanbirds.org\/#website"},"datePublished":"2016-02-17T21:49:24+00:00","dateModified":"2016-02-18T21:45:05+00:00","breadcrumb":{"@id":"https:\/\/test.celebrateurbanbirds.org\/es\/comunidad\/mini-becas\/ganadores-de-las-mini-becas-2016\/#breadcrumb"},"inLanguage":"es-ES","potentialAction":[{"@type":"ReadAction","target":["https:\/\/test.celebrateurbanbirds.org\/es\/comunidad\/mini-becas\/ganadores-de-las-mini-becas-2016\/"]}]},{"@type":"BreadcrumbList","@id":"https:\/\/test.celebrateurbanbirds.org\/es\/comunidad\/mini-becas\/ganadores-de-las-mini-becas-2016\/#breadcrumb","itemListElement":[{"@type":"ListItem","position":1,"name":"Home","item":"https:\/\/test.celebrateurbanbirds.org\/"},{"@type":"ListItem","position":2,"name":"Comunidad","item":"https:\/\/test.celebrateurbanbirds.org\/es\/comunidad\/"},{"@type":"ListItem","position":3,"name":"Mini-becas","item":"https:\/\/test.celebrateurbanbirds.org\/es\/comunidad\/mini-becas\/"},{"@type":"ListItem","position":4,"name":"Ganadores de las Mini-becas 2016"}]},{"@type":"WebSite","@id":"https:\/\/test.celebrateurbanbirds.org\/#website","url":"https:\/\/test.celebrateurbanbirds.org\/","name":"Celebrate Urban Birds","description":"We&#039;re All Close To Birds!","potentialAction":[{"@type":"SearchAction","target":{"@type":"EntryPoint","urlTemplate":"https:\/\/test.celebrateurbanbirds.org\/?s={search_term_string}"},"query-input":{"@type":"PropertyValueSpecification","valueRequired":true,"valueName":"search_term_string"}}],"inLanguage":"es-ES"}]}},"_links":{"self":[{"href":"https:\/\/test.celebrateurbanbirds.org\/es\/wp-json\/wp\/v2\/pages\/16012","targetHints":{"allow":["GET"]}}],"collection":[{"href":"https:\/\/test.celebrateurbanbirds.org\/es\/wp-json\/wp\/v2\/pages"}],"about":[{"href":"https:\/\/test.celebrateurbanbirds.org\/es\/wp-json\/wp\/v2\/types\/page"}],"author":[{"embeddable":true,"href":"https:\/\/test.celebrateurbanbirds.org\/es\/wp-json\/wp\/v2\/users\/19"}],"replies":[{"embeddable":true,"href":"https:\/\/test.celebrateurbanbirds.org\/es\/wp-json\/wp\/v2\/comments?post=16012"}],"version-history":[{"count":0,"href":"https:\/\/test.celebrateurbanbirds.org\/es\/wp-json\/wp\/v2\/pages\/16012\/revisions"}],"up":[{"embeddable":true,"href":"https:\/\/test.celebrateurbanbirds.org\/es\/wp-json\/wp\/v2\/pages\/589"}],"wp:attachment":[{"href":"https:\/\/test.celebrateurbanbirds.org\/es\/wp-json\/wp\/v2\/media?parent=16012"}],"curies":[{"name":"wp","href":"https:\/\/api.w.org\/{rel}","templated":true}]}}