{"id":14011,"date":"2015-03-09T15:07:48","date_gmt":"2015-03-09T19:07:48","guid":{"rendered":"http:\/\/celebrateurbanbirds.org\/?page_id=14011"},"modified":"2015-03-09T15:07:48","modified_gmt":"2015-03-09T19:07:48","slug":"como-plantar-y-mantener-el-jazmin-trompeta-en-recipientes","status":"publish","type":"page","link":"https:\/\/test.celebrateurbanbirds.org\/es\/aprende\/jardineria\/la-jardineria-en-recipientes\/como-plantar-y-mantener-el-jazmin-trompeta-en-recipientes\/","title":{"rendered":"\u00bfC\u00f3mo Plantar y Mantener el Jazm\u00edn trompeta en Recipientes?"},"content":{"rendered":"<p>El <strong>Jazm\u00edn trompeta (<em>Campsis radicans<\/em>)<\/strong>, tambi\u00e9n conocido como <em>Campsis<\/em>, jazm\u00edn de Virginia, bignonia roja, trompeta trepadora y trompetilla, es un tipo de enredadera perenne siempre verde, nativa de Norteam\u00e9rica. Las ramas de esta planta pueden crecer hasta 12m de largo, con hojas verde oscuras y brillantes. Las flores llamativas de esta enredadera son de color amarillo-anaranjado o un rojo brillante. Florecen entre julio y agosto en inflorescencias de cuatro a doce flores bell\u00edsimas. \u00a1Pero cuidado con acercarte mucho! Tocar esta planta puede causar una reacci\u00f3n al\u00e9rgica en la piel. Adem\u00e1s, puede ser t\u00f3xica cuando se ingiere. <\/p>\n<p>Las flores del Jazm\u00edn trompeta no s\u00f3lo son bellas, sino que tambi\u00e9n son muy abundantes. Producen n\u00e9ctar en gran cantidad que atrae a las mariposas y colibr\u00edes, lo cual hace que esta planta sea perfecta para decorar tu jard\u00edn. Adem\u00e1s, \u00a1esta enredadera crece en todo tipo de tierra! El Jazm\u00edn trompeta crece en tierra h\u00fameda o seca, en arena, sedimento o arcilla, y en tierra \u00e1cida (pH: 3.7 a 6.8). Esta planta florece mejor cuando est\u00e1 a pleno sol, \u00a1as\u00ed que aseg\u00farate de mantenerla lejos de la sombra!<\/p>\n<h3>Instrucciones<\/h3>\n<ul>\n<li>El Jazm\u00edn trompeta se reproduce normalmente por patilla (cortes de rama en su base). Produce ra\u00edces r\u00e1pidamente, por lo cual es f\u00e1cil de plantar.<\/li>\n<li>Si no tienes una planta madre para sacarle patillas, tambi\u00e9n puedes usar semillas.<\/li>\n<li>Las semillas germinan al ponerlas en arena h\u00fameda por 60 d\u00edas a 4\u00b0C.<\/li>\n<li>Las semillas se siembran a principios de oto\u00f1o para poder ser trasplantadas en la primavera.<\/li>\n<li>Las enredaderas deben ser podadas frecuentemente, y antes del invierno para evitar que se propaguen agresivamente. En algunas partes, esta planta es considerada una maleza invasora que puede desplazar a las especies nativas.<\/li>\n<\/ul>\n<p>Para m\u00e1s informaci\u00f3n acerca del Jazm\u00edn trompeta, visita la <a href=\"http:\/\/plants.usda.gov\/plantguide\/pdf\/pg_cara2.pdf\">p\u00e1gina de USDA<\/a> (en ingl\u00e9s). <\/p>\n","protected":false},"excerpt":{"rendered":"<p>El Jazm\u00edn trompeta (Campsis radicans), tambi\u00e9n conocido como Campsis, jazm\u00edn de Virginia, bignonia roja, trompeta trepadora y trompetilla, es un tipo de enredadera perenne siempre verde, nativa de Norteam\u00e9rica. Las ramas de esta planta pueden crecer hasta 12m de largo, con hojas verde oscuras y brillantes. Las flores llamativas de esta enredadera son de color amarillo-anaranjado o un rojo brillante. Florecen entre julio y agosto en inflorescencias de cuatro a doce flores bell\u00edsimas. \u00a1Pero cuidado con acercarte mucho! Tocar esta planta puede causar una reacci\u00f3n al\u00e9rgica en la piel. Adem\u00e1s, puede ser t\u00f3xica cuando se ingiere. Las flores del Jazm\u00edn...<\/p>\n","protected":false},"author":12,"featured_media":13400,"parent":13424,"menu_order":0,"comment_status":"open","ping_status":"closed","template":"","meta":{"_acf_changed":false,"footnotes":""},"class_list":["post-14011","page","type-page","status-publish","has-post-thumbnail","hentry"],"acf":[],"yoast_head":"<!-- This site is optimized with the Yoast SEO plugin v24.0 - https:\/\/yoast.com\/wordpress\/plugins\/seo\/ -->\n<title>\u00bfC\u00f3mo Plantar y Mantener el Jazm\u00edn trompeta en Recipientes? | Celebrate Urban Birds<\/title>\n<meta name=\"robots\" content=\"index, follow, max-snippet:-1, max-image-preview:large, max-video-preview:-1\" \/>\n<link rel=\"canonical\" href=\"https:\/\/test.celebrateurbanbirds.org\/es\/aprende\/jardineria\/la-jardineria-en-recipientes\/como-plantar-y-mantener-el-jazmin-trompeta-en-recipientes\/\" \/>\n<meta property=\"og:locale\" content=\"es_ES\" \/>\n<meta property=\"og:type\" content=\"article\" \/>\n<meta property=\"og:title\" content=\"\u00bfC\u00f3mo Plantar y Mantener el Jazm\u00edn trompeta en Recipientes? | Celebrate Urban Birds\" \/>\n<meta property=\"og:description\" content=\"El Jazm\u00edn trompeta (Campsis radicans), tambi\u00e9n conocido como Campsis, jazm\u00edn de Virginia, bignonia roja, trompeta trepadora y trompetilla, es un tipo de enredadera perenne siempre verde, nativa de Norteam\u00e9rica. Las ramas de esta planta pueden crecer hasta 12m de largo, con hojas verde oscuras y brillantes. Las flores llamativas de esta enredadera son de color amarillo-anaranjado o un rojo brillante. Florecen entre julio y agosto en inflorescencias de cuatro a doce flores bell\u00edsimas. \u00a1Pero cuidado con acercarte mucho! Tocar esta planta puede causar una reacci\u00f3n al\u00e9rgica en la piel. Adem\u00e1s, puede ser t\u00f3xica cuando se ingiere. Las flores del Jazm\u00edn...\" \/>\n<meta property=\"og:url\" content=\"https:\/\/test.celebrateurbanbirds.org\/es\/aprende\/jardineria\/la-jardineria-en-recipientes\/como-plantar-y-mantener-el-jazmin-trompeta-en-recipientes\/\" \/>\n<meta property=\"og:site_name\" content=\"Celebrate Urban Birds\" \/>\n<meta property=\"article:publisher\" content=\"https:\/\/www.facebook.com\/CelebrateBirds\/\" \/>\n<meta property=\"og:image\" content=\"https:\/\/test.celebrateurbanbirds.org\/wp-content\/uploads\/2014\/08\/SallyAndyWasowski-trumpet-vine.jpg\" \/>\n\t<meta property=\"og:image:width\" content=\"480\" \/>\n\t<meta property=\"og:image:height\" content=\"640\" \/>\n\t<meta property=\"og:image:type\" content=\"image\/jpeg\" \/>\n<meta name=\"twitter:card\" content=\"summary_large_image\" \/>\n<meta name=\"twitter:site\" content=\"@celebratebirds\" \/>\n<meta name=\"twitter:label1\" content=\"Est. reading time\" \/>\n\t<meta name=\"twitter:data1\" content=\"2 minutes\" \/>\n<script type=\"application\/ld+json\" class=\"yoast-schema-graph\">{\"@context\":\"https:\/\/schema.org\",\"@graph\":[{\"@type\":\"WebPage\",\"@id\":\"https:\/\/test.celebrateurbanbirds.org\/es\/aprende\/jardineria\/la-jardineria-en-recipientes\/como-plantar-y-mantener-el-jazmin-trompeta-en-recipientes\/\",\"url\":\"https:\/\/test.celebrateurbanbirds.org\/es\/aprende\/jardineria\/la-jardineria-en-recipientes\/como-plantar-y-mantener-el-jazmin-trompeta-en-recipientes\/\",\"name\":\"\u00bfC\u00f3mo Plantar y Mantener el Jazm\u00edn trompeta en Recipientes? | Celebrate Urban Birds\",\"isPartOf\":{\"@id\":\"https:\/\/test.celebrateurbanbirds.org\/#website\"},\"primaryImageOfPage\":{\"@id\":\"https:\/\/test.celebrateurbanbirds.org\/es\/aprende\/jardineria\/la-jardineria-en-recipientes\/como-plantar-y-mantener-el-jazmin-trompeta-en-recipientes\/#primaryimage\"},\"image\":{\"@id\":\"https:\/\/test.celebrateurbanbirds.org\/es\/aprende\/jardineria\/la-jardineria-en-recipientes\/como-plantar-y-mantener-el-jazmin-trompeta-en-recipientes\/#primaryimage\"},\"thumbnailUrl\":\"https:\/\/test.celebrateurbanbirds.org\/wp-content\/uploads\/2014\/08\/SallyAndyWasowski-trumpet-vine.jpg\",\"datePublished\":\"2015-03-09T19:07:48+00:00\",\"dateModified\":\"2015-03-09T19:07:48+00:00\",\"breadcrumb\":{\"@id\":\"https:\/\/test.celebrateurbanbirds.org\/es\/aprende\/jardineria\/la-jardineria-en-recipientes\/como-plantar-y-mantener-el-jazmin-trompeta-en-recipientes\/#breadcrumb\"},\"inLanguage\":\"es-ES\",\"potentialAction\":[{\"@type\":\"ReadAction\",\"target\":[\"https:\/\/test.celebrateurbanbirds.org\/es\/aprende\/jardineria\/la-jardineria-en-recipientes\/como-plantar-y-mantener-el-jazmin-trompeta-en-recipientes\/\"]}]},{\"@type\":\"ImageObject\",\"inLanguage\":\"es-ES\",\"@id\":\"https:\/\/test.celebrateurbanbirds.org\/es\/aprende\/jardineria\/la-jardineria-en-recipientes\/como-plantar-y-mantener-el-jazmin-trompeta-en-recipientes\/#primaryimage\",\"url\":\"https:\/\/test.celebrateurbanbirds.org\/wp-content\/uploads\/2014\/08\/SallyAndyWasowski-trumpet-vine.jpg\",\"contentUrl\":\"https:\/\/test.celebrateurbanbirds.org\/wp-content\/uploads\/2014\/08\/SallyAndyWasowski-trumpet-vine.jpg\",\"width\":480,\"height\":640},{\"@type\":\"BreadcrumbList\",\"@id\":\"https:\/\/test.celebrateurbanbirds.org\/es\/aprende\/jardineria\/la-jardineria-en-recipientes\/como-plantar-y-mantener-el-jazmin-trompeta-en-recipientes\/#breadcrumb\",\"itemListElement\":[{\"@type\":\"ListItem\",\"position\":1,\"name\":\"Home\",\"item\":\"https:\/\/test.celebrateurbanbirds.org\/\"},{\"@type\":\"ListItem\",\"position\":2,\"name\":\"Aprende\",\"item\":\"https:\/\/test.celebrateurbanbirds.org\/es\/aprende\/\"},{\"@type\":\"ListItem\",\"position\":3,\"name\":\"Jardiner\u00eda\",\"item\":\"https:\/\/test.celebrateurbanbirds.org\/es\/aprende\/jardineria\/\"},{\"@type\":\"ListItem\",\"position\":4,\"name\":\"La Jardiner\u00eda en Recipientes\",\"item\":\"https:\/\/test.celebrateurbanbirds.org\/es\/aprende\/jardineria\/la-jardineria-en-recipientes\/\"},{\"@type\":\"ListItem\",\"position\":5,\"name\":\"\u00bfC\u00f3mo Plantar y Mantener el Jazm\u00edn trompeta en Recipientes?\"}]},{\"@type\":\"WebSite\",\"@id\":\"https:\/\/test.celebrateurbanbirds.org\/#website\",\"url\":\"https:\/\/test.celebrateurbanbirds.org\/\",\"name\":\"Celebrate Urban Birds\",\"description\":\"We&#039;re All Close To Birds!\",\"potentialAction\":[{\"@type\":\"SearchAction\",\"target\":{\"@type\":\"EntryPoint\",\"urlTemplate\":\"https:\/\/test.celebrateurbanbirds.org\/?s={search_term_string}\"},\"query-input\":{\"@type\":\"PropertyValueSpecification\",\"valueRequired\":true,\"valueName\":\"search_term_string\"}}],\"inLanguage\":\"es-ES\"}]}<\/script>\n<!-- \/ Yoast SEO plugin. -->","yoast_head_json":{"title":"\u00bfC\u00f3mo Plantar y Mantener el Jazm\u00edn trompeta en Recipientes? | Celebrate Urban Birds","robots":{"index":"index","follow":"follow","max-snippet":"max-snippet:-1","max-image-preview":"max-image-preview:large","max-video-preview":"max-video-preview:-1"},"canonical":"https:\/\/test.celebrateurbanbirds.org\/es\/aprende\/jardineria\/la-jardineria-en-recipientes\/como-plantar-y-mantener-el-jazmin-trompeta-en-recipientes\/","og_locale":"es_ES","og_type":"article","og_title":"\u00bfC\u00f3mo Plantar y Mantener el Jazm\u00edn trompeta en Recipientes? | Celebrate Urban Birds","og_description":"El Jazm\u00edn trompeta (Campsis radicans), tambi\u00e9n conocido como Campsis, jazm\u00edn de Virginia, bignonia roja, trompeta trepadora y trompetilla, es un tipo de enredadera perenne siempre verde, nativa de Norteam\u00e9rica. Las ramas de esta planta pueden crecer hasta 12m de largo, con hojas verde oscuras y brillantes. Las flores llamativas de esta enredadera son de color amarillo-anaranjado o un rojo brillante. Florecen entre julio y agosto en inflorescencias de cuatro a doce flores bell\u00edsimas. \u00a1Pero cuidado con acercarte mucho! Tocar esta planta puede causar una reacci\u00f3n al\u00e9rgica en la piel. Adem\u00e1s, puede ser t\u00f3xica cuando se ingiere. Las flores del Jazm\u00edn...","og_url":"https:\/\/test.celebrateurbanbirds.org\/es\/aprende\/jardineria\/la-jardineria-en-recipientes\/como-plantar-y-mantener-el-jazmin-trompeta-en-recipientes\/","og_site_name":"Celebrate Urban Birds","article_publisher":"https:\/\/www.facebook.com\/CelebrateBirds\/","og_image":[{"width":480,"height":640,"url":"https:\/\/test.celebrateurbanbirds.org\/wp-content\/uploads\/2014\/08\/SallyAndyWasowski-trumpet-vine.jpg","type":"image\/jpeg"}],"twitter_card":"summary_large_image","twitter_site":"@celebratebirds","twitter_misc":{"Est. reading time":"2 minutes"},"schema":{"@context":"https:\/\/schema.org","@graph":[{"@type":"WebPage","@id":"https:\/\/test.celebrateurbanbirds.org\/es\/aprende\/jardineria\/la-jardineria-en-recipientes\/como-plantar-y-mantener-el-jazmin-trompeta-en-recipientes\/","url":"https:\/\/test.celebrateurbanbirds.org\/es\/aprende\/jardineria\/la-jardineria-en-recipientes\/como-plantar-y-mantener-el-jazmin-trompeta-en-recipientes\/","name":"\u00bfC\u00f3mo Plantar y Mantener el Jazm\u00edn trompeta en Recipientes? | Celebrate Urban Birds","isPartOf":{"@id":"https:\/\/test.celebrateurbanbirds.org\/#website"},"primaryImageOfPage":{"@id":"https:\/\/test.celebrateurbanbirds.org\/es\/aprende\/jardineria\/la-jardineria-en-recipientes\/como-plantar-y-mantener-el-jazmin-trompeta-en-recipientes\/#primaryimage"},"image":{"@id":"https:\/\/test.celebrateurbanbirds.org\/es\/aprende\/jardineria\/la-jardineria-en-recipientes\/como-plantar-y-mantener-el-jazmin-trompeta-en-recipientes\/#primaryimage"},"thumbnailUrl":"https:\/\/test.celebrateurbanbirds.org\/wp-content\/uploads\/2014\/08\/SallyAndyWasowski-trumpet-vine.jpg","datePublished":"2015-03-09T19:07:48+00:00","dateModified":"2015-03-09T19:07:48+00:00","breadcrumb":{"@id":"https:\/\/test.celebrateurbanbirds.org\/es\/aprende\/jardineria\/la-jardineria-en-recipientes\/como-plantar-y-mantener-el-jazmin-trompeta-en-recipientes\/#breadcrumb"},"inLanguage":"es-ES","potentialAction":[{"@type":"ReadAction","target":["https:\/\/test.celebrateurbanbirds.org\/es\/aprende\/jardineria\/la-jardineria-en-recipientes\/como-plantar-y-mantener-el-jazmin-trompeta-en-recipientes\/"]}]},{"@type":"ImageObject","inLanguage":"es-ES","@id":"https:\/\/test.celebrateurbanbirds.org\/es\/aprende\/jardineria\/la-jardineria-en-recipientes\/como-plantar-y-mantener-el-jazmin-trompeta-en-recipientes\/#primaryimage","url":"https:\/\/test.celebrateurbanbirds.org\/wp-content\/uploads\/2014\/08\/SallyAndyWasowski-trumpet-vine.jpg","contentUrl":"https:\/\/test.celebrateurbanbirds.org\/wp-content\/uploads\/2014\/08\/SallyAndyWasowski-trumpet-vine.jpg","width":480,"height":640},{"@type":"BreadcrumbList","@id":"https:\/\/test.celebrateurbanbirds.org\/es\/aprende\/jardineria\/la-jardineria-en-recipientes\/como-plantar-y-mantener-el-jazmin-trompeta-en-recipientes\/#breadcrumb","itemListElement":[{"@type":"ListItem","position":1,"name":"Home","item":"https:\/\/test.celebrateurbanbirds.org\/"},{"@type":"ListItem","position":2,"name":"Aprende","item":"https:\/\/test.celebrateurbanbirds.org\/es\/aprende\/"},{"@type":"ListItem","position":3,"name":"Jardiner\u00eda","item":"https:\/\/test.celebrateurbanbirds.org\/es\/aprende\/jardineria\/"},{"@type":"ListItem","position":4,"name":"La Jardiner\u00eda en Recipientes","item":"https:\/\/test.celebrateurbanbirds.org\/es\/aprende\/jardineria\/la-jardineria-en-recipientes\/"},{"@type":"ListItem","position":5,"name":"\u00bfC\u00f3mo Plantar y Mantener el Jazm\u00edn trompeta en Recipientes?"}]},{"@type":"WebSite","@id":"https:\/\/test.celebrateurbanbirds.org\/#website","url":"https:\/\/test.celebrateurbanbirds.org\/","name":"Celebrate Urban Birds","description":"We&#039;re All Close To Birds!","potentialAction":[{"@type":"SearchAction","target":{"@type":"EntryPoint","urlTemplate":"https:\/\/test.celebrateurbanbirds.org\/?s={search_term_string}"},"query-input":{"@type":"PropertyValueSpecification","valueRequired":true,"valueName":"search_term_string"}}],"inLanguage":"es-ES"}]}},"_links":{"self":[{"href":"https:\/\/test.celebrateurbanbirds.org\/es\/wp-json\/wp\/v2\/pages\/14011","targetHints":{"allow":["GET"]}}],"collection":[{"href":"https:\/\/test.celebrateurbanbirds.org\/es\/wp-json\/wp\/v2\/pages"}],"about":[{"href":"https:\/\/test.celebrateurbanbirds.org\/es\/wp-json\/wp\/v2\/types\/page"}],"author":[{"embeddable":true,"href":"https:\/\/test.celebrateurbanbirds.org\/es\/wp-json\/wp\/v2\/users\/12"}],"replies":[{"embeddable":true,"href":"https:\/\/test.celebrateurbanbirds.org\/es\/wp-json\/wp\/v2\/comments?post=14011"}],"version-history":[{"count":0,"href":"https:\/\/test.celebrateurbanbirds.org\/es\/wp-json\/wp\/v2\/pages\/14011\/revisions"}],"up":[{"embeddable":true,"href":"https:\/\/test.celebrateurbanbirds.org\/es\/wp-json\/wp\/v2\/pages\/13424"}],"wp:featuredmedia":[{"embeddable":true,"href":"https:\/\/test.celebrateurbanbirds.org\/es\/wp-json\/wp\/v2\/media\/13400"}],"wp:attachment":[{"href":"https:\/\/test.celebrateurbanbirds.org\/es\/wp-json\/wp\/v2\/media?parent=14011"}],"curies":[{"name":"wp","href":"https:\/\/api.w.org\/{rel}","templated":true}]}}