{"id":13500,"date":"2014-09-05T15:09:42","date_gmt":"2014-09-05T19:09:42","guid":{"rendered":"http:\/\/celebrateurbanbirds.org\/?page_id=13500"},"modified":"2014-10-02T13:50:12","modified_gmt":"2014-10-02T17:50:12","slug":"como-plantar-y-mantener-capulines-en-recipientes","status":"publish","type":"page","link":"https:\/\/test.celebrateurbanbirds.org\/es\/aprende\/jardineria\/la-jardineria-en-recipientes\/como-plantar-y-mantener-capulines-en-recipientes\/","title":{"rendered":"\u00bfC\u00f3mo Plantar y Mantener Capulines en Recipientes?"},"content":{"rendered":"<ul><strong>Los capulines  <\/strong>(<em>Prunus virginiana<\/em>), son arbustos que crecen bien y son f\u00e1ciles de mantener en recipientes grandes.  Sus flores blancas son arom\u00e1ticas y forman bellos racimos cil\u00edndricos, que miden entre 3 y 6 pulgadas (7 a 15 cent\u00edmetros). Los capulines en recipientes son ideales para adornar patios, y terrazas. Producen bayas que van del rojo intenso al morado oscuro, y se pueden usar para hacer jaleas, mermeladas, y jarabes. Las bayas son muy amargas. Al prepararlas, hay que sacar las semillas porque son venenosas. El plantar capulines ayuda a la fauna local porque muchas aves y otros animales se benefician al consumir sus bayas, o refugiarse en su follaje.<\/p>\n<p>El capul\u00edn es un arbusto m\u00e1s bien robusto, ya que puede llegar a medir hasta 20 pies (6 metros) de ancho. Cuando se planta en recipientes, crece mas angosto y puede llegar a medir hasta 12 pies (casi 4 metros) de altura. Cuando lo plantes, preoc\u00fapate de ponerlo en un lugar donde al crecer tenga espacio suficiente. Necesita poca agua, y crece en casi cualquier tipo de tierra. <\/p>\n<h3>Instrucciones<\/h3>\n<li>Durante el oto\u00f1o, planta el capul\u00edn en un recipiente grande que tenga buen drenaje y reciba bastante sol.<\/li>\n<li>Casi cualquier tipo de tierra sirve. Nada m\u00e1s que no sea extrema; ni muy \u00e1cida, ni muy alcalina.<\/li>\n<li>Al principio, mant\u00e9n la tierra h\u00fameda, pero cuando el arbusto comience a crecer notoriamente, riega espor\u00e1dicamente; son plantas que no necesitan mucho agua.<\/li>\n<li>En recipientes, las plantas tienen pocos nutrientes; poner algo de fertilizante o tierra de hoja en el recipiente ayudar\u00e1 a que tu capul\u00edn sea m\u00e1s saludable, y de m\u00e1s flores arom\u00e1ticas y llamativas bayas. <\/li>\n<li>Ten paciencia durante el invierno; tu capul\u00edn florecer\u00e1 en primavera. <\/li>\n<p>Si deseas saber m\u00e1s acerca de los capulines de Norte Am\u00e9rica, visita esta <a href=\"http:\/\/www.google.com\/url?sa=t&#038;rct=j&#038;q=&#038;esrc=s&#038;source=web&#038;cd=1&#038;ved=0CCAQFjAA&#038;url=http%3A%2F%2Fplants.usda.gov%2Ffactsheet%2Fpdf%2Ffs_prvi.pdf&#038;ei=BwUKVKnFDIOvyATT64DgDQ&#038;usg=AFQjCNEC5G18ImWqxcV1r1j4GrU9IVZkwg&#038;sig2=2qKjHGmx8jrikyclSC_NTw&#038;bvm=bv.74649129,d.aWw\" target=\"_blank\">p\u00e1gina de USDA<\/a> (en ingl\u00e9s).\n<\/ul>\n","protected":false},"excerpt":{"rendered":"<p>Los capulines (Prunus virginiana), son arbustos que crecen bien y son f\u00e1ciles de mantener en recipientes grandes. Sus flores blancas son arom\u00e1ticas y forman bellos racimos cil\u00edndricos, que miden entre 3 y 6 pulgadas (7 a 15 cent\u00edmetros). Los capulines en recipientes son ideales para adornar patios, y terrazas. Producen bayas que van del rojo intenso al morado oscuro, y se pueden usar para hacer jaleas, mermeladas, y jarabes. Las bayas son muy amargas. Al prepararlas, hay que sacar las semillas porque son venenosas. El plantar capulines ayuda a la fauna local porque muchas aves y otros animales se benefician...<\/p>\n","protected":false},"author":4,"featured_media":13341,"parent":13424,"menu_order":0,"comment_status":"open","ping_status":"closed","template":"","meta":{"_acf_changed":false,"footnotes":""},"class_list":["post-13500","page","type-page","status-publish","has-post-thumbnail","hentry"],"acf":[],"yoast_head":"<!-- This site is optimized with the Yoast SEO plugin v24.0 - https:\/\/yoast.com\/wordpress\/plugins\/seo\/ -->\n<title>\u00bfC\u00f3mo Plantar y Mantener Capulines en Recipientes? | Celebrate Urban Birds<\/title>\n<meta name=\"robots\" content=\"index, follow, max-snippet:-1, max-image-preview:large, max-video-preview:-1\" \/>\n<link rel=\"canonical\" href=\"https:\/\/test.celebrateurbanbirds.org\/es\/aprende\/jardineria\/la-jardineria-en-recipientes\/como-plantar-y-mantener-capulines-en-recipientes\/\" \/>\n<meta property=\"og:locale\" content=\"es_ES\" \/>\n<meta property=\"og:type\" content=\"article\" \/>\n<meta property=\"og:title\" content=\"\u00bfC\u00f3mo Plantar y Mantener Capulines en Recipientes? | Celebrate Urban Birds\" \/>\n<meta property=\"og:description\" content=\"Los capulines (Prunus virginiana), son arbustos que crecen bien y son f\u00e1ciles de mantener en recipientes grandes. Sus flores blancas son arom\u00e1ticas y forman bellos racimos cil\u00edndricos, que miden entre 3 y 6 pulgadas (7 a 15 cent\u00edmetros). Los capulines en recipientes son ideales para adornar patios, y terrazas. Producen bayas que van del rojo intenso al morado oscuro, y se pueden usar para hacer jaleas, mermeladas, y jarabes. Las bayas son muy amargas. Al prepararlas, hay que sacar las semillas porque son venenosas. El plantar capulines ayuda a la fauna local porque muchas aves y otros animales se benefician...\" \/>\n<meta property=\"og:url\" content=\"https:\/\/test.celebrateurbanbirds.org\/es\/aprende\/jardineria\/la-jardineria-en-recipientes\/como-plantar-y-mantener-capulines-en-recipientes\/\" \/>\n<meta property=\"og:site_name\" content=\"Celebrate Urban Birds\" \/>\n<meta property=\"article:publisher\" content=\"https:\/\/www.facebook.com\/CelebrateBirds\/\" \/>\n<meta property=\"article:modified_time\" content=\"2014-10-02T17:50:12+00:00\" \/>\n<meta property=\"og:image\" content=\"https:\/\/test.celebrateurbanbirds.org\/wp-content\/uploads\/2014\/08\/Prunus-virginiana_Glase_Terry.jpg\" \/>\n\t<meta property=\"og:image:width\" content=\"640\" \/>\n\t<meta property=\"og:image:height\" content=\"480\" \/>\n\t<meta property=\"og:image:type\" content=\"image\/jpeg\" \/>\n<meta name=\"twitter:card\" content=\"summary_large_image\" \/>\n<meta name=\"twitter:site\" content=\"@celebratebirds\" \/>\n<meta name=\"twitter:label1\" content=\"Est. reading time\" \/>\n\t<meta name=\"twitter:data1\" content=\"2 minutes\" \/>\n<script type=\"application\/ld+json\" class=\"yoast-schema-graph\">{\"@context\":\"https:\/\/schema.org\",\"@graph\":[{\"@type\":\"WebPage\",\"@id\":\"https:\/\/test.celebrateurbanbirds.org\/es\/aprende\/jardineria\/la-jardineria-en-recipientes\/como-plantar-y-mantener-capulines-en-recipientes\/\",\"url\":\"https:\/\/test.celebrateurbanbirds.org\/es\/aprende\/jardineria\/la-jardineria-en-recipientes\/como-plantar-y-mantener-capulines-en-recipientes\/\",\"name\":\"\u00bfC\u00f3mo Plantar y Mantener Capulines en Recipientes? | Celebrate Urban Birds\",\"isPartOf\":{\"@id\":\"https:\/\/test.celebrateurbanbirds.org\/#website\"},\"primaryImageOfPage\":{\"@id\":\"https:\/\/test.celebrateurbanbirds.org\/es\/aprende\/jardineria\/la-jardineria-en-recipientes\/como-plantar-y-mantener-capulines-en-recipientes\/#primaryimage\"},\"image\":{\"@id\":\"https:\/\/test.celebrateurbanbirds.org\/es\/aprende\/jardineria\/la-jardineria-en-recipientes\/como-plantar-y-mantener-capulines-en-recipientes\/#primaryimage\"},\"thumbnailUrl\":\"https:\/\/test.celebrateurbanbirds.org\/wp-content\/uploads\/2014\/08\/Prunus-virginiana_Glase_Terry.jpg\",\"datePublished\":\"2014-09-05T19:09:42+00:00\",\"dateModified\":\"2014-10-02T17:50:12+00:00\",\"breadcrumb\":{\"@id\":\"https:\/\/test.celebrateurbanbirds.org\/es\/aprende\/jardineria\/la-jardineria-en-recipientes\/como-plantar-y-mantener-capulines-en-recipientes\/#breadcrumb\"},\"inLanguage\":\"es-ES\",\"potentialAction\":[{\"@type\":\"ReadAction\",\"target\":[\"https:\/\/test.celebrateurbanbirds.org\/es\/aprende\/jardineria\/la-jardineria-en-recipientes\/como-plantar-y-mantener-capulines-en-recipientes\/\"]}]},{\"@type\":\"ImageObject\",\"inLanguage\":\"es-ES\",\"@id\":\"https:\/\/test.celebrateurbanbirds.org\/es\/aprende\/jardineria\/la-jardineria-en-recipientes\/como-plantar-y-mantener-capulines-en-recipientes\/#primaryimage\",\"url\":\"https:\/\/test.celebrateurbanbirds.org\/wp-content\/uploads\/2014\/08\/Prunus-virginiana_Glase_Terry.jpg\",\"contentUrl\":\"https:\/\/test.celebrateurbanbirds.org\/wp-content\/uploads\/2014\/08\/Prunus-virginiana_Glase_Terry.jpg\",\"width\":640,\"height\":480},{\"@type\":\"BreadcrumbList\",\"@id\":\"https:\/\/test.celebrateurbanbirds.org\/es\/aprende\/jardineria\/la-jardineria-en-recipientes\/como-plantar-y-mantener-capulines-en-recipientes\/#breadcrumb\",\"itemListElement\":[{\"@type\":\"ListItem\",\"position\":1,\"name\":\"Home\",\"item\":\"https:\/\/test.celebrateurbanbirds.org\/\"},{\"@type\":\"ListItem\",\"position\":2,\"name\":\"Aprende\",\"item\":\"https:\/\/test.celebrateurbanbirds.org\/es\/aprende\/\"},{\"@type\":\"ListItem\",\"position\":3,\"name\":\"Jardiner\u00eda\",\"item\":\"https:\/\/test.celebrateurbanbirds.org\/es\/aprende\/jardineria\/\"},{\"@type\":\"ListItem\",\"position\":4,\"name\":\"La Jardiner\u00eda en Recipientes\",\"item\":\"https:\/\/test.celebrateurbanbirds.org\/es\/aprende\/jardineria\/la-jardineria-en-recipientes\/\"},{\"@type\":\"ListItem\",\"position\":5,\"name\":\"\u00bfC\u00f3mo Plantar y Mantener Capulines en Recipientes?\"}]},{\"@type\":\"WebSite\",\"@id\":\"https:\/\/test.celebrateurbanbirds.org\/#website\",\"url\":\"https:\/\/test.celebrateurbanbirds.org\/\",\"name\":\"Celebrate Urban Birds\",\"description\":\"We&#039;re All Close To Birds!\",\"potentialAction\":[{\"@type\":\"SearchAction\",\"target\":{\"@type\":\"EntryPoint\",\"urlTemplate\":\"https:\/\/test.celebrateurbanbirds.org\/?s={search_term_string}\"},\"query-input\":{\"@type\":\"PropertyValueSpecification\",\"valueRequired\":true,\"valueName\":\"search_term_string\"}}],\"inLanguage\":\"es-ES\"}]}<\/script>\n<!-- \/ Yoast SEO plugin. -->","yoast_head_json":{"title":"\u00bfC\u00f3mo Plantar y Mantener Capulines en Recipientes? | Celebrate Urban Birds","robots":{"index":"index","follow":"follow","max-snippet":"max-snippet:-1","max-image-preview":"max-image-preview:large","max-video-preview":"max-video-preview:-1"},"canonical":"https:\/\/test.celebrateurbanbirds.org\/es\/aprende\/jardineria\/la-jardineria-en-recipientes\/como-plantar-y-mantener-capulines-en-recipientes\/","og_locale":"es_ES","og_type":"article","og_title":"\u00bfC\u00f3mo Plantar y Mantener Capulines en Recipientes? | Celebrate Urban Birds","og_description":"Los capulines (Prunus virginiana), son arbustos que crecen bien y son f\u00e1ciles de mantener en recipientes grandes. Sus flores blancas son arom\u00e1ticas y forman bellos racimos cil\u00edndricos, que miden entre 3 y 6 pulgadas (7 a 15 cent\u00edmetros). Los capulines en recipientes son ideales para adornar patios, y terrazas. Producen bayas que van del rojo intenso al morado oscuro, y se pueden usar para hacer jaleas, mermeladas, y jarabes. Las bayas son muy amargas. Al prepararlas, hay que sacar las semillas porque son venenosas. El plantar capulines ayuda a la fauna local porque muchas aves y otros animales se benefician...","og_url":"https:\/\/test.celebrateurbanbirds.org\/es\/aprende\/jardineria\/la-jardineria-en-recipientes\/como-plantar-y-mantener-capulines-en-recipientes\/","og_site_name":"Celebrate Urban Birds","article_publisher":"https:\/\/www.facebook.com\/CelebrateBirds\/","article_modified_time":"2014-10-02T17:50:12+00:00","og_image":[{"width":640,"height":480,"url":"https:\/\/test.celebrateurbanbirds.org\/wp-content\/uploads\/2014\/08\/Prunus-virginiana_Glase_Terry.jpg","type":"image\/jpeg"}],"twitter_card":"summary_large_image","twitter_site":"@celebratebirds","twitter_misc":{"Est. reading time":"2 minutes"},"schema":{"@context":"https:\/\/schema.org","@graph":[{"@type":"WebPage","@id":"https:\/\/test.celebrateurbanbirds.org\/es\/aprende\/jardineria\/la-jardineria-en-recipientes\/como-plantar-y-mantener-capulines-en-recipientes\/","url":"https:\/\/test.celebrateurbanbirds.org\/es\/aprende\/jardineria\/la-jardineria-en-recipientes\/como-plantar-y-mantener-capulines-en-recipientes\/","name":"\u00bfC\u00f3mo Plantar y Mantener Capulines en Recipientes? | Celebrate Urban Birds","isPartOf":{"@id":"https:\/\/test.celebrateurbanbirds.org\/#website"},"primaryImageOfPage":{"@id":"https:\/\/test.celebrateurbanbirds.org\/es\/aprende\/jardineria\/la-jardineria-en-recipientes\/como-plantar-y-mantener-capulines-en-recipientes\/#primaryimage"},"image":{"@id":"https:\/\/test.celebrateurbanbirds.org\/es\/aprende\/jardineria\/la-jardineria-en-recipientes\/como-plantar-y-mantener-capulines-en-recipientes\/#primaryimage"},"thumbnailUrl":"https:\/\/test.celebrateurbanbirds.org\/wp-content\/uploads\/2014\/08\/Prunus-virginiana_Glase_Terry.jpg","datePublished":"2014-09-05T19:09:42+00:00","dateModified":"2014-10-02T17:50:12+00:00","breadcrumb":{"@id":"https:\/\/test.celebrateurbanbirds.org\/es\/aprende\/jardineria\/la-jardineria-en-recipientes\/como-plantar-y-mantener-capulines-en-recipientes\/#breadcrumb"},"inLanguage":"es-ES","potentialAction":[{"@type":"ReadAction","target":["https:\/\/test.celebrateurbanbirds.org\/es\/aprende\/jardineria\/la-jardineria-en-recipientes\/como-plantar-y-mantener-capulines-en-recipientes\/"]}]},{"@type":"ImageObject","inLanguage":"es-ES","@id":"https:\/\/test.celebrateurbanbirds.org\/es\/aprende\/jardineria\/la-jardineria-en-recipientes\/como-plantar-y-mantener-capulines-en-recipientes\/#primaryimage","url":"https:\/\/test.celebrateurbanbirds.org\/wp-content\/uploads\/2014\/08\/Prunus-virginiana_Glase_Terry.jpg","contentUrl":"https:\/\/test.celebrateurbanbirds.org\/wp-content\/uploads\/2014\/08\/Prunus-virginiana_Glase_Terry.jpg","width":640,"height":480},{"@type":"BreadcrumbList","@id":"https:\/\/test.celebrateurbanbirds.org\/es\/aprende\/jardineria\/la-jardineria-en-recipientes\/como-plantar-y-mantener-capulines-en-recipientes\/#breadcrumb","itemListElement":[{"@type":"ListItem","position":1,"name":"Home","item":"https:\/\/test.celebrateurbanbirds.org\/"},{"@type":"ListItem","position":2,"name":"Aprende","item":"https:\/\/test.celebrateurbanbirds.org\/es\/aprende\/"},{"@type":"ListItem","position":3,"name":"Jardiner\u00eda","item":"https:\/\/test.celebrateurbanbirds.org\/es\/aprende\/jardineria\/"},{"@type":"ListItem","position":4,"name":"La Jardiner\u00eda en Recipientes","item":"https:\/\/test.celebrateurbanbirds.org\/es\/aprende\/jardineria\/la-jardineria-en-recipientes\/"},{"@type":"ListItem","position":5,"name":"\u00bfC\u00f3mo Plantar y Mantener Capulines en Recipientes?"}]},{"@type":"WebSite","@id":"https:\/\/test.celebrateurbanbirds.org\/#website","url":"https:\/\/test.celebrateurbanbirds.org\/","name":"Celebrate Urban Birds","description":"We&#039;re All Close To Birds!","potentialAction":[{"@type":"SearchAction","target":{"@type":"EntryPoint","urlTemplate":"https:\/\/test.celebrateurbanbirds.org\/?s={search_term_string}"},"query-input":{"@type":"PropertyValueSpecification","valueRequired":true,"valueName":"search_term_string"}}],"inLanguage":"es-ES"}]}},"_links":{"self":[{"href":"https:\/\/test.celebrateurbanbirds.org\/es\/wp-json\/wp\/v2\/pages\/13500","targetHints":{"allow":["GET"]}}],"collection":[{"href":"https:\/\/test.celebrateurbanbirds.org\/es\/wp-json\/wp\/v2\/pages"}],"about":[{"href":"https:\/\/test.celebrateurbanbirds.org\/es\/wp-json\/wp\/v2\/types\/page"}],"author":[{"embeddable":true,"href":"https:\/\/test.celebrateurbanbirds.org\/es\/wp-json\/wp\/v2\/users\/4"}],"replies":[{"embeddable":true,"href":"https:\/\/test.celebrateurbanbirds.org\/es\/wp-json\/wp\/v2\/comments?post=13500"}],"version-history":[{"count":0,"href":"https:\/\/test.celebrateurbanbirds.org\/es\/wp-json\/wp\/v2\/pages\/13500\/revisions"}],"up":[{"embeddable":true,"href":"https:\/\/test.celebrateurbanbirds.org\/es\/wp-json\/wp\/v2\/pages\/13424"}],"wp:featuredmedia":[{"embeddable":true,"href":"https:\/\/test.celebrateurbanbirds.org\/es\/wp-json\/wp\/v2\/media\/13341"}],"wp:attachment":[{"href":"https:\/\/test.celebrateurbanbirds.org\/es\/wp-json\/wp\/v2\/media?parent=13500"}],"curies":[{"name":"wp","href":"https:\/\/api.w.org\/{rel}","templated":true}]}}