{"id":1273,"date":"2012-10-04T13:51:34","date_gmt":"2012-10-04T13:51:34","guid":{"rendered":"http:\/\/wpdev14.allaboutbirds.org\/?page_id=1273"},"modified":"2013-08-02T09:01:46","modified_gmt":"2013-08-02T13:01:46","slug":"ofreciendo-materiales-y-cajas-para-anidar-a-las-aves","status":"publish","type":"page","link":"https:\/\/test.celebrateurbanbirds.org\/es\/aprende\/jardineria\/ofreciendo-materiales-y-cajas-para-anidar-a-las-aves\/","title":{"rendered":"Ofreciendo Materiales y Cajas para Anidar"},"content":{"rendered":"<p>Una manera excelente de atraer aves a tu barrio es ofreci\u00e9ndoles alguna estructura o materiales para que aniden, o instalando cajas nido, conocidas tambi\u00e9n como pajareras. La madera sin tratar es lo mejor para hacer cajas nido, las que deben tener hoyos para una ventilaci\u00f3n adecuada, techos inclinados para la lluvia, murallas interiores \u00e1speras para que los polluelos puedan trepar, y buenos agujeros en su base para el drenaje.<figure class=\"right thumbnail\"><img decoding=\"async\" src=\"https:\/\/test.celebrateurbanbirds.org\/wp-content\/uploads\/2012\/10\/15.-Jacob-Griffin_IL1-150x150.jpg\" srcset=\"https:\/\/test.celebrateurbanbirds.org\/wp-content\/uploads\/2012\/10\/15.-Jacob-Griffin_IL1-150x150.jpg 150w, https:\/\/test.celebrateurbanbirds.org\/wp-content\/uploads\/2012\/10\/15.-Jacob-Griffin_IL1-300x300.jpg 300w, https:\/\/test.celebrateurbanbirds.org\/wp-content\/uploads\/2012\/10\/15.-Jacob-Griffin_IL1-1024x1024.jpg 1024w, https:\/\/test.celebrateurbanbirds.org\/wp-content\/uploads\/2012\/10\/15.-Jacob-Griffin_IL1-346x346.jpg 346w, https:\/\/test.celebrateurbanbirds.org\/wp-content\/uploads\/2012\/10\/15.-Jacob-Griffin_IL1-60x60.jpg 60w, https:\/\/test.celebrateurbanbirds.org\/wp-content\/uploads\/2012\/10\/15.-Jacob-Griffin_IL1-100x100.jpg 100w, https:\/\/test.celebrateurbanbirds.org\/wp-content\/uploads\/2012\/10\/15.-Jacob-Griffin_IL1-175x175.jpg 175w, https:\/\/test.celebrateurbanbirds.org\/wp-content\/uploads\/2012\/10\/15.-Jacob-Griffin_IL1-500x500.jpg 500w, https:\/\/test.celebrateurbanbirds.org\/wp-content\/uploads\/2012\/10\/15.-Jacob-Griffin_IL1-90x90.jpg 90w, https:\/\/test.celebrateurbanbirds.org\/wp-content\/uploads\/2012\/10\/15.-Jacob-Griffin_IL1.jpg 1936w\" sizes=\"(max-width: 767px) 100vw, (max-width: 991px) 96vw, (max-width: 1920px) 67vw, 1024px\" alt=\"Mourning Dove next to its nest at a window in urban space\" \/><figcaption><span class=\"copyright\">(Photo &copy; JacobGriffin, IL)<\/span><\/figcaption><\/figure><\/p>\n<h3>Estructuras y canastas para anidar<\/h3>\n<p>Para atraer a p\u00e1jaros que no anidan en hoyos, puedes ofrecer materiales o estructuras para que estas aves construyan sus nidos. Para los Mirlos Primavera y las Golondrinas Tijereta puedes instalar una forma de repisa y darles acceso a barro porque a estas dos especies de aves les gusta usar barro para construir sus nidos. T\u00fa puedes encontrar un plano y descripci\u00f3n detallada sobre <a href=\"http:\/\/www.npwrc.usgs.gov\/resource\/wildlife\/ndblinds\/robin.htm\" title=\"C\u00f3mo ayudar a los mirlos y golondrinas\" target=\"_blank\">c\u00f3mo hacer estas repisas y ayudar a estas aves en tu barrio aqu\u00ed (en ingl\u00e9s)<\/a>.<\/p>\n<p><figure class=\"left thumbnail\"><img decoding=\"async\" src=\"https:\/\/test.celebrateurbanbirds.org\/wp-content\/uploads\/2012\/10\/Jacqueline-Litte_-Extra-1-150x150.jpg\" srcset=\"https:\/\/test.celebrateurbanbirds.org\/wp-content\/uploads\/2012\/10\/Jacqueline-Litte_-Extra-1-150x150.jpg 150w, https:\/\/test.celebrateurbanbirds.org\/wp-content\/uploads\/2012\/10\/Jacqueline-Litte_-Extra-1-60x60.jpg 60w, https:\/\/test.celebrateurbanbirds.org\/wp-content\/uploads\/2012\/10\/Jacqueline-Litte_-Extra-1-100x100.jpg 100w, https:\/\/test.celebrateurbanbirds.org\/wp-content\/uploads\/2012\/10\/Jacqueline-Litte_-Extra-1-175x175.jpg 175w\" sizes=\"(max-width: 767px) 100vw, (max-width: 991px) 96vw, (max-width: 1920px) 67vw, 1024px\" alt=\"Paloma Huilota anidando en maceta \" \/><figcaption><span class=\"copyright\">(Photo &copy; Jacqueline Litte)<\/span><\/figcaption><\/figure>Si te gusta el murmullo relajador de las Palomas Huilotas, t\u00fa puedes usar una caja abierta o canasta para ayudarlas a construir sus nidos en las bases de las ramas de los \u00e1rboles en tu barrio. Si no sabes muy bien de qu\u00e9 tama\u00f1o es el nido, puedes comenzar usando una caja nido a la que le saques un panel completo de una de las murallas, u ocupa un canasto. Ponlos en la base de la bifurcaci\u00f3n de donde nacen una rama de \u00e1rbol, y aseg\u00farate que el lugar este bien cubierto. Tambi\u00e9n puedes visitar un excelente sitio<a href=\"http:\/\/www.npwrc.usgs.gov\/resource\/wildlife\/ndblinds\/mourndov.htm\" target=\"_blank\"> web aqu\u00ed (en ingl\u00e9s)<\/a>, para que leas m\u00e1s sobre consejos para darles refugio a las Palomas Huilotas de tu comunidad. <\/p>\n<p>A los Patos de Collar tambi\u00e9n les gusta anidar en canastas para nidos pero en un ambiete totalmente diferente. Si quieres aprender c\u00f3mo construir y d\u00f3nde instalar una canasta para nido de Patos de Collar en tu barrio, puedes visitar <a href=\"http:\/\/www.npwrc.usgs.gov\/resource\/wildlife\/ndblinds\/mallard.htm\" target=\"_blank\">este sitio excelente aqu\u00ed (en ingl\u00e9s)<\/a>.<\/p>\n<p><figure class=\"right medium\"><img decoding=\"async\" src=\"https:\/\/test.celebrateurbanbirds.org\/wp-content\/uploads\/2012\/10\/1.Theodore-Bering_OH-300x242.jpg\" srcset=\"https:\/\/test.celebrateurbanbirds.org\/wp-content\/uploads\/2012\/10\/1.Theodore-Bering_OH-300x242.jpg 300w, https:\/\/test.celebrateurbanbirds.org\/wp-content\/uploads\/2012\/10\/1.Theodore-Bering_OH-346x279.jpg 346w, https:\/\/test.celebrateurbanbirds.org\/wp-content\/uploads\/2012\/10\/1.Theodore-Bering_OH-500x403.jpg 500w, https:\/\/test.celebrateurbanbirds.org\/wp-content\/uploads\/2012\/10\/1.Theodore-Bering_OH-371x300.jpg 371w, https:\/\/test.celebrateurbanbirds.org\/wp-content\/uploads\/2012\/10\/1.Theodore-Bering_OH-111x90.jpg 111w, https:\/\/test.celebrateurbanbirds.org\/wp-content\/uploads\/2012\/10\/1.Theodore-Bering_OH.jpg 640w\" sizes=\"(max-width: 767px) 100vw, (max-width: 991px) 96vw, (max-width: 1920px) 67vw, 1024px\" alt=\"Saltaparedes de Carolina a la entrada de una caja nido\" \/><figcaption><span class=\"copyright\">(Photo &copy; Theodore-Bering, OH)<\/span><\/figcaption><\/figure>Los Carboneros, Saltaparedes, Azulejos, Golondrinas Bicolor, y muchas otras aves que anidan en hoyos, aceptan cajas nido artifiales con facilidad.  Especies no-nativas tales como el Gorri\u00f3n Dom\u00e9stico y el Estornino Europeo tambi\u00e9n usan cajas nido, lo que puede ser un peligro para las aves aut\u00f3ctonas al momento de competir por sitios para anidar. Pero antes que nada,  \u00bfC\u00f3mo es una buena caja nido, y c\u00f3mo se contruye? \u00bfD\u00f3nde se puede instalar?<\/p>\n<h3>\u00bfQu\u00e9 es una caja nido?<\/h3>\n<p>Muchas aves que anidan en los hoyos de los \u00e1rboles  pueden f\u00e1cilmente hacer sus nidos, poner huevos y criar sus polluelos en una caja nido. Las cajas nido son cajas con un hoyo en un lado de la caja como entrada. Com\u00fanmente se le llama pajarera. Por lo general, la gente pone cajas nido en troncos de \u00e1rboles, rejas o en postes. Normalmente, la tapa o uno de los lados de la caja nido pueden levantarse, lo que permite que puedas revisar y monitorear con frecuencia el proceso de anidaci\u00f3n y su \u00e9xito.<\/p>\n<figure class=\"left thumbnail\"><img decoding=\"async\" src=\"https:\/\/test.celebrateurbanbirds.org\/wp-content\/uploads\/2012\/10\/144.-Camille-Agan_MI-150x150.jpg\" srcset=\"https:\/\/test.celebrateurbanbirds.org\/wp-content\/uploads\/2012\/10\/144.-Camille-Agan_MI-150x150.jpg 150w, https:\/\/test.celebrateurbanbirds.org\/wp-content\/uploads\/2012\/10\/144.-Camille-Agan_MI-60x60.jpg 60w, https:\/\/test.celebrateurbanbirds.org\/wp-content\/uploads\/2012\/10\/144.-Camille-Agan_MI-100x100.jpg 100w, https:\/\/test.celebrateurbanbirds.org\/wp-content\/uploads\/2012\/10\/144.-Camille-Agan_MI-175x175.jpg 175w\" sizes=\"(max-width: 767px) 100vw, (max-width: 991px) 96vw, (max-width: 1920px) 67vw, 1024px\" alt=\"Nido de plataforma en el techo de una caja nido\" \/><figcaption><span class=\"copyright\">(Photo &copy; Camille Agan, MI)<\/span><\/figcaption><\/figure>\n<h3>\u00bfPor qu\u00e9 debo poner una caja nido?<\/h3>\n<p>Parques y patios de tu barrio pueden tener el ambiente necesario para que las aves que hacen nidos en hoyos puedan sobrevivir. Sin embargo, puede que no tengan, o tengan una cantidad limitada de cavidades naturales para que estas aves puedan anidar.  Las cajas nido ofrecen un  lugar seguro para que las aves que anidan en hoyos puedan poner sus huevos y criar a sus polluelos. Si aves se instalan en tu caja nido, tendr\u00e1s la maravillosa oportunidad de observar de cerca su vida familiar  y ayudar a que la poblaci\u00f3n de est\u00e1s aves en tu barrio aumente. <\/p>\n<figure class=\"right medium\"><img decoding=\"async\" src=\"https:\/\/test.celebrateurbanbirds.org\/wp-content\/uploads\/2012\/10\/63.-Andrea-Berrow_Canada-300x200.jpg\" srcset=\"https:\/\/test.celebrateurbanbirds.org\/wp-content\/uploads\/2012\/10\/63.-Andrea-Berrow_Canada-300x200.jpg 300w, https:\/\/test.celebrateurbanbirds.org\/wp-content\/uploads\/2012\/10\/63.-Andrea-Berrow_Canada-346x230.jpg 346w, https:\/\/test.celebrateurbanbirds.org\/wp-content\/uploads\/2012\/10\/63.-Andrea-Berrow_Canada-500x333.jpg 500w, https:\/\/test.celebrateurbanbirds.org\/wp-content\/uploads\/2012\/10\/63.-Andrea-Berrow_Canada-450x300.jpg 450w, https:\/\/test.celebrateurbanbirds.org\/wp-content\/uploads\/2012\/10\/63.-Andrea-Berrow_Canada-135x90.jpg 135w, https:\/\/test.celebrateurbanbirds.org\/wp-content\/uploads\/2012\/10\/63.-Andrea-Berrow_Canada.jpg 960w\" sizes=\"(max-width: 767px) 100vw, (max-width: 991px) 96vw, (max-width: 1920px) 67vw, 1024px\" alt=\"Gorri\u00f3n Domestico asomado a la entrada de su caja nido\" \/><figcaption><span class=\"copyright\">(Photo &copy; Andrea Berrow, CANADA)<\/span><\/figcaption><\/figure>\n<h3>\u00bfC\u00f3mo elegir una caja nido adecuada?<\/h3>\n<p>T\u00fa puedes comprar una caja nido dise\u00f1ada para aves, siempre y cuando te  asegures de que no sea s\u00f3lo decorativa. M\u00e1s entretenido, sin embargo, \u00a1Es que construyas una! El tama\u00f1o de la caja y el de su entrada variar\u00e1 seg\u00fan el tipo de p\u00e1jaro que pretendes atraer. Para enterarte de buenos dise\u00f1os y consejos para tu caja nido, sea para que la compres, la construyas, o la mejores, o saber d\u00f3nde instalarla y protegerla de depredadores, visita aqu\u00ed el sitio web de <a href=\"http:\/\/www.nestwatch.org\" title=\"NestWatch\" target=\"_blank\">NestWatch<\/a>, un sitio del Laboratorio de Ornitolog\u00eda de la Universidad de Cornell (en ingl\u00e9s). <\/p>\n<h3>\u00bfQu\u00e9 aves usan las cajas nido?<\/h3>\n<p>Se sabe que al menos 46 especies de aves en Norte Am\u00e9rica anidan en cajas nido artificiales. Esta lista incluye aves como el Pato Arco Iris, el Pato Chill\u00f3n de Ojos Dorados, el Mergo de Caperuza. Tambi\u00e9n incluye aves rapaces como la Lechuza de Campanario y el Cern\u00edcalo Americano. Adem\u00e1s, la lista incluye hermosas aves que deleitan con su trino, tales como los Azulejos, Carboneros, y el Chipe Dorado; o que nos deleitan con sus golpecitos de carpintero en contra de los troncos como lo hace el Carpintero Norteamericano. <\/p>\n<p>Visita el sitio web de NestWatch para que aprendas como observar y monitorear adecuadamente las actividades de las aves que habitan tu caja nido. Monitorear las cajas nido tambi\u00e9n ayuda a que te asegures que los Gorriones Dom\u00e9sticos y y los Estorninos Europeos no est\u00e9n usando las cajas y compitiendo con las especies aut\u00f3ctonas.  Estas dos especies que frecuentemente se encuentran en las ciudades se conocen por destruir los nidos y huevos y matar a los polluelos y adultos de especies aut\u00f3ctonas que anidan en hoyos, para luego tomar su lugar en la caja nido. Para que aprendas m\u00e1s sobre c\u00f3mo controlar el uso de las cajas nido por especies invasivas <a href=\"http:\/\/nestwatch.org\/learn\/nest-box-resource-center\/managing-house-sparrows-and-european-starlings\/\" target=\"_blank\">visita este sitio web<\/a> (en ingl\u00e9s).<figure class=\"left medium\"><img decoding=\"async\" src=\"https:\/\/test.celebrateurbanbirds.org\/wp-content\/uploads\/2012\/10\/2.-Theodore-Bering_OH-300x249.jpg\" srcset=\"https:\/\/test.celebrateurbanbirds.org\/wp-content\/uploads\/2012\/10\/2.-Theodore-Bering_OH-300x249.jpg 300w, https:\/\/test.celebrateurbanbirds.org\/wp-content\/uploads\/2012\/10\/2.-Theodore-Bering_OH-346x288.jpg 346w, https:\/\/test.celebrateurbanbirds.org\/wp-content\/uploads\/2012\/10\/2.-Theodore-Bering_OH-500x416.jpg 500w, https:\/\/test.celebrateurbanbirds.org\/wp-content\/uploads\/2012\/10\/2.-Theodore-Bering_OH-360x300.jpg 360w, https:\/\/test.celebrateurbanbirds.org\/wp-content\/uploads\/2012\/10\/2.-Theodore-Bering_OH-108x90.jpg 108w, https:\/\/test.celebrateurbanbirds.org\/wp-content\/uploads\/2012\/10\/2.-Theodore-Bering_OH.jpg 640w\" sizes=\"(max-width: 767px) 100vw, (max-width: 991px) 96vw, (max-width: 1920px) 67vw, 1024px\" alt=\"Saltaparedes de Carolina recolectando materiales para su nido\" \/><figcaption><span class=\"copyright\">(Photo &copy; Theodore-Bering, OH)<\/span><\/figcaption><\/figure><\/p>\n<h3>\u00bfQu\u00e9 significa monitorear una caja nido?<\/h3>\n<p>Para que monitories una caja nido, lo que tienes que hacer es periodicamente revisar qui\u00e9n est\u00e1 habitando la caja, o sea identificar la especie, y revisar cuantos huevos o polluelos hay dentro. Si al termnio de la temporada de anidaci\u00f3n tu caja nido esta llena de mugre, l\u00edmpiala con una soluci\u00f3n suave de cloro (1 parte de cloro por cada 10 partes de agua).<\/p>\n<h3>\u00bfDebo compartir mis observaciones con el Laboratorio de Ornitolog\u00eda?<\/h3>\n<p>\u00a1Por su pesto que s\u00ed! Si tienes una caja nido, por favor visita el sitio web de NestWatch para saber c\u00f3mo y qu\u00e9 puedes monitorear, c\u00f3mo recolectar los datos, y c\u00f3mo compartir tus observaciones con los cient\u00edficos del Laboratorio. Los investigadores usan la informaci\u00f3n recolectada para saber m\u00e1s de las especies de aves que habitan en cavidades. <\/p>\n<p>Para saber m\u00e1s acerca de las \u201cvidas\u201d de las aves que anidan en hoyos y de las cajas nido, visita <a href=\"http:\/\/www.nestwatch.org\" target=\"_blank\">NestWatch<\/a>!<\/p>\n","protected":false},"excerpt":{"rendered":"<p>Una manera excelente de atraer aves a tu barrio es ofreci\u00e9ndoles alguna estructura o materiales para que aniden, o instalando cajas nido, conocidas tambi\u00e9n como pajareras. La madera sin tratar es lo mejor para hacer cajas nido, las que deben tener hoyos para una ventilaci\u00f3n adecuada, techos inclinados para la lluvia, murallas interiores \u00e1speras para que los polluelos puedan trepar, y buenos agujeros en su base para el drenaje. Estructuras y canastas para anidar Para atraer a p\u00e1jaros que no anidan en hoyos, puedes ofrecer materiales o estructuras para que estas aves construyan sus nidos. Para los Mirlos Primavera y...<\/p>\n","protected":false},"author":4,"featured_media":1629,"parent":32,"menu_order":3,"comment_status":"open","ping_status":"open","template":"","meta":{"_acf_changed":false,"footnotes":""},"class_list":["post-1273","page","type-page","status-publish","has-post-thumbnail","hentry"],"acf":[],"yoast_head":"<!-- This site is optimized with the Yoast SEO plugin v24.0 - https:\/\/yoast.com\/wordpress\/plugins\/seo\/ -->\n<title>Ofreciendo Materiales y Cajas para Anidar | Celebrate Urban Birds<\/title>\n<meta name=\"robots\" content=\"index, follow, max-snippet:-1, max-image-preview:large, max-video-preview:-1\" \/>\n<link rel=\"canonical\" href=\"https:\/\/test.celebrateurbanbirds.org\/es\/aprende\/jardineria\/ofreciendo-materiales-y-cajas-para-anidar-a-las-aves\/\" \/>\n<meta property=\"og:locale\" content=\"es_ES\" \/>\n<meta property=\"og:type\" content=\"article\" \/>\n<meta property=\"og:title\" content=\"Ofreciendo Materiales y Cajas para Anidar | Celebrate Urban Birds\" \/>\n<meta property=\"og:description\" content=\"Una manera excelente de atraer aves a tu barrio es ofreci\u00e9ndoles alguna estructura o materiales para que aniden, o instalando cajas nido, conocidas tambi\u00e9n como pajareras. La madera sin tratar es lo mejor para hacer cajas nido, las que deben tener hoyos para una ventilaci\u00f3n adecuada, techos inclinados para la lluvia, murallas interiores \u00e1speras para que los polluelos puedan trepar, y buenos agujeros en su base para el drenaje. Estructuras y canastas para anidar Para atraer a p\u00e1jaros que no anidan en hoyos, puedes ofrecer materiales o estructuras para que estas aves construyan sus nidos. Para los Mirlos Primavera y...\" \/>\n<meta property=\"og:url\" content=\"https:\/\/test.celebrateurbanbirds.org\/es\/aprende\/jardineria\/ofreciendo-materiales-y-cajas-para-anidar-a-las-aves\/\" \/>\n<meta property=\"og:site_name\" content=\"Celebrate Urban Birds\" \/>\n<meta property=\"article:publisher\" content=\"https:\/\/www.facebook.com\/CelebrateBirds\/\" \/>\n<meta property=\"article:modified_time\" content=\"2013-08-02T13:01:46+00:00\" \/>\n<meta property=\"og:image\" content=\"https:\/\/test.celebrateurbanbirds.org\/wp-content\/uploads\/2012\/10\/14.-Dawna-VanOverschelde_SD1.jpg\" \/>\n\t<meta property=\"og:image:width\" content=\"576\" \/>\n\t<meta property=\"og:image:height\" content=\"432\" \/>\n\t<meta property=\"og:image:type\" content=\"image\/jpeg\" \/>\n<meta name=\"twitter:card\" content=\"summary_large_image\" \/>\n<meta name=\"twitter:site\" content=\"@celebratebirds\" \/>\n<meta name=\"twitter:label1\" content=\"Est. reading time\" \/>\n\t<meta name=\"twitter:data1\" content=\"6 minutes\" \/>\n<script type=\"application\/ld+json\" class=\"yoast-schema-graph\">{\"@context\":\"https:\/\/schema.org\",\"@graph\":[{\"@type\":\"WebPage\",\"@id\":\"https:\/\/test.celebrateurbanbirds.org\/es\/aprende\/jardineria\/ofreciendo-materiales-y-cajas-para-anidar-a-las-aves\/\",\"url\":\"https:\/\/test.celebrateurbanbirds.org\/es\/aprende\/jardineria\/ofreciendo-materiales-y-cajas-para-anidar-a-las-aves\/\",\"name\":\"Ofreciendo Materiales y Cajas para Anidar | Celebrate Urban Birds\",\"isPartOf\":{\"@id\":\"https:\/\/test.celebrateurbanbirds.org\/#website\"},\"primaryImageOfPage\":{\"@id\":\"https:\/\/test.celebrateurbanbirds.org\/es\/aprende\/jardineria\/ofreciendo-materiales-y-cajas-para-anidar-a-las-aves\/#primaryimage\"},\"image\":{\"@id\":\"https:\/\/test.celebrateurbanbirds.org\/es\/aprende\/jardineria\/ofreciendo-materiales-y-cajas-para-anidar-a-las-aves\/#primaryimage\"},\"thumbnailUrl\":\"https:\/\/test.celebrateurbanbirds.org\/wp-content\/uploads\/2012\/10\/14.-Dawna-VanOverschelde_SD1.jpg\",\"datePublished\":\"2012-10-04T13:51:34+00:00\",\"dateModified\":\"2013-08-02T13:01:46+00:00\",\"breadcrumb\":{\"@id\":\"https:\/\/test.celebrateurbanbirds.org\/es\/aprende\/jardineria\/ofreciendo-materiales-y-cajas-para-anidar-a-las-aves\/#breadcrumb\"},\"inLanguage\":\"es-ES\",\"potentialAction\":[{\"@type\":\"ReadAction\",\"target\":[\"https:\/\/test.celebrateurbanbirds.org\/es\/aprende\/jardineria\/ofreciendo-materiales-y-cajas-para-anidar-a-las-aves\/\"]}]},{\"@type\":\"ImageObject\",\"inLanguage\":\"es-ES\",\"@id\":\"https:\/\/test.celebrateurbanbirds.org\/es\/aprende\/jardineria\/ofreciendo-materiales-y-cajas-para-anidar-a-las-aves\/#primaryimage\",\"url\":\"https:\/\/test.celebrateurbanbirds.org\/wp-content\/uploads\/2012\/10\/14.-Dawna-VanOverschelde_SD1.jpg\",\"contentUrl\":\"https:\/\/test.celebrateurbanbirds.org\/wp-content\/uploads\/2012\/10\/14.-Dawna-VanOverschelde_SD1.jpg\",\"width\":576,\"height\":432,\"caption\":\"Chicks calling for food with their fully open beaks at their nest\"},{\"@type\":\"BreadcrumbList\",\"@id\":\"https:\/\/test.celebrateurbanbirds.org\/es\/aprende\/jardineria\/ofreciendo-materiales-y-cajas-para-anidar-a-las-aves\/#breadcrumb\",\"itemListElement\":[{\"@type\":\"ListItem\",\"position\":1,\"name\":\"Home\",\"item\":\"https:\/\/test.celebrateurbanbirds.org\/\"},{\"@type\":\"ListItem\",\"position\":2,\"name\":\"Aprende\",\"item\":\"https:\/\/test.celebrateurbanbirds.org\/es\/aprende\/\"},{\"@type\":\"ListItem\",\"position\":3,\"name\":\"Jardiner\u00eda\",\"item\":\"https:\/\/test.celebrateurbanbirds.org\/es\/aprende\/jardineria\/\"},{\"@type\":\"ListItem\",\"position\":4,\"name\":\"Ofreciendo Materiales y Cajas para Anidar\"}]},{\"@type\":\"WebSite\",\"@id\":\"https:\/\/test.celebrateurbanbirds.org\/#website\",\"url\":\"https:\/\/test.celebrateurbanbirds.org\/\",\"name\":\"Celebrate Urban Birds\",\"description\":\"We&#039;re All Close To Birds!\",\"potentialAction\":[{\"@type\":\"SearchAction\",\"target\":{\"@type\":\"EntryPoint\",\"urlTemplate\":\"https:\/\/test.celebrateurbanbirds.org\/?s={search_term_string}\"},\"query-input\":{\"@type\":\"PropertyValueSpecification\",\"valueRequired\":true,\"valueName\":\"search_term_string\"}}],\"inLanguage\":\"es-ES\"}]}<\/script>\n<!-- \/ Yoast SEO plugin. -->","yoast_head_json":{"title":"Ofreciendo Materiales y Cajas para Anidar | Celebrate Urban Birds","robots":{"index":"index","follow":"follow","max-snippet":"max-snippet:-1","max-image-preview":"max-image-preview:large","max-video-preview":"max-video-preview:-1"},"canonical":"https:\/\/test.celebrateurbanbirds.org\/es\/aprende\/jardineria\/ofreciendo-materiales-y-cajas-para-anidar-a-las-aves\/","og_locale":"es_ES","og_type":"article","og_title":"Ofreciendo Materiales y Cajas para Anidar | Celebrate Urban Birds","og_description":"Una manera excelente de atraer aves a tu barrio es ofreci\u00e9ndoles alguna estructura o materiales para que aniden, o instalando cajas nido, conocidas tambi\u00e9n como pajareras. La madera sin tratar es lo mejor para hacer cajas nido, las que deben tener hoyos para una ventilaci\u00f3n adecuada, techos inclinados para la lluvia, murallas interiores \u00e1speras para que los polluelos puedan trepar, y buenos agujeros en su base para el drenaje. Estructuras y canastas para anidar Para atraer a p\u00e1jaros que no anidan en hoyos, puedes ofrecer materiales o estructuras para que estas aves construyan sus nidos. Para los Mirlos Primavera y...","og_url":"https:\/\/test.celebrateurbanbirds.org\/es\/aprende\/jardineria\/ofreciendo-materiales-y-cajas-para-anidar-a-las-aves\/","og_site_name":"Celebrate Urban Birds","article_publisher":"https:\/\/www.facebook.com\/CelebrateBirds\/","article_modified_time":"2013-08-02T13:01:46+00:00","og_image":[{"width":576,"height":432,"url":"https:\/\/test.celebrateurbanbirds.org\/wp-content\/uploads\/2012\/10\/14.-Dawna-VanOverschelde_SD1.jpg","type":"image\/jpeg"}],"twitter_card":"summary_large_image","twitter_site":"@celebratebirds","twitter_misc":{"Est. reading time":"6 minutes"},"schema":{"@context":"https:\/\/schema.org","@graph":[{"@type":"WebPage","@id":"https:\/\/test.celebrateurbanbirds.org\/es\/aprende\/jardineria\/ofreciendo-materiales-y-cajas-para-anidar-a-las-aves\/","url":"https:\/\/test.celebrateurbanbirds.org\/es\/aprende\/jardineria\/ofreciendo-materiales-y-cajas-para-anidar-a-las-aves\/","name":"Ofreciendo Materiales y Cajas para Anidar | Celebrate Urban Birds","isPartOf":{"@id":"https:\/\/test.celebrateurbanbirds.org\/#website"},"primaryImageOfPage":{"@id":"https:\/\/test.celebrateurbanbirds.org\/es\/aprende\/jardineria\/ofreciendo-materiales-y-cajas-para-anidar-a-las-aves\/#primaryimage"},"image":{"@id":"https:\/\/test.celebrateurbanbirds.org\/es\/aprende\/jardineria\/ofreciendo-materiales-y-cajas-para-anidar-a-las-aves\/#primaryimage"},"thumbnailUrl":"https:\/\/test.celebrateurbanbirds.org\/wp-content\/uploads\/2012\/10\/14.-Dawna-VanOverschelde_SD1.jpg","datePublished":"2012-10-04T13:51:34+00:00","dateModified":"2013-08-02T13:01:46+00:00","breadcrumb":{"@id":"https:\/\/test.celebrateurbanbirds.org\/es\/aprende\/jardineria\/ofreciendo-materiales-y-cajas-para-anidar-a-las-aves\/#breadcrumb"},"inLanguage":"es-ES","potentialAction":[{"@type":"ReadAction","target":["https:\/\/test.celebrateurbanbirds.org\/es\/aprende\/jardineria\/ofreciendo-materiales-y-cajas-para-anidar-a-las-aves\/"]}]},{"@type":"ImageObject","inLanguage":"es-ES","@id":"https:\/\/test.celebrateurbanbirds.org\/es\/aprende\/jardineria\/ofreciendo-materiales-y-cajas-para-anidar-a-las-aves\/#primaryimage","url":"https:\/\/test.celebrateurbanbirds.org\/wp-content\/uploads\/2012\/10\/14.-Dawna-VanOverschelde_SD1.jpg","contentUrl":"https:\/\/test.celebrateurbanbirds.org\/wp-content\/uploads\/2012\/10\/14.-Dawna-VanOverschelde_SD1.jpg","width":576,"height":432,"caption":"Chicks calling for food with their fully open beaks at their nest"},{"@type":"BreadcrumbList","@id":"https:\/\/test.celebrateurbanbirds.org\/es\/aprende\/jardineria\/ofreciendo-materiales-y-cajas-para-anidar-a-las-aves\/#breadcrumb","itemListElement":[{"@type":"ListItem","position":1,"name":"Home","item":"https:\/\/test.celebrateurbanbirds.org\/"},{"@type":"ListItem","position":2,"name":"Aprende","item":"https:\/\/test.celebrateurbanbirds.org\/es\/aprende\/"},{"@type":"ListItem","position":3,"name":"Jardiner\u00eda","item":"https:\/\/test.celebrateurbanbirds.org\/es\/aprende\/jardineria\/"},{"@type":"ListItem","position":4,"name":"Ofreciendo Materiales y Cajas para Anidar"}]},{"@type":"WebSite","@id":"https:\/\/test.celebrateurbanbirds.org\/#website","url":"https:\/\/test.celebrateurbanbirds.org\/","name":"Celebrate Urban Birds","description":"We&#039;re All Close To Birds!","potentialAction":[{"@type":"SearchAction","target":{"@type":"EntryPoint","urlTemplate":"https:\/\/test.celebrateurbanbirds.org\/?s={search_term_string}"},"query-input":{"@type":"PropertyValueSpecification","valueRequired":true,"valueName":"search_term_string"}}],"inLanguage":"es-ES"}]}},"_links":{"self":[{"href":"https:\/\/test.celebrateurbanbirds.org\/es\/wp-json\/wp\/v2\/pages\/1273","targetHints":{"allow":["GET"]}}],"collection":[{"href":"https:\/\/test.celebrateurbanbirds.org\/es\/wp-json\/wp\/v2\/pages"}],"about":[{"href":"https:\/\/test.celebrateurbanbirds.org\/es\/wp-json\/wp\/v2\/types\/page"}],"author":[{"embeddable":true,"href":"https:\/\/test.celebrateurbanbirds.org\/es\/wp-json\/wp\/v2\/users\/4"}],"replies":[{"embeddable":true,"href":"https:\/\/test.celebrateurbanbirds.org\/es\/wp-json\/wp\/v2\/comments?post=1273"}],"version-history":[{"count":0,"href":"https:\/\/test.celebrateurbanbirds.org\/es\/wp-json\/wp\/v2\/pages\/1273\/revisions"}],"up":[{"embeddable":true,"href":"https:\/\/test.celebrateurbanbirds.org\/es\/wp-json\/wp\/v2\/pages\/32"}],"wp:featuredmedia":[{"embeddable":true,"href":"https:\/\/test.celebrateurbanbirds.org\/es\/wp-json\/wp\/v2\/media\/1629"}],"wp:attachment":[{"href":"https:\/\/test.celebrateurbanbirds.org\/es\/wp-json\/wp\/v2\/media?parent=1273"}],"curies":[{"name":"wp","href":"https:\/\/api.w.org\/{rel}","templated":true}]}}